{"id":110441,"date":"2025-05-16T07:32:29","date_gmt":"2025-05-16T07:32:29","guid":{"rendered":"https:\/\/www.rocatiles.com\/?page_id=110441"},"modified":"2025-06-06T12:22:06","modified_gmt":"2025-06-06T12:22:06","slug":"informacion-centro-logistico-y-carga","status":"publish","type":"page","link":"https:\/\/www.rocatiles.com\/es\/informacion-centro-logistico-y-carga\/","title":{"rendered":"Informaci\u00f3n centro log\u00edstico y carga"},"content":{"rendered":"<p>[vc_row][vc_column][vc_raw_html]JTNDc2VjdGlvbiUyMGNsYXNzJTNEJTIyZGVzY2FyZ2EtZGlzdHJpYnVpZG9yJTIyJTNFJTBBJTIwJTIwJTIwJTIwJTNDZGl2JTIwY2xhc3MlM0QlMjJjb250YWluZXIyJTIyJTNFJTBBJTIwJTIwJTIwJTIwJTIwJTIwJTIwJTIwJTNDZGl2JTIwY2xhc3MlM0QlMjJyb3clMjB3cmFwcGVyLWRlc2NhcmdhJTIwdGV4dC1lbmQlMjIlMjAlM0UlMEElMjAlMjAlMjAlMjAlMjAlMjAlMjAlMjAlMjAlMjAlMjAlMjAlM0NkaXYlMjBjbGFzcyUzRCUyMmNvbC0xMiUyMiUzRSUwQSUyMCUyMCUyMCUyMCUyMCUyMCUyMCUyMCUyMCUyMCUyMCUyMCUyMCUyMCUyMCUyMCUzQ2RpdiUyMGNsYXNzJTNEJTIyd3JhcHBlci10ZXh0JTIyJTNFJTBBJTIwJTIwJTIwJTIwJTIwJTIwJTIwJTIwJTIwJTIwJTIwJTIwJTIwJTIwJTIwJTIwJTIwJTIwJTIwJTIwJTNDaDIlM0VDZW50cmFsaXphY2klQzMlQjNuJTIwZGUlMjBPcGVyYXRpdmElMjBMb2clQzMlQURzdGljYSUyMCUzQ2JyJTIwJTJGJTNFJTIwTnVldm8lMjBDZW50cm8lMjBkZSUyMENhcmdhJTNDJTJGaDIlM0UlMEElMjAlMjAlMjAlMjAlMjAlMjAlMjAlMjAlMjAlMjAlMjAlMjAlMjAlMjAlMjAlMjAlMjAlMjAlMjAlMjAlM0NwJTNFQ29uJTIwZWwlMjBvYmpldGl2byUyMGRlJTIwb2ZyZWNlciUyMHVuJTIwc2VydmljaW8lMjBkZSUyMGNhcmdhJTIwbSVDMyVBMXMlMjAlQzMlQTFnaWwlMjB5JTIwZWZpY2llbnRlJTJDJTIwaGVtb3MlMjBjZW50cmFsaXphZG8lMjB0b2RhJTIwbnVlc3RyYSUyMG9wZXJhdGl2YSUyMGxvZyVDMyVBRHN0aWNhJTIwanVudG8lMjBhJTIwbnVlc3RybyUyMGNlbnRybyUyMGRlJTIwcHJvZHVjY2klQzMlQjNuLiUzQyUyRnAlM0UlMEElM0NwJTNFQSUyMHBhcnRpciUyMGRlJTIwYWhvcmElMkMlMjAlM0NiJTNFdG9kYXMlMjBsYXMlMjBjYXJnYXMlMjBzZSUyMHJlYWxpemFyJUMzJUExbiUyMGV4Y2x1c2l2YW1lbnRlJTIwZGVzZGUlMjBudWVzdHJvJTIwY2VudHJvJTIwbG9nJUMzJUFEc3RpY28lMjBlbiUyMFZpbGFmYW0lQzMlQTlzJTJGVmFsbCUyMGQlRTIlODAlOTlBbGJhLiUzQyUyRmIlM0UlMEElM0MlMkZwJTNFJTBBJTNDcCUzRUFncmFkZWNlbW9zJTIwc3UlMjBjb2xhYm9yYWNpJUMzJUIzbiUyMHklMjBxdWVkYW1vcyUyMGElMjBzdSUyMGRpc3Bvc2ljaSVDMyVCM24lMjBwYXJhJTIwY3VhbHF1aWVyJTIwY29uc3VsdGEuJTNDJTJGcCUzRSUwQSUyMCUyMCUyMCUyMCUyMCUyMCUyMCUyMCUyMCUyMCUyMCUyMCUyMCUyMCUyMCUyMCUzQyUyRmRpdiUzRSUwQSUyMCUyMCUyMCUyMCUyMCUyMCUyMCUyMCUyMCUyMCUyMCUyMCUzQyUyRmRpdiUzRSUwQSUwOSUwOSUzQyUyRmRpdiUzRSUwQSUyMCUyMCUyMCUyMCUzQyUyRmRpdiUzRSUwQSUzQyUyRnNlY3Rpb24lM0U=[\/vc_raw_html][\/vc_column][\/vc_row][vc_row full_width=\u00bbstretch_row_content_no_spaces\u00bb mobile_bg_img_hidden=\u00bbno\u00bb tablet_bg_img_hidden=\u00bbno\u00bb woodmart_parallax=\u00bb0&#8243; woodmart_gradient_switch=\u00bbno\u00bb row_reverse_mobile=\u00bb0&#8243; row_reverse_tablet=\u00bb0&#8243; woodmart_disable_overflow=\u00bb0&#8243;][vc_column][vc_raw_html]JTNDc2VjdGlvbiUyMGNsYXNzJTNEJTIyZGVzY2FyZ2EtZGlzdHJpYnVpZG9yJTIyJTNFJTBBJTIwJTIwJTIwJTIwJTNDZGl2JTIwY2xhc3MlM0QlMjJjb250YWluZXIyJTIyJTNFJTBBJTIwJTIwJTIwJTIwJTIwJTIwJTIwJTIwJTNDZGl2JTIwY2xhc3MlM0QlMjJyb3clMjB3cmFwcGVyLWRlc2NhcmdhJTIyJTIwc3R5bGUlM0QlMjJhbGlnbi1pdGVtcyUzQSUyMGNlbnRlciUzQiUyMGJvcmRlci1ib3R0b20lM0ElMjAxcHglMjBzb2xpZCUyMGJsYWNrJTNCJTIyJTNFJTBBJTIwJTIwJTIwJTIwJTIwJTIwJTIwJTIwJTIwJTIwJTIwJTIwJTNDZGl2JTIwY2xhc3MlM0QlMjJjb2wtbGctMiUyMGNvbC0xMiUyMiUzRSUyMCUzQyUyRmRpdiUzRSUwQSUwQSUyMCUyMCUyMCUyMCUyMCUyMCUyMCUyMCUyMCUyMCUyMCUyMCUzQ2RpdiUyMGNsYXNzJTNEJTIyY29sLWxnLTQlMjBjb2wtMTIlMjIlM0UlMjAlMEElMjAlMjAlMjAlMjAlMjAlMjAlMjAlMjAlMjAlMjAlMjAlMjAlMjAlMjAlMjAlMjAlM0NjZW50ZXIlM0UlM0NpbWclMjBzcmMlM0QlMjIlMkZ3cC1jb250ZW50JTJGdXBsb2FkcyUyRjIwMjUlMkYwNSUyRmljb25vLWNhbWlvbi5wbmclMjIlMjB3aWR0aCUzRCUyMjMwMCUyMiUyMCUyRiUzRSUzQyUyRmNlbnRlciUzRSUwQSUwOSUwOSUyMCUyMCUyMCUyMCUzQyUyRmRpdiUzRSUwQSUyMCUyMCUyMCUyMCUyMCUyMCUyMCUyMCUyMCUyMCUyMCUyMCUwQSUyMCUyMCUyMCUyMCUyMCUyMCUyMCUyMCUyMCUyMCUyMCUyMCUzQ2RpdiUyMGNsYXNzJTNEJTIyY29sLWxnLTQlMjBjb2wtMTIlMjIlM0UlMEElMjAlMjAlMjAlMjAlMjAlMjAlMjAlMjAlMjAlMjAlMjAlMjAlMjAlMjAlMjAlMjAlM0NkaXYlMjBjbGFzcyUzRCUyMndyYXBwZXItdGV4dCUyMiUyMHN0eWxlJTNEJTIycGFkZGluZy10b3AlM0ElMjAwcHglM0IlMjIlM0UlMEElMjAlMjAlMjAlMjAlMjAlMjAlMjAlMjAlMjAlMjAlMjAlMjAlMjAlMjAlMjAlMjAlMjAlMjAlMjAlMjAlM0NoMyUyMHN0eWxlJTNEJTIyZm9udC1zaXplJTNBJTIwMmVtJTNCJTIwZm9udC13ZWlnaHQlM0ElMjBib2xkJTIyJTNFQ2VudHJvJTIwTG9nJUMzJUFEc3RpY28lMjB5JTIwcmVjb2dpZGElMjBSb2NhJTIwVGlsZXMlM0MlMkZoMyUzRSUwQSUyMCUyMCUyMCUyMCUyMCUyMCUyMCUyMCUyMCUyMCUyMCUyMCUyMCUyMCUyMCUyMCUyMCUyMCUyMCUyMCUzQ3AlM0VMYSUyMEVtcGVyYWRvcmElM0NiciUyMCUyRiUzRSUwQSUyMCUyMCUyMCUyMCUyMCUyMCUyMCUyMCUyMCUyMCUyMCUyMCUyMCUyMCUyMCUyMCUyMCUyMCUyMCUyMFBvbCVDMyVBRGdvbm8lMjBJbmR1c3RyaWFsJTIwSSUyQyUyMDMzJTNDYnIlMjAlMkYlM0UlMEElMjAlMjAlMjAlMjAlMjAlMjAlMjAlMjAlMjAlMjAlMjAlMjAlMjAlMjAlMjAlMjAlMjAlMjAlMjAlMjAxMjE5MiUyMFZpbGxhZmFtJUMzJUE5cyUyQyUyMENhc3RlbGwlQzMlQjNuJTNDJTJGcCUzRSUwQSUyMCUyMCUyMCUyMCUyMCUyMCUyMCUyMCUyMCUyMCUyMCUyMCUyMCUyMCUyMCUyMCUyMCUyMCUyMCUyMCUzQ3AlM0UlM0NhJTIwaHJlZiUzRCUyMmh0dHBzJTNBJTJGJTJGd3d3Lmdvb2dsZS5jb20lMkZtYXBzJTJGcGxhY2UlMkZST0NBJTJCVElMRVMlMkJTcGFpbiUyQi0lMkJDZW50cm8lMkJMb2clMjVDMyUyNUFEc3RpY28lMkYlNDA0MC4xMjc3OTglMkMtMC4wMjMxNTQlMkMxN3olMkZkYXRhJTNEJTIxM20xJTIxNGIxJTIxNG02JTIxM201JTIxMXMweGQ1ZmY5ZTg4ZTRjMzYwZiUzQTB4MzMzZThmOTgwMDMxZWY1NCUyMThtMiUyMTNkNDAuMTI3Nzk4JTIxNGQtMC4wMjMxNTQlMjExNnMlMjUyRmclMjUyRjExeGZycXZzbmolM0ZlbnRyeSUzRHR0dSUyNmdfZXAlM0RFZ295TURJMU1EWXdNeTR3SUtYTURTb0FTQUZRQXclMjUzRCUyNTNEJTIyJTIwdGFyZ2V0JTNEJTIyX2JsYW5rJTIyJTNFJTNDaSUyMGNsYXNzJTNEJTIyZmElMjBmYS1tYXAtbWFya2VyJTIyJTIwYXJpYS1oaWRkZW4lM0QlMjJ0cnVlJTIyJTNFJTNDJTJGaSUzRSUyMFZlciUyMHViaWNhY2klQzMlQjNuJTIwZW4lMjBHb29nbGUlMjBNYXBzJTNDJTJGYSUzRSUzQyUyRnAlM0UlMEElMjAlMjAlMjAlMjAlMjAlMjAlMjAlMjAlMjAlMjAlMjAlMjAlMjAlMjAlMjAlMjAlM0MlMkZkaXYlM0UlMEElMjAlMjAlMjAlMjAlMjAlMjAlMjAlMjAlMjAlMjAlMjAlMjAlM0MlMkZkaXYlM0UlMEElMDklMjAlMjAlMjAlMjAlMjAlMjAlMjAlMjAlMjAlMjAlMjAlMjAlMjAlMjAlMjAlMjAlMEElMjAlMjAlMjAlMjAlMjAlMjAlMjAlMjAlMjAlMjAlMjAlMjAlM0NkaXYlMjBjbGFzcyUzRCUyMmNvbC1sZy0yJTIwY29sLTEyJTIyJTNFJTIwJTNDJTJGZGl2JTNFJTIwJTBBJTBBJTIwJTIwJTIwJTIwJTIwJTIwJTIwJTIwJTNDJTJGZGl2JTNFJTBBJTIwJTIwJTIwJTIwJTNDJTJGZGl2JTNFJTBBJTNDJTJGc2VjdGlvbiUzRQ==[\/vc_raw_html][\/vc_column][\/vc_row]<\/p>\n","protected":false},"excerpt":{"rendered":"<p>[vc_row][vc_column][vc_raw_html]JTNDc2VjdGlvbiUyMGNsYXNzJTNEJTIyZGVzY2FyZ2EtZGlzdHJpYnVpZG9yJTIyJTNFJTBBJTIwJTIwJTIwJTIwJTNDZGl2JTIwY2xhc3MlM0QlMjJjb250YWluZXIyJTIyJTNFJTBBJTIwJTIwJTIwJTIwJTIwJTIwJTIwJTIwJTNDZGl2JTIwY2xhc3MlM0QlMjJyb3clMjB3cmFwcGVyLWRlc2NhcmdhJTIwdGV4dC1lbmQlMjIlMjAlM0UlMEElMjAlMjAlMjAlMjAlMjAlMjAlMjAlMjAlMjAlMjAlMjAlMjAlM0NkaXYlMjBjbGFzcyUzRCUyMmNvbC0xMiUyMiUzRSUwQSUyMCUyMCUyMCUyMCUyMCUyMCUyMCUyMCUyMCUyMCUyMCUyMCUyMCUyMCUyMCUyMCUzQ2RpdiUyMGNsYXNzJTNEJTIyd3JhcHBlci10ZXh0JTIyJTNFJTBBJTIwJTIwJTIwJTIwJTIwJTIwJTIwJTIwJTIwJTIwJTIwJTIwJTIwJTIwJTIwJTIwJTIwJTIwJTIwJTIwJTNDaDIlM0VDZW50cmFsaXphY2klQzMlQjNuJTIwZGUlMjBPcGVyYXRpdmElMjBMb2clQzMlQURzdGljYSUyMCUzQ2JyJTIwJTJGJTNFJTIwTnVldm8lMjBDZW50cm8lMjBkZSUyMENhcmdhJTNDJTJGaDIlM0UlMEElMjAlMjAlMjAlMjAlMjAlMjAlMjAlMjAlMjAlMjAlMjAlMjAlMjAlMjAlMjAlMjAlMjAlMjAlMjAlMjAlM0NwJTNFQ29uJTIwZWwlMjBvYmpldGl2byUyMGRlJTIwb2ZyZWNlciUyMHVuJTIwc2VydmljaW8lMjBkZSUyMGNhcmdhJTIwbSVDMyVBMXMlMjAlQzMlQTFnaWwlMjB5JTIwZWZpY2llbnRlJTJDJTIwaGVtb3MlMjBjZW50cmFsaXphZG8lMjB0b2RhJTIwbnVlc3RyYSUyMG9wZXJhdGl2YSUyMGxvZyVDMyVBRHN0aWNhJTIwanVudG8lMjBhJTIwbnVlc3RybyUyMGNlbnRybyUyMGRlJTIwcHJvZHVjY2klQzMlQjNuLiUzQyUyRnAlM0UlMEElM0NwJTNFQSUyMHBhcnRpciUyMGRlJTIwYWhvcmElMkMlMjAlM0NiJTNFdG9kYXMlMjBsYXMlMjBjYXJnYXMlMjBzZSUyMHJlYWxpemFyJUMzJUExbiUyMGV4Y2x1c2l2YW1lbnRlJTIwZGVzZGUlMjBudWVzdHJvJTIwY2VudHJvJTIwbG9nJUMzJUFEc3RpY28lMjBlbiUyMFZpbGFmYW0lQzMlQTlzJTJGVmFsbCUyMGQlRTIlODAlOTlBbGJhLiUzQyUyRmIlM0UlMEElM0MlMkZwJTNFJTBBJTNDcCUzRUFncmFkZWNlbW9zJTIwc3UlMjBjb2xhYm9yYWNpJUMzJUIzbiUyMHklMjBxdWVkYW1vcyUyMGElMjBzdSUyMGRpc3Bvc2ljaSVDMyVCM24lMjBwYXJhJTIwY3VhbHF1aWVyJTIwY29uc3VsdGEuJTNDJTJGcCUzRSUwQSUyMCUyMCUyMCUyMCUyMCUyMCUyMCUyMCUyMCUyMCUyMCUyMCUyMCUyMCUyMCUyMCUzQyUyRmRpdiUzRSUwQSUyMCUyMCUyMCUyMCUyMCUyMCUyMCUyMCUyMCUyMCUyMCUyMCUzQyUyRmRpdiUzRSUwQSUwOSUwOSUzQyUyRmRpdiUzRSUwQSUyMCUyMCUyMCUyMCUzQyUyRmRpdiUzRSUwQSUzQyUyRnNlY3Rpb24lM0U=[\/vc_raw_html][\/vc_column][\/vc_row][vc_row full_width=\u00bbstretch_row_content_no_spaces\u00bb mobile_bg_img_hidden=\u00bbno\u00bb tablet_bg_img_hidden=\u00bbno\u00bb woodmart_parallax=\u00bb0&#8243; woodmart_gradient_switch=\u00bbno\u00bb row_reverse_mobile=\u00bb0&#8243; row_reverse_tablet=\u00bb0&#8243; woodmart_disable_overflow=\u00bb0&#8243;][vc_column][vc_raw_html]JTNDc2VjdGlvbiUyMGNsYXNzJTNEJTIyZGVzY2FyZ2EtZGlzdHJpYnVpZG9yJTIyJTNFJTBBJTIwJTIwJTIwJTIwJTNDZGl2JTIwY2xhc3MlM0QlMjJjb250YWluZXIyJTIyJTNFJTBBJTIwJTIwJTIwJTIwJTIwJTIwJTIwJTIwJTNDZGl2JTIwY2xhc3MlM0QlMjJyb3clMjB3cmFwcGVyLWRlc2NhcmdhJTIyJTIwc3R5bGUlM0QlMjJhbGlnbi1pdGVtcyUzQSUyMGNlbnRlciUzQiUyMGJvcmRlci1ib3R0b20lM0ElMjAxcHglMjBzb2xpZCUyMGJsYWNrJTNCJTIyJTNFJTBBJTIwJTIwJTIwJTIwJTIwJTIwJTIwJTIwJTIwJTIwJTIwJTIwJTNDZGl2JTIwY2xhc3MlM0QlMjJjb2wtbGctMiUyMGNvbC0xMiUyMiUzRSUyMCUzQyUyRmRpdiUzRSUwQSUwQSUyMCUyMCUyMCUyMCUyMCUyMCUyMCUyMCUyMCUyMCUyMCUyMCUzQ2RpdiUyMGNsYXNzJTNEJTIyY29sLWxnLTQlMjBjb2wtMTIlMjIlM0UlMjAlMEElMjAlMjAlMjAlMjAlMjAlMjAlMjAlMjAlMjAlMjAlMjAlMjAlMjAlMjAlMjAlMjAlM0NjZW50ZXIlM0UlM0NpbWclMjBzcmMlM0QlMjIlMkZ3cC1jb250ZW50JTJGdXBsb2FkcyUyRjIwMjUlMkYwNSUyRmljb25vLWNhbWlvbi5wbmclMjIlMjB3aWR0aCUzRCUyMjMwMCUyMiUyMCUyRiUzRSUzQyUyRmNlbnRlciUzRSUwQSUwOSUwOSUyMCUyMCUyMCUyMCUzQyUyRmRpdiUzRSUwQSUyMCUyMCUyMCUyMCUyMCUyMCUyMCUyMCUyMCUyMCUyMCUyMCUwQSUyMCUyMCUyMCUyMCUyMCUyMCUyMCUyMCUyMCUyMCUyMCUyMCUzQ2RpdiUyMGNsYXNzJTNEJTIyY29sLWxnLTQlMjBjb2wtMTIlMjIlM0UlMEElMjAlMjAlMjAlMjAlMjAlMjAlMjAlMjAlMjAlMjAlMjAlMjAlMjAlMjAlMjAlMjAlM0NkaXYlMjBjbGFzcyUzRCUyMndyYXBwZXItdGV4dCUyMiUyMHN0eWxlJTNEJTIycGFkZGluZy10b3AlM0ElMjAwcHglM0IlMjIlM0UlMEElMjAlMjAlMjAlMjAlMjAlMjAlMjAlMjAlMjAlMjAlMjAlMjAlMjAlMjAlMjAlMjAlMjAlMjAlMjAlMjAlM0NoMyUyMHN0eWxlJTNEJTIyZm9udC1zaXplJTNBJTIwMmVtJTNCJTIwZm9udC13ZWlnaHQlM0ElMjBib2xkJTIyJTNFQ2VudHJvJTIwTG9nJUMzJUFEc3RpY28lMjB5JTIwcmVjb2dpZGElMjBSb2NhJTIwVGlsZXMlM0MlMkZoMyUzRSUwQSUyMCUyMCUyMCUyMCUyMCUyMCUyMCUyMCUyMCUyMCUyMCUyMCUyMCUyMCUyMCUyMCUyMCUyMCUyMCUyMCUzQ3AlM0VMYSUyMEVtcGVyYWRvcmElM0NiciUyMCUyRiUzRSUwQSUyMCUyMCUyMCUyMCUyMCUyMCUyMCUyMCUyMCUyMCUyMCUyMCUyMCUyMCUyMCUyMCUyMCUyMCUyMCUyMFBvbCVDMyVBRGdvbm8lMjBJbmR1c3RyaWFsJTIwSSUyQyUyMDMzJTNDYnIlMjAlMkYlM0UlMEElMjAlMjAlMjAlMjAlMjAlMjAlMjAlMjAlMjAlMjAlMjAlMjAlMjAlMjAlMjAlMjAlMjAlMjAlMjAlMjAxMjE5MiUyMFZpbGxhZmFtJUMzJUE5cyUyQyUyMENhc3RlbGwlQzMlQjNuJTNDJTJGcCUzRSUwQSUyMCUyMCUyMCUyMCUyMCUyMCUyMCUyMCUyMCUyMCUyMCUyMCUyMCUyMCUyMCUyMCUyMCUyMCUyMCUyMCUzQ3AlM0UlM0NhJTIwaHJlZiUzRCUyMmh0dHBzJTNBJTJGJTJGd3d3Lmdvb2dsZS5jb20lMkZtYXBzJTJGcGxhY2UlMkZST0NBJTJCVElMRVMlMkJTcGFpbiUyQi0lMkJDZW50cm8lMkJMb2clMjVDMyUyNUFEc3RpY28lMkYlNDA0MC4xMjc3OTglMkMtMC4wMjMxNTQlMkMxN3olMkZkYXRhJTNEJTIxM20xJTIxNGIxJTIxNG02JTIxM201JTIxMXMweGQ1ZmY5ZTg4ZTRjMzYwZiUzQTB4MzMzZThmOTgwMDMxZWY1NCUyMThtMiUyMTNkNDAuMTI3Nzk4JTIxNGQtMC4wMjMxNTQlMjExNnMlMjUyRmclMjUyRjExeGZycXZzbmolM0ZlbnRyeSUzRHR0dSUyNmdfZXAlM0RFZ295TURJMU1EWXdNeTR3SUtYTURTb0FTQUZRQXclMjUzRCUyNTNEJTIyJTIwdGFyZ2V0JTNEJTIyX2JsYW5rJTIyJTNFJTNDaSUyMGNsYXNzJTNEJTIyZmElMjBmYS1tYXAtbWFya2VyJTIyJTIwYXJpYS1oaWRkZW4lM0QlMjJ0cnVlJTIyJTNFJTNDJTJGaSUzRSUyMFZlciUyMHViaWNhY2klQzMlQjNuJTIwZW4lMjBHb29nbGUlMjBNYXBzJTNDJTJGYSUzRSUzQyUyRnAlM0UlMEElMjAlMjAlMjAlMjAlMjAlMjAlMjAlMjAlMjAlMjAlMjAlMjAlMjAlMjAlMjAlMjAlM0MlMkZkaXYlM0UlMEElMjAlMjAlMjAlMjAlMjAlMjAlMjAlMjAlMjAlMjAlMjAlMjAlM0MlMkZkaXYlM0UlMEElMDklMjAlMjAlMjAlMjAlMjAlMjAlMjAlMjAlMjAlMjAlMjAlMjAlMjAlMjAlMjAlMjAlMEElMjAlMjAlMjAlMjAlMjAlMjAlMjAlMjAlMjAlMjAlMjAlMjAlM0NkaXYlMjBjbGFzcyUzRCUyMmNvbC1sZy0yJTIwY29sLTEyJTIyJTNFJTIwJTNDJTJGZGl2JTNFJTIwJTBBJTBBJTIwJTIwJTIwJTIwJTIwJTIwJTIwJTIwJTNDJTJGZGl2JTNFJTBBJTIwJTIwJTIwJTIwJTNDJTJGZGl2JTNFJTBBJTNDJTJGc2VjdGlvbiUzRQ==[\/vc_raw_html][\/vc_column][\/vc_row]<\/p>\n","protected":false},"author":17,"featured_media":0,"parent":0,"menu_order":0,"comment_status":"closed","ping_status":"closed","template":"","meta":[],"yoast_head":"<!-- This site is optimized with the Yoast SEO Premium plugin v16.4 (Yoast SEO v16.4) - https:\/\/yoast.com\/wordpress\/plugins\/seo\/ -->\n<title>Informaci\u00f3n centro log\u00edstico y carga - Roca Cer\u00e1mica<\/title>\n<meta name=\"robots\" content=\"index, follow, max-snippet:-1, max-image-preview:large, max-video-preview:-1\" \/>\n<link rel=\"canonical\" href=\"https:\/\/www.rocatiles.com\/es\/informacion-centro-logistico-y-carga\/\" \/>\n<meta property=\"og:locale\" content=\"es_ES\" \/>\n<meta property=\"og:type\" content=\"article\" \/>\n<meta property=\"og:title\" content=\"Informaci\u00f3n centro log\u00edstico y carga - Roca Cer\u00e1mica\" \/>\n<meta property=\"og:description\" content=\"[vc_row][vc_column][vc_raw_html]JTNDc2VjdGlvbiUyMGNsYXNzJTNEJTIyZGVzY2FyZ2EtZGlzdHJpYnVpZG9yJTIyJTNFJTBBJTIwJTIwJTIwJTIwJTNDZGl2JTIwY2xhc3MlM0QlMjJjb250YWluZXIyJTIyJTNFJTBBJTIwJTIwJTIwJTIwJTIwJTIwJTIwJTIwJTNDZGl2JTIwY2xhc3MlM0QlMjJyb3clMjB3cmFwcGVyLWRlc2NhcmdhJTIwdGV4dC1lbmQlMjIlMjAlM0UlMEElMjAlMjAlMjAlMjAlMjAlMjAlMjAlMjAlMjAlMjAlMjAlMjAlM0NkaXYlMjBjbGFzcyUzRCUyMmNvbC0xMiUyMiUzRSUwQSUyMCUyMCUyMCUyMCUyMCUyMCUyMCUyMCUyMCUyMCUyMCUyMCUyMCUyMCUyMCUyMCUzQ2RpdiUyMGNsYXNzJTNEJTIyd3JhcHBlci10ZXh0JTIyJTNFJTBBJTIwJTIwJTIwJTIwJTIwJTIwJTIwJTIwJTIwJTIwJTIwJTIwJTIwJTIwJTIwJTIwJTIwJTIwJTIwJTIwJTNDaDIlM0VDZW50cmFsaXphY2klQzMlQjNuJTIwZGUlMjBPcGVyYXRpdmElMjBMb2clQzMlQURzdGljYSUyMCUzQ2JyJTIwJTJGJTNFJTIwTnVldm8lMjBDZW50cm8lMjBkZSUyMENhcmdhJTNDJTJGaDIlM0UlMEElMjAlMjAlMjAlMjAlMjAlMjAlMjAlMjAlMjAlMjAlMjAlMjAlMjAlMjAlMjAlMjAlMjAlMjAlMjAlMjAlM0NwJTNFQ29uJTIwZWwlMjBvYmpldGl2byUyMGRlJTIwb2ZyZWNlciUyMHVuJTIwc2VydmljaW8lMjBkZSUyMGNhcmdhJTIwbSVDMyVBMXMlMjAlQzMlQTFnaWwlMjB5JTIwZWZpY2llbnRlJTJDJTIwaGVtb3MlMjBjZW50cmFsaXphZG8lMjB0b2RhJTIwbnVlc3RyYSUyMG9wZXJhdGl2YSUyMGxvZyVDMyVBRHN0aWNhJTIwanVudG8lMjBhJTIwbnVlc3RybyUyMGNlbnRybyUyMGRlJTIwcHJvZHVjY2klQzMlQjNuLiUzQyUyRnAlM0UlMEElM0NwJTNFQSUyMHBhcnRpciUyMGRlJTIwYWhvcmElMkMlMjAlM0NiJTNFdG9kYXMlMjBsYXMlMjBjYXJnYXMlMjBzZSUyMHJlYWxpemFyJUMzJUExbiUyMGV4Y2x1c2l2YW1lbnRlJTIwZGVzZGUlMjBudWVzdHJvJTIwY2VudHJvJTIwbG9nJUMzJUFEc3RpY28lMjBlbiUyMFZpbGFmYW0lQzMlQTlzJTJGVmFsbCUyMGQlRTIlODAlOTlBbGJhLiUzQyUyRmIlM0UlMEElM0MlMkZwJTNFJTBBJTNDcCUzRUFncmFkZWNlbW9zJTIwc3UlMjBjb2xhYm9yYWNpJUMzJUIzbiUyMHklMjBxdWVkYW1vcyUyMGElMjBzdSUyMGRpc3Bvc2ljaSVDMyVCM24lMjBwYXJhJTIwY3VhbHF1aWVyJTIwY29uc3VsdGEuJTNDJTJGcCUzRSUwQSUyMCUyMCUyMCUyMCUyMCUyMCUyMCUyMCUyMCUyMCUyMCUyMCUyMCUyMCUyMCUyMCUzQyUyRmRpdiUzRSUwQSUyMCUyMCUyMCUyMCUyMCUyMCUyMCUyMCUyMCUyMCUyMCUyMCUzQyUyRmRpdiUzRSUwQSUwOSUwOSUzQyUyRmRpdiUzRSUwQSUyMCUyMCUyMCUyMCUzQyUyRmRpdiUzRSUwQSUzQyUyRnNlY3Rpb24lM0U=[\/vc_raw_html][\/vc_column][\/vc_row][vc_row full_width=\u00bbstretch_row_content_no_spaces\u00bb mobile_bg_img_hidden=\u00bbno\u00bb tablet_bg_img_hidden=\u00bbno\u00bb woodmart_parallax=\u00bb0&#8243; woodmart_gradient_switch=\u00bbno\u00bb row_reverse_mobile=\u00bb0&#8243; row_reverse_tablet=\u00bb0&#8243; woodmart_disable_overflow=\u00bb0&#8243;][vc_column][vc_raw_html]JTNDc2VjdGlvbiUyMGNsYXNzJTNEJTIyZGVzY2FyZ2EtZGlzdHJpYnVpZG9yJTIyJTNFJTBBJTIwJTIwJTIwJTIwJTNDZGl2JTIwY2xhc3MlM0QlMjJjb250YWluZXIyJTIyJTNFJTBBJTIwJTIwJTIwJTIwJTIwJTIwJTIwJTIwJTNDZGl2JTIwY2xhc3MlM0QlMjJyb3clMjB3cmFwcGVyLWRlc2NhcmdhJTIyJTIwc3R5bGUlM0QlMjJhbGlnbi1pdGVtcyUzQSUyMGNlbnRlciUzQiUyMGJvcmRlci1ib3R0b20lM0ElMjAxcHglMjBzb2xpZCUyMGJsYWNrJTNCJTIyJTNFJTBBJTIwJTIwJTIwJTIwJTIwJTIwJTIwJTIwJTIwJTIwJTIwJTIwJTNDZGl2JTIwY2xhc3MlM0QlMjJjb2wtbGctMiUyMGNvbC0xMiUyMiUzRSUyMCUzQyUyRmRpdiUzRSUwQSUwQSUyMCUyMCUyMCUyMCUyMCUyMCUyMCUyMCUyMCUyMCUyMCUyMCUzQ2RpdiUyMGNsYXNzJTNEJTIyY29sLWxnLTQlMjBjb2wtMTIlMjIlM0UlMjAlMEElMjAlMjAlMjAlMjAlMjAlMjAlMjAlMjAlMjAlMjAlMjAlMjAlMjAlMjAlMjAlMjAlM0NjZW50ZXIlM0UlM0NpbWclMjBzcmMlM0QlMjIlMkZ3cC1jb250ZW50JTJGdXBsb2FkcyUyRjIwMjUlMkYwNSUyRmljb25vLWNhbWlvbi5wbmclMjIlMjB3aWR0aCUzRCUyMjMwMCUyMiUyMCUyRiUzRSUzQyUyRmNlbnRlciUzRSUwQSUwOSUwOSUyMCUyMCUyMCUyMCUzQyUyRmRpdiUzRSUwQSUyMCUyMCUyMCUyMCUyMCUyMCUyMCUyMCUyMCUyMCUyMCUyMCUwQSUyMCUyMCUyMCUyMCUyMCUyMCUyMCUyMCUyMCUyMCUyMCUyMCUzQ2RpdiUyMGNsYXNzJTNEJTIyY29sLWxnLTQlMjBjb2wtMTIlMjIlM0UlMEElMjAlMjAlMjAlMjAlMjAlMjAlMjAlMjAlMjAlMjAlMjAlMjAlMjAlMjAlMjAlMjAlM0NkaXYlMjBjbGFzcyUzRCUyMndyYXBwZXItdGV4dCUyMiUyMHN0eWxlJTNEJTIycGFkZGluZy10b3AlM0ElMjAwcHglM0IlMjIlM0UlMEElMjAlMjAlMjAlMjAlMjAlMjAlMjAlMjAlMjAlMjAlMjAlMjAlMjAlMjAlMjAlMjAlMjAlMjAlMjAlMjAlM0NoMyUyMHN0eWxlJTNEJTIyZm9udC1zaXplJTNBJTIwMmVtJTNCJTIwZm9udC13ZWlnaHQlM0ElMjBib2xkJTIyJTNFQ2VudHJvJTIwTG9nJUMzJUFEc3RpY28lMjB5JTIwcmVjb2dpZGElMjBSb2NhJTIwVGlsZXMlM0MlMkZoMyUzRSUwQSUyMCUyMCUyMCUyMCUyMCUyMCUyMCUyMCUyMCUyMCUyMCUyMCUyMCUyMCUyMCUyMCUyMCUyMCUyMCUyMCUzQ3AlM0VMYSUyMEVtcGVyYWRvcmElM0NiciUyMCUyRiUzRSUwQSUyMCUyMCUyMCUyMCUyMCUyMCUyMCUyMCUyMCUyMCUyMCUyMCUyMCUyMCUyMCUyMCUyMCUyMCUyMCUyMFBvbCVDMyVBRGdvbm8lMjBJbmR1c3RyaWFsJTIwSSUyQyUyMDMzJTNDYnIlMjAlMkYlM0UlMEElMjAlMjAlMjAlMjAlMjAlMjAlMjAlMjAlMjAlMjAlMjAlMjAlMjAlMjAlMjAlMjAlMjAlMjAlMjAlMjAxMjE5MiUyMFZpbGxhZmFtJUMzJUE5cyUyQyUyMENhc3RlbGwlQzMlQjNuJTNDJTJGcCUzRSUwQSUyMCUyMCUyMCUyMCUyMCUyMCUyMCUyMCUyMCUyMCUyMCUyMCUyMCUyMCUyMCUyMCUyMCUyMCUyMCUyMCUzQ3AlM0UlM0NhJTIwaHJlZiUzRCUyMmh0dHBzJTNBJTJGJTJGd3d3Lmdvb2dsZS5jb20lMkZtYXBzJTJGcGxhY2UlMkZST0NBJTJCVElMRVMlMkJTcGFpbiUyQi0lMkJDZW50cm8lMkJMb2clMjVDMyUyNUFEc3RpY28lMkYlNDA0MC4xMjc3OTglMkMtMC4wMjMxNTQlMkMxN3olMkZkYXRhJTNEJTIxM20xJTIxNGIxJTIxNG02JTIxM201JTIxMXMweGQ1ZmY5ZTg4ZTRjMzYwZiUzQTB4MzMzZThmOTgwMDMxZWY1NCUyMThtMiUyMTNkNDAuMTI3Nzk4JTIxNGQtMC4wMjMxNTQlMjExNnMlMjUyRmclMjUyRjExeGZycXZzbmolM0ZlbnRyeSUzRHR0dSUyNmdfZXAlM0RFZ295TURJMU1EWXdNeTR3SUtYTURTb0FTQUZRQXclMjUzRCUyNTNEJTIyJTIwdGFyZ2V0JTNEJTIyX2JsYW5rJTIyJTNFJTNDaSUyMGNsYXNzJTNEJTIyZmElMjBmYS1tYXAtbWFya2VyJTIyJTIwYXJpYS1oaWRkZW4lM0QlMjJ0cnVlJTIyJTNFJTNDJTJGaSUzRSUyMFZlciUyMHViaWNhY2klQzMlQjNuJTIwZW4lMjBHb29nbGUlMjBNYXBzJTNDJTJGYSUzRSUzQyUyRnAlM0UlMEElMjAlMjAlMjAlMjAlMjAlMjAlMjAlMjAlMjAlMjAlMjAlMjAlMjAlMjAlMjAlMjAlM0MlMkZkaXYlM0UlMEElMjAlMjAlMjAlMjAlMjAlMjAlMjAlMjAlMjAlMjAlMjAlMjAlM0MlMkZkaXYlM0UlMEElMDklMjAlMjAlMjAlMjAlMjAlMjAlMjAlMjAlMjAlMjAlMjAlMjAlMjAlMjAlMjAlMjAlMEElMjAlMjAlMjAlMjAlMjAlMjAlMjAlMjAlMjAlMjAlMjAlMjAlM0NkaXYlMjBjbGFzcyUzRCUyMmNvbC1sZy0yJTIwY29sLTEyJTIyJTNFJTIwJTNDJTJGZGl2JTNFJTIwJTBBJTBBJTIwJTIwJTIwJTIwJTIwJTIwJTIwJTIwJTNDJTJGZGl2JTNFJTBBJTIwJTIwJTIwJTIwJTNDJTJGZGl2JTNFJTBBJTNDJTJGc2VjdGlvbiUzRQ==[\/vc_raw_html][\/vc_column][\/vc_row]\" \/>\n<meta property=\"og:url\" content=\"https:\/\/www.rocatiles.com\/es\/informacion-centro-logistico-y-carga\/\" \/>\n<meta property=\"og:site_name\" content=\"Roca Cer\u00e1mica\" \/>\n<meta property=\"article:modified_time\" content=\"2025-06-06T12:22:06+00:00\" \/>\n<meta name=\"twitter:card\" content=\"summary_large_image\" \/>\n<meta name=\"twitter:label1\" content=\"Tiempo de lectura\" \/>\n\t<meta name=\"twitter:data1\" content=\"1 minuto\" \/>\n<script type=\"application\/ld+json\" class=\"yoast-schema-graph\">{\"@context\":\"https:\/\/schema.org\",\"@graph\":[{\"@type\":\"WebSite\",\"@id\":\"https:\/\/www.rocatiles.com\/#website\",\"url\":\"https:\/\/www.rocatiles.com\/\",\"name\":\"Roca Cer\\u00e1mica\",\"description\":\"Pavimentos y revestimientos | Azulejos | Roca | ROCA Ba\\u00f1os\",\"potentialAction\":[{\"@type\":\"SearchAction\",\"target\":\"https:\/\/www.rocatiles.com\/?s={search_term_string}\",\"query-input\":\"required name=search_term_string\"}],\"inLanguage\":\"es\"},{\"@type\":\"WebPage\",\"@id\":\"https:\/\/www.rocatiles.com\/es\/informacion-centro-logistico-y-carga\/#webpage\",\"url\":\"https:\/\/www.rocatiles.com\/es\/informacion-centro-logistico-y-carga\/\",\"name\":\"Informaci\\u00f3n centro log\\u00edstico y carga - Roca Cer\\u00e1mica\",\"isPartOf\":{\"@id\":\"https:\/\/www.rocatiles.com\/#website\"},\"datePublished\":\"2025-05-16T07:32:29+00:00\",\"dateModified\":\"2025-06-06T12:22:06+00:00\",\"breadcrumb\":{\"@id\":\"https:\/\/www.rocatiles.com\/es\/informacion-centro-logistico-y-carga\/#breadcrumb\"},\"inLanguage\":\"es\",\"potentialAction\":[{\"@type\":\"ReadAction\",\"target\":[\"https:\/\/www.rocatiles.com\/es\/informacion-centro-logistico-y-carga\/\"]}]},{\"@type\":\"BreadcrumbList\",\"@id\":\"https:\/\/www.rocatiles.com\/es\/informacion-centro-logistico-y-carga\/#breadcrumb\",\"itemListElement\":[{\"@type\":\"ListItem\",\"position\":1,\"item\":{\"@type\":\"WebPage\",\"@id\":\"https:\/\/www.rocatiles.com\/es\/\",\"url\":\"https:\/\/www.rocatiles.com\/es\/\",\"name\":\"Home\"}},{\"@type\":\"ListItem\",\"position\":2,\"item\":{\"@id\":\"https:\/\/www.rocatiles.com\/es\/informacion-centro-logistico-y-carga\/#webpage\"}}]}]}<\/script>\n<!-- \/ Yoast SEO Premium plugin. -->","_links":{"self":[{"href":"https:\/\/www.rocatiles.com\/es\/wp-json\/wp\/v2\/pages\/110441"}],"collection":[{"href":"https:\/\/www.rocatiles.com\/es\/wp-json\/wp\/v2\/pages"}],"about":[{"href":"https:\/\/www.rocatiles.com\/es\/wp-json\/wp\/v2\/types\/page"}],"author":[{"embeddable":true,"href":"https:\/\/www.rocatiles.com\/es\/wp-json\/wp\/v2\/users\/17"}],"replies":[{"embeddable":true,"href":"https:\/\/www.rocatiles.com\/es\/wp-json\/wp\/v2\/comments?post=110441"}],"version-history":[{"count":17,"href":"https:\/\/www.rocatiles.com\/es\/wp-json\/wp\/v2\/pages\/110441\/revisions"}],"predecessor-version":[{"id":111103,"href":"https:\/\/www.rocatiles.com\/es\/wp-json\/wp\/v2\/pages\/110441\/revisions\/111103"}],"wp:attachment":[{"href":"https:\/\/www.rocatiles.com\/es\/wp-json\/wp\/v2\/media?parent=110441"}],"curies":[{"name":"wp","href":"https:\/\/api.w.org\/{rel}","templated":true}]}}