{"id":265,"date":"2017-06-21T08:08:41","date_gmt":"2017-06-21T08:08:41","guid":{"rendered":"http:\/\/dummy.xtemos.com\/woodmart\/?page_id=265"},"modified":"2021-06-17T09:53:29","modified_gmt":"2021-06-17T09:53:29","slug":"comparator","status":"publish","type":"page","link":"https:\/\/www.rocatiles.com\/es\/comparator\/","title":{"rendered":"Comparator"},"content":{"rendered":"<p>[vc_row el_class=\u00bbcompare-pg\u00bb mobile_bg_img_hidden=\u00bbno\u00bb tablet_bg_img_hidden=\u00bbno\u00bb woodmart_parallax=\u00bb0&#8243; woodmart_gradient_switch=\u00bbno\u00bb row_reverse_mobile=\u00bb0&#8243; row_reverse_tablet=\u00bb0&#8243; woodmart_disable_overflow=\u00bb0&#8243;][vc_column][vc_row_inner css=\u00bb.vc_custom_1621334104310{margin-top: 70px !important;margin-bottom: 10px !important;}\u00bb row_reverse_mobile=\u00bb0&#8243; row_reverse_tablet=\u00bb0&#8243; el_class=\u00bbcompare-title\u00bb][vc_column_inner width=\u00bb1\/3&#8243;][vc_custom_heading text=\u00bbCOMPARADOR DE PRODUCTOS\u00bb font_container=\u00bbtag:h1|font_size:18px|text_align:left\u00bb google_fonts=\u00bbfont_family:Roboto%3A100%2C100italic%2C300%2C300italic%2Cregular%2Citalic%2C500%2C500italic%2C700%2C700italic%2C900%2C900italic|font_style:500%20bold%20regular%3A500%3Anormal\u00bb][\/vc_column_inner][vc_column_inner width=\u00bb1\/3&#8243;][\/vc_column_inner][vc_column_inner width=\u00bb1\/3&#8243;][\/vc_column_inner][\/vc_row_inner][vc_row_inner css=\u00bb.vc_custom_1621185949187{margin-bottom: 30px !important;}\u00bb row_reverse_mobile=\u00bb0&#8243; row_reverse_tablet=\u00bb0&#8243;][vc_column_inner width=\u00bb1\/3&#8243;][vc_custom_heading text=\u00bbAqu\u00ed puedes encontrar agrupados por categor\u00edas todos los productos que has a\u00f1adido al comparador\u00bb font_container=\u00bbtag:h3|font_size:22px|text_align:left\u00bb google_fonts=\u00bbfont_family:Roboto%3A100%2C100italic%2C300%2C300italic%2Cregular%2Citalic%2C500%2C500italic%2C700%2C700italic%2C900%2C900italic|font_style:300%20light%20regular%3A300%3Anormal\u00bb][\/vc_column_inner][vc_column_inner width=\u00bb1\/3&#8243;][\/vc_column_inner][vc_column_inner width=\u00bb1\/3&#8243;][\/vc_column_inner][\/vc_row_inner]\t\t\t\t<div id=\"rt_compare_summary\">\n\t\t<div class=\"container rt-compare-summary-wrapper\">\n\t\t\t\t\t\t<div class=\"owl-carousel rt-compare-slides\">\n\t\t\t\t\t\t\t<\/div>\n\t\t<\/div>\n\t<\/div>\n\t<div id=\"rt_compare_slides\" class=\"wd-compare-table\">\n\t\t<div class=\"cintainer\">\n\t\t\t\t\t\t<div class=\"owl-carousel rt-compare-slides\">\n\t\t\t\t\t\t\t\t\t\t<p class=\"wd-empty-compare wd-empty-page\">\n\t\t\t\t\t\t\tCompare list is empty.\t\t\t\t\t\t<\/p>\n\t\t\t\t\t\t\t\t\t\t\t\t\t<div class=\"wd-empty-page-text\">No products added in the compare list. You must add some products to compare them.<br> You will find a lot of interesting products on our \"Shop\" page.<\/div>\n\t\t\t\t\t\t\t\t\t\t\t\t<p class=\"return-to-shop\">\n\t\t\t\t\t\t\t<a class=\"button\" href=\"https:\/\/www.rocatiles.com\/es\/?page_id=8\">\n\t\t\t\t\t\t\t\tReturn to shop\t\t\t\t\t\t\t<\/a>\n\t\t\t\t\t\t<\/p>\n\t\t\t\t\t\t\t\t<\/div>\n\t\t<\/div>\n\t<\/div>\n\t\t\t[\/vc_column][\/vc_row]<\/p>\n","protected":false},"excerpt":{"rendered":"<p>[vc_row el_class=\u00bbcompare-pg\u00bb mobile_bg_img_hidden=\u00bbno\u00bb tablet_bg_img_hidden=\u00bbno\u00bb woodmart_parallax=\u00bb0&#8243; woodmart_gradient_switch=\u00bbno\u00bb row_reverse_mobile=\u00bb0&#8243; row_reverse_tablet=\u00bb0&#8243; woodmart_disable_overflow=\u00bb0&#8243;][vc_column][vc_row_inner css=\u00bb.vc_custom_1621334104310{margin-top: 70px !important;margin-bottom: 10px !important;}\u00bb row_reverse_mobile=\u00bb0&#8243; row_reverse_tablet=\u00bb0&#8243; el_class=\u00bbcompare-title\u00bb][vc_column_inner width=\u00bb1\/3&#8243;][vc_custom_heading text=\u00bbCOMPARADOR DE<\/p>\n","protected":false},"author":10,"featured_media":0,"parent":0,"menu_order":0,"comment_status":"closed","ping_status":"closed","template":"","meta":[],"yoast_head":"<!-- This site is optimized with the Yoast SEO Premium plugin v16.4 (Yoast SEO v16.4) - https:\/\/yoast.com\/wordpress\/plugins\/seo\/ -->\n<title>Comparator - Roca Cer\u00e1mica<\/title>\n<meta name=\"robots\" content=\"index, follow, max-snippet:-1, max-image-preview:large, max-video-preview:-1\" \/>\n<link rel=\"canonical\" href=\"https:\/\/www.rocatiles.com\/es\/comparator\/\" \/>\n<meta property=\"og:locale\" content=\"es_ES\" \/>\n<meta property=\"og:type\" content=\"article\" \/>\n<meta property=\"og:title\" content=\"Comparator - Roca Cer\u00e1mica\" \/>\n<meta property=\"og:description\" content=\"[vc_row el_class=\u00bbcompare-pg\u00bb mobile_bg_img_hidden=\u00bbno\u00bb tablet_bg_img_hidden=\u00bbno\u00bb woodmart_parallax=\u00bb0&#8243; woodmart_gradient_switch=\u00bbno\u00bb row_reverse_mobile=\u00bb0&#8243; row_reverse_tablet=\u00bb0&#8243; woodmart_disable_overflow=\u00bb0&#8243;][vc_column][vc_row_inner css=\u00bb.vc_custom_1621334104310{margin-top: 70px !important;margin-bottom: 10px !important;}\u00bb row_reverse_mobile=\u00bb0&#8243; row_reverse_tablet=\u00bb0&#8243; el_class=\u00bbcompare-title\u00bb][vc_column_inner width=\u00bb1\/3&#8243;][vc_custom_heading text=\u00bbCOMPARADOR DE\" \/>\n<meta property=\"og:url\" content=\"https:\/\/www.rocatiles.com\/es\/comparator\/\" \/>\n<meta property=\"og:site_name\" content=\"Roca Cer\u00e1mica\" \/>\n<meta property=\"article:modified_time\" content=\"2021-06-17T09:53:29+00:00\" \/>\n<meta name=\"twitter:card\" content=\"summary_large_image\" \/>\n<meta name=\"twitter:label1\" content=\"Tiempo de lectura\" \/>\n\t<meta name=\"twitter:data1\" content=\"1 minuto\" \/>\n<script type=\"application\/ld+json\" class=\"yoast-schema-graph\">{\"@context\":\"https:\/\/schema.org\",\"@graph\":[{\"@type\":\"WebSite\",\"@id\":\"https:\/\/www.rocatiles.com\/#website\",\"url\":\"https:\/\/www.rocatiles.com\/\",\"name\":\"Roca Cer\\u00e1mica\",\"description\":\"Pavimentos y revestimientos | Azulejos | Roca | ROCA Ba\\u00f1os\",\"potentialAction\":[{\"@type\":\"SearchAction\",\"target\":\"https:\/\/www.rocatiles.com\/?s={search_term_string}\",\"query-input\":\"required name=search_term_string\"}],\"inLanguage\":\"es\"},{\"@type\":\"WebPage\",\"@id\":\"https:\/\/www.rocatiles.com\/es\/comparator\/#webpage\",\"url\":\"https:\/\/www.rocatiles.com\/es\/comparator\/\",\"name\":\"Comparator - Roca Cer\\u00e1mica\",\"isPartOf\":{\"@id\":\"https:\/\/www.rocatiles.com\/#website\"},\"datePublished\":\"2017-06-21T08:08:41+00:00\",\"dateModified\":\"2021-06-17T09:53:29+00:00\",\"breadcrumb\":{\"@id\":\"https:\/\/www.rocatiles.com\/es\/comparator\/#breadcrumb\"},\"inLanguage\":\"es\",\"potentialAction\":[{\"@type\":\"ReadAction\",\"target\":[\"https:\/\/www.rocatiles.com\/es\/comparator\/\"]}]},{\"@type\":\"BreadcrumbList\",\"@id\":\"https:\/\/www.rocatiles.com\/es\/comparator\/#breadcrumb\",\"itemListElement\":[{\"@type\":\"ListItem\",\"position\":1,\"item\":{\"@type\":\"WebPage\",\"@id\":\"https:\/\/www.rocatiles.com\/es\/\",\"url\":\"https:\/\/www.rocatiles.com\/es\/\",\"name\":\"Home\"}},{\"@type\":\"ListItem\",\"position\":2,\"item\":{\"@id\":\"https:\/\/www.rocatiles.com\/es\/comparator\/#webpage\"}}]}]}<\/script>\n<!-- \/ Yoast SEO Premium plugin. -->","_links":{"self":[{"href":"https:\/\/www.rocatiles.com\/es\/wp-json\/wp\/v2\/pages\/265"}],"collection":[{"href":"https:\/\/www.rocatiles.com\/es\/wp-json\/wp\/v2\/pages"}],"about":[{"href":"https:\/\/www.rocatiles.com\/es\/wp-json\/wp\/v2\/types\/page"}],"author":[{"embeddable":true,"href":"https:\/\/www.rocatiles.com\/es\/wp-json\/wp\/v2\/users\/10"}],"replies":[{"embeddable":true,"href":"https:\/\/www.rocatiles.com\/es\/wp-json\/wp\/v2\/comments?post=265"}],"version-history":[{"count":16,"href":"https:\/\/www.rocatiles.com\/es\/wp-json\/wp\/v2\/pages\/265\/revisions"}],"predecessor-version":[{"id":9301,"href":"https:\/\/www.rocatiles.com\/es\/wp-json\/wp\/v2\/pages\/265\/revisions\/9301"}],"wp:attachment":[{"href":"https:\/\/www.rocatiles.com\/es\/wp-json\/wp\/v2\/media?parent=265"}],"curies":[{"name":"wp","href":"https:\/\/api.w.org\/{rel}","templated":true}]}}