{"id":7565,"date":"2021-05-02T13:32:10","date_gmt":"2021-05-02T13:32:10","guid":{"rendered":"https:\/\/www.rocatiles.com\/?page_id=7565"},"modified":"2025-11-21T14:20:25","modified_gmt":"2025-11-21T14:20:25","slug":"sobre-rocatiles","status":"publish","type":"page","link":"https:\/\/www.rocatiles.com\/es\/sobre-rocatiles\/","title":{"rendered":"Sobre Rocatiles"},"content":{"rendered":"<p>[vc_row full_width=\u00bbstretch_row_content_no_spaces\u00bb mobile_bg_img_hidden=\u00bbno\u00bb tablet_bg_img_hidden=\u00bbno\u00bb woodmart_parallax=\u00bb0&#8243; woodmart_gradient_switch=\u00bbno\u00bb row_reverse_mobile=\u00bb0&#8243; row_reverse_tablet=\u00bb0&#8243; woodmart_disable_overflow=\u00bb0&#8243; el_class=\u00bbsobre-roca-video\u00bb][vc_column mobile_bg_img_hidden=\u00bbno\u00bb tablet_bg_img_hidden=\u00bbno\u00bb woodmart_parallax=\u00bb0&#8243; woodmart_sticky_column=\u00bbfalse\u00bb parallax_scroll=\u00bbno\u00bb mobile_reset_margin=\u00bbno\u00bb tablet_reset_margin=\u00bbno\u00bb][vc_raw_html css=\u00bb.vc_custom_1629104134221{margin-bottom: 0px !important;}\u00bb]JTNDdmlkZW8lMjBhdXRvcGxheSUyMG11dGVkJTIwbG9vcCUzRSUwQSUyMCUyMCUzQ3NvdXJjZSUyMHNyYyUzRCUyMiUyRndwLWNvbnRlbnQlMkZ1cGxvYWRzJTJGMjAyMSUyRjA4JTJGU29icmVfUm9jYV9WaWRlby5tcDQlMjIlM0UlMEElM0MlMkZ2aWRlbyUzRSUwQSUzQ2RpdiUyMGNsYXNzJTNEJTIycnQtdmlkLW92ZXJsYXklMjIlM0UlM0MlMkZkaXYlM0U=[\/vc_raw_html][vc_row_inner el_class=\u00bbsobre-rocatiles-titles sobre-rocatiles-h\u00bb row_reverse_mobile=\u00bb0&#8243; row_reverse_tablet=\u00bb0&#8243;][vc_column_inner][vc_custom_heading text=\u00bbSobre Rocatiles\u00bb font_container=\u00bbtag:h1|font_size:70px|text_align:left|color:%23ffffff\u00bb][vc_custom_heading text=\u00bbRoca Tiles es una firma global de dise\u00f1o y comercializaci\u00f3n de pavimentos y revestimientos cer\u00e1micos.<br \/>\nLa marca es tradici\u00f3n, oficio, pasi\u00f3n y futuro, con soluciones y colecciones para profesionales de la arquitectura y el dise\u00f1o, tanto en mercados nacionales como internacionales.\u00bb font_container=\u00bbtag:p|font_size:20px|text_align:left|color:%23ffffff\u00bb google_fonts=\u00bbfont_family:Roboto%3A100%2C100italic%2C300%2C300italic%2Cregular%2Citalic%2C500%2C500italic%2C700%2C700italic%2C900%2C900italic|font_style:300%20light%20regular%3A300%3Anormal\u00bb][\/vc_column_inner][\/vc_row_inner][\/vc_column][\/vc_row][vc_row][vc_column css=\u00bb.vc_custom_1626701077445{padding-left: 0px !important;}\u00bb mobile_bg_img_hidden=\u00bbno\u00bb tablet_bg_img_hidden=\u00bbno\u00bb woodmart_parallax=\u00bb0&#8243; woodmart_sticky_column=\u00bbfalse\u00bb parallax_scroll=\u00bbno\u00bb mobile_reset_margin=\u00bbno\u00bb tablet_reset_margin=\u00bbno\u00bb][vc_raw_html]JTNDZGl2JTIwY2xhc3MlM0QlMjJzb2JyZS1tLXQlMjIlM0UlMEElMjAlM0NkaXYlMjBjbGFzcyUzRCUyMmJyZWFkY3J1bWJzJTIyJTNFJTBBJTIwJTIwJTNDYSUyMGNsYXNzJTNEJTIyYWZ0ZXItY2hpbGQtYnJlYWRjcnVtYnMlMjIlMjBocmVmJTNEJTIyJTJGJTIyJTIwcmVsJTNEJTIydiUzQXVybCUyMiUyMHByb3BlcnR5JTNEJTIydiUzQXRpdGxlJTIyJTNFJTIwSW5pY2lvJTNDJTJGYSUzRSUwQSUyMCUyMCUzQyUyRmRpdiUzRSUwQSUyMCUyMCUyMCUzQ2RpdiUyMGNsYXNzJTNEJTIyc29icmUtY29udGVudC10aXRsZSUyMiUzRSUwQSUwOSUzQ2gxJTNFU09CUkUlMjBOT1NPVFJPUyUzQyUyRmgxJTNFJTBBJTIwJTIwJTIwJTNDJTJGZGl2JTNFJTBBJTIwJTIwJTIwJTNDZGl2JTIwY2xhc3MlM0QlMjJzb2JyZS1jb250ZW50LXRpdGxlLTElMjIlM0UlMEElMjAlMjAlMjAlMjAlM0NwJTNFTGElMjBjZXIlQzMlQTFtaWNhJTIwcXVlJTIwaW5zcGlyYSUzQyUyRnAlM0UlMEElMjAlMjAlMjAlM0MlMkZkaXYlM0UlMEElM0MlMkZkaXYlM0U=[\/vc_raw_html][vc_row_inner][vc_column_inner width=\u00bb7\/12&#8243;][vc_column_text woodmart_inline=\u00bbno\u00bb text_larger=\u00bbno\u00bb]Roca Tiles, es una empresa global de dise\u00f1o y comercializaci\u00f3n de <strong>pavimentos y revestimientos<\/strong> cer\u00e1micos destinados a la arquitectura, la construcci\u00f3n y el interiorismo. Integrada plenamente en el Grupo Lamosa, una de las principales empresas del sector a nivel mundial &#8211; el segundo productor m\u00e1s importante del mundo-, Roca Tiles se posiciona en dise\u00f1o, innovaci\u00f3n y calidad,\u00a0 como un referente en la creaci\u00f3n de espacios est\u00e9ticamente impactantes, con colecciones completas y diferenciales.<\/p>\n<p>La esencia de Roca Tiles se manifiesta a trav\u00e9s de la fusi\u00f3n entre tradici\u00f3n, oficio y pasi\u00f3n, junto a una visi\u00f3n orientada hacia el futuro. Su equipo de investigaci\u00f3n y desarrollo se dedica a estudiar procesos avanzados para obtener la mejor versi\u00f3n de cada colecci\u00f3n.<\/p>\n<p>La capacidad t\u00e9cnica de Roca Tiles impulsa la creaci\u00f3n de acabados ricos en cromatismos, altamente complejos y exclusivos de la firma.<\/p>\n<p>El objetivo principal de Roca Tiles y Grupo Lamosa es aportar un valor diferencial mediante la especializaci\u00f3n en productos clave. Esta estrategia se traduce en la consolidaci\u00f3n de su posici\u00f3n como l\u00edderes del mercado en Europa.<\/p>\n<h4>Presencia mundial<\/h4>\n<p>La presencia de Roca Tiles se extiende a m\u00e1s de 170 mercados en los cinco continentes, con 4 centros productivos en Espa\u00f1a y Brasil, 5 centros log\u00edsticos en EEUU y Canad\u00e1 y showrooms en Dubai y Portugal; todos al servicio de la excelencia y la innovaci\u00f3n.<\/p>\n<h4>Sobre Grupo Lamosa<\/h4>\n<p>Grupo Lamosa es el segundo productor m\u00e1s importante del mundo. Este l\u00edder global del sector cer\u00e1mico tiene centros productivos en M\u00e9xico, Colombia, Per\u00fa, Argentina, Brasil, Guatemala, Chile y Espa\u00f1a y delegaciones repartidas por los cinco continentes.<\/p>\n<p>La compa\u00f1\u00eda tiene una capacidad productiva superior a los 227.000 millones de m2 por a\u00f1o en pavimentos y revestimientos.[\/vc_column_text][\/vc_column_inner][vc_column_inner width=\u00bb5\/12&#8243;][\/vc_column_inner][\/vc_row_inner][\/vc_column][\/vc_row][vc_row el_class=\u00bbcompany-cal\u00bb mobile_bg_img_hidden=\u00bbno\u00bb tablet_bg_img_hidden=\u00bbno\u00bb woodmart_parallax=\u00bb0&#8243; woodmart_gradient_switch=\u00bbno\u00bb row_reverse_mobile=\u00bb0&#8243; row_reverse_tablet=\u00bb0&#8243; woodmart_disable_overflow=\u00bb0&#8243;][vc_column width=\u00bb1\/4&#8243; mobile_bg_img_hidden=\u00bbno\u00bb tablet_bg_img_hidden=\u00bbno\u00bb woodmart_parallax=\u00bb0&#8243; woodmart_sticky_column=\u00bbfalse\u00bb el_class=\u00bbborder-cal\u00bb parallax_scroll=\u00bbno\u00bb mobile_reset_margin=\u00bbno\u00bb tablet_reset_margin=\u00bbno\u00bb][vc_raw_html]JTNDZGl2JTIwY2xhc3MlM0QlMjJjYWwtZGl2JTIyJTNFJTBBJTIwJTIwJTNDZGl2JTIwY2xhc3MlM0QlMjJjYWxfX251bWJlciUyMiUzRSUwQSUyMCUyMCUyMCUyMCUzQ3AlM0UyMjclMjBtaWxsLiUyMCUzQyUyRnAlM0UlMEElMjAlMjAlMjAlM0MlMkZkaXYlM0UlMEElMjAlMjAlMjAlM0NkaXYlMjBjbGFzcyUzRCUyMmNhbF9fdGl0bGUlMjIlM0UlMEElMjAlMjAlMjAlMjAlMjAlM0NwJTNFbTIlMkZhJUMzJUIxbyUyMGRlJTIwQ0FQQUNJREFEJTIwUFJPRFVDVElWQSUyMERFTCUyMEdSVVBPJTNDJTJGcCUzRSUwQSUyMCUyMCUyMCUzQyUyRmRpdiUzRSUwQSUzQyUyRmRpdiUzRQ==[\/vc_raw_html][\/vc_column][vc_column width=\u00bb1\/4&#8243; css=\u00bb.vc_custom_1626701102262{padding-left: 0px !important;}\u00bb mobile_bg_img_hidden=\u00bbno\u00bb tablet_bg_img_hidden=\u00bbno\u00bb woodmart_parallax=\u00bb0&#8243; woodmart_sticky_column=\u00bbfalse\u00bb parallax_scroll=\u00bbno\u00bb mobile_reset_margin=\u00bbno\u00bb tablet_reset_margin=\u00bbno\u00bb][vc_raw_html]JTNDZGl2JTIwY2xhc3MlM0QlMjJjYWwtZGl2JTIyJTNFJTBBJTIwJTIwJTNDZGl2JTIwY2xhc3MlM0QlMjJjYWxfX251bWJlciUyMiUzRSUwQSUyMCUyMCUyMCUyMCUzQ3AlM0UlMkIxNzAlM0MlMkZwJTNFJTBBJTIwJTIwJTIwJTNDJTJGZGl2JTNFJTBBJTIwJTIwJTIwJTNDZGl2JTIwY2xhc3MlM0QlMjJjYWxfX3RpdGxlJTIyJTNFJTBBJTIwJTIwJTIwJTIwJTIwJTNDcCUzRU1FUkNBRE9TJTNDJTJGcCUzRSUwQSUyMCUyMCUyMCUzQyUyRmRpdiUzRSUwQSUzQyUyRmRpdiUzRQ==[\/vc_raw_html][\/vc_column][vc_column width=\u00bb1\/4&#8243; mobile_bg_img_hidden=\u00bbno\u00bb tablet_bg_img_hidden=\u00bbno\u00bb woodmart_parallax=\u00bb0&#8243; woodmart_sticky_column=\u00bbfalse\u00bb el_class=\u00bbborder-cal\u00bb parallax_scroll=\u00bbno\u00bb mobile_reset_margin=\u00bbno\u00bb tablet_reset_margin=\u00bbno\u00bb][vc_raw_html]JTNDZGl2JTIwY2xhc3MlM0QlMjJjYWwtZGl2JTIyJTNFJTBBJTIwJTIwJTNDZGl2JTIwY2xhc3MlM0QlMjJjYWxfX251bWJlciUyMiUzRSUwQSUyMCUyMCUyMCUyMCUzQ3AlM0U0JTNDJTJGcCUzRSUwQSUyMCUyMCUyMCUzQyUyRmRpdiUzRSUwQSUyMCUyMCUyMCUzQ2RpdiUyMGNsYXNzJTNEJTIyY2FsX190aXRsZSUyMiUzRSUwQSUyMCUyMCUyMCUyMCUyMCUzQ3AlM0VDRU5UUk9TJTIwUFJPRFVDVElWT1MlM0MlMkZwJTNFJTBBJTIwJTIwJTIwJTNDJTJGZGl2JTNFJTBBJTNDJTJGZGl2JTNF[\/vc_raw_html][\/vc_column][vc_column width=\u00bb1\/4&#8243; mobile_bg_img_hidden=\u00bbno\u00bb tablet_bg_img_hidden=\u00bbno\u00bb woodmart_parallax=\u00bb0&#8243; woodmart_sticky_column=\u00bbfalse\u00bb el_class=\u00bbborder-cal\u00bb parallax_scroll=\u00bbno\u00bb mobile_reset_margin=\u00bbno\u00bb tablet_reset_margin=\u00bbno\u00bb][vc_raw_html]JTNDZGl2JTIwY2xhc3MlM0QlMjJjYWwtZGl2JTIyJTNFJTBBJTIwJTIwJTNDZGl2JTIwY2xhc3MlM0QlMjJjYWxfX251bWJlciUyMiUzRSUwQSUyMCUyMCUyMCUyMCUzQ3AlM0U1JTIwJTNDJTJGcCUzRSUwQSUyMCUyMCUyMCUzQyUyRmRpdiUzRSUwQSUyMCUyMCUyMCUzQ2RpdiUyMGNsYXNzJTNEJTIyY2FsX190aXRsZSUyMiUzRSUwQSUyMCUyMCUyMCUyMCUyMCUzQ3AlM0VDRU5UUk9TJTIwTE9HJUMzJThEU1RJQ09TJTNDJTJGcCUzRSUwQSUyMCUyMCUyMCUzQyUyRmRpdiUzRSUwQSUzQyUyRmRpdiUzRQ==[\/vc_raw_html][\/vc_column][\/vc_row][vc_row full_width=\u00bbstretch_row_content\u00bb css=\u00bb.vc_custom_1627372374956{margin-bottom: 70px !important;}\u00bb mobile_bg_img_hidden=\u00bbno\u00bb tablet_bg_img_hidden=\u00bbno\u00bb woodmart_parallax=\u00bb0&#8243; woodmart_gradient_switch=\u00bbno\u00bb row_reverse_mobile=\u00bb0&#8243; row_reverse_tablet=\u00bb0&#8243; woodmart_disable_overflow=\u00bb0&#8243; el_class=\u00bbsobre-gallery\u00bb][vc_column css=\u00bb.vc_custom_1626673751939{padding-right: 0px !important;padding-left: 0px !important;}\u00bb mobile_bg_img_hidden=\u00bbno\u00bb tablet_bg_img_hidden=\u00bbno\u00bb woodmart_parallax=\u00bb0&#8243; woodmart_sticky_column=\u00bbfalse\u00bb parallax_scroll=\u00bbno\u00bb mobile_reset_margin=\u00bbno\u00bb tablet_reset_margin=\u00bbno\u00bb][vc_raw_html]JTNDc2VjdGlvbiUyMGNsYXNzJTNEJTIyY2FiZWNlcmEtZGVzdGFjYWRhJTIwJTIyJTNFJTBBJTIwJTIwJTIwJTNDZGl2JTIwY2xhc3MlM0QlMjJzbGlkZXItY2FiZWNlcmElMjBqcy1zbGlkZXItY2FiZWNlcmElMjBzbGljay1pbml0aWFsaXplZCUyMHNsaWNrLXNsaWRlciUyMHNsaWNrLWRvdHRlZCUyMiUzRSUwQSUyMCUyMCUyMCUyMCUyMCUyMCUzQ2RpdiUyMGNsYXNzJTNEJTIyc2xpY2stbGlzdCUyMGRyYWdnYWJsZSUyMiUzRSUwQSUyMCUyMCUyMCUyMCUyMCUyMCUyMCUyMCUyMCUzQ2RpdiUyMGNsYXNzJTNEJTIyc2xpY2stdHJhY2slMjIlMjBzdHlsZSUzRCUyMm9wYWNpdHklM0ElMjAxJTNCJTIwd2lkdGglM0ElMjAxMDAlMjUlM0IlMjB0cmFuc2Zvcm0lM0ElMjB0cmFuc2xhdGUzZCUyODBweCUyQyUyMDBweCUyQyUyMDBweCUyOSUzQiUyMiUzRSUwQSUyMCUyMCUyMCUyMCUyMCUyMCUyMCUyMCUyMCUyMCUyMCUyMCUzQ2RpdiUyMGRhdGEtdGl0bGUlM0QlMjJSb2NhJTIwR2FsbGVyaWVzJTIyJTIwY2xhc3MlM0QlMjJzbGljay1zbGlkZSUyMHNsaWNrLWN1cnJlbnQlMjBzbGljay1hY3RpdmUlMjIlMjBkYXRhLXNsaWNrLWluZGV4JTNEJTIyMCUyMiUyMGFyaWEtaGlkZGVuJTNEJTIyZmFsc2UlMjIlMjB0YWJpbmRleCUzRCUyMjAlMjIlMjByb2xlJTNEJTIydGFicGFuZWwlMjIlMjBpZCUzRCUyMnNsaWNrLXNsaWRlMTAlMjIlMjBhcmlhLWRlc2NyaWJlZGJ5JTNEJTIyc2xpY2stc2xpZGUtY29udHJvbDEwJTIyJTIwc3R5bGUlM0QlMjJ3aWR0aCUzQSUyMDEwMCUyNSUzQiUyMiUzRSUwQSUyMCUyMCUyMCUyMCUyMCUyMCUyMCUyMCUyMCUyMCUyMCUyMCUyMCUyMCUyMCUzQ2RpdiUyMGNsYXNzJTNEJTIyanVtYm90cm9uJTIwaGlnaGxpZ2h0ZWQtc2xpZGVyLWltYWdlLTAtX0hpZ2hsaWdodGVkU2xpZGVfSU5TVEFOQ0Vfd2ExTnU2M1BZR3BKXyUyMiUyMGlkJTNEJTIyanVtYm90cm9uJTIyJTIwZGF0YS1hdXRvLXNsaWRlciUzRCUyMjAlMjIlMjByb2xlJTNEJTIyaW1nJTIyJTIwYXJpYS1sYWJlbCUzRCUyMlJvY2ElMjBHYWxsZXJpZXMlMjIlMjBzdHlsZSUzRCUyMmhlaWdodCUzQSUyMGNhbGMlMjgxMDB2aCUyMC0lMjAxMjUuNHB4JTI5JTNCJTIyJTNFJTBBJTIwJTIwJTIwJTIwJTIwJTIwJTIwJTIwJTIwJTIwJTIwJTIwJTIwJTIwJTIwJTIwJTIwJTIwJTNDc3BhbiUyMGNsYXNzJTNEJTIydmVsby0yNSUyMiUzRSUzQyUyRnNwYW4lM0UlMEElMjAlMjAlMjAlMjAlMjAlMjAlMjAlMjAlMjAlMjAlMjAlMjAlMjAlMjAlMjAlMjAlMjAlMjAlM0NkaXYlMjBjbGFzcyUzRCUyMmNvbnRhaW5lciUyMGdhbGxlcnktY29udGFpbmVyJTIyJTNFJTBBJTIwJTIwJTIwJTIwJTIwJTIwJTIwJTIwJTIwJTIwJTIwJTIwJTIwJTIwJTIwJTIwJTIwJTIwJTIwJTIwJTIwJTNDZGl2JTIwY2xhc3MlM0QlMjJyb3clMjIlM0UlMEElMjAlMjAlMjAlMjAlMjAlMjAlMjAlMjAlMjAlMjAlMjAlMjAlMjAlMjAlMjAlMjAlMjAlMjAlMjAlMjAlMjAlMjAlMjAlMjAlM0NkaXYlMjBjbGFzcyUzRCUyMmNvbC0xMiUyMGNvbC1tZC03JTIyJTNFJTBBJTIwJTIwJTIwJTIwJTIwJTIwJTIwJTIwJTIwJTIwJTIwJTIwJTIwJTIwJTIwJTIwJTIwJTIwJTIwJTIwJTIwJTIwJTIwJTIwJTIwJTIwJTIwJTNDZGl2JTIwY2xhc3MlM0QlMjJzbGlkZXItY29udGVudCUyMHAtbC0xMiUyMiUzRSUwQSUyMCUyMCUyMCUyMCUyMCUyMCUyMCUyMCUyMCUyMCUyMCUyMCUyMCUyMCUyMCUyMCUyMCUyMCUyMCUyMCUyMCUyMCUyMCUyMCUyMCUyMCUyMCUyMCUyMCUyMCUzQ2gyJTNFUm9jYSUyMEdhbGxlcmllcyUzQyUyRmgyJTNFJTBBJTIwJTIwJTIwJTIwJTIwJTIwJTIwJTIwJTIwJTIwJTIwJTIwJTIwJTIwJTIwJTIwJTIwJTIwJTIwJTIwJTIwJTIwJTIwJTIwJTIwJTIwJTIwJTIwJTIwJTIwJTNDcCUzRUxvcyUyMFJvY2ElMjBHYWxsZXJpZXMlMjBzb24lMjBsYSUyMHBydWViYSUyMGRlbCUyMGNvbXByb21pc28lMjBkZSUyMFJvY2ElMjBwb3IlMjBsYSUyMGV4Y2VsZW5jaWElMjB5JTIwbGElMjBidWVuYSUyMHByJUMzJUExY3RpY2ElMjBlbiUyMGFycXVpdGVjdHVyYSUyMHNvc3RlbmlibGUlMjB5JTIwZGlzZSVDMyVCMW8uJTIwRW4lMjBsb3MlMjBHYWxsZXJpZXMlMjBzZSUyMGNlbGVicmFuJTIwZXhwb3NpY2lvbmVzJTJDJTIwZGViYXRlcyUyQyUyMHByZXNlbnRhY2lvbmVzJTIweSUyMGFjdGl2aWRhZGVzJTIwY3VsdHVyYWxlcyUyMHklMjBlc3QlQzMlQTFuJTIwYWJpZXJ0b3MlMjB0YW50byUyMGElMjBwcm9mZXNpb25hbGVzJTIwY29tbyUyMGFsJTIwcCVDMyVCQWJsaWNvJTIwZ2VuZXJhbCUyQyUyMGNvbiUyMHVuYSUyMG11ZXN0cmElMjBkZSUyMHByb2R1Y3RvJTIwZW4lMjBleHBvc2ljaSVDMyVCM24uJTNDJTJGcCUzRSUwQSUyMCUyMCUyMCUyMCUyMCUyMCUyMCUyMCUyMCUyMCUyMCUyMCUyMCUyMCUyMCUyMCUyMCUyMCUyMCUyMCUyMCUyMCUyMCUyMCUyMCUyMCUyMCUyMCUyMCUyMCUzQ2ElMjBjbGFzcyUzRCUyMmN0YS1zcXVhcmUtd2hpdGUlMjIlMjBocmVmJTNEJTIyaHR0cHMlM0ElMkYlMkZ3d3cucm9jYS5lcyUyRmdhbGxlcmllcyUyMiUyMHRhcmdldCUzRCUyMl9ibGFuayUyMiUyMHRhYmluZGV4JTNEJTIyMCUyMiUzRVZlciUyMG0lQzMlQTFzJTNDJTJGYSUzRSUwQSUyMCUyMCUyMCUyMCUyMCUyMCUyMCUyMCUyMCUyMCUyMCUyMCUyMCUyMCUyMCUyMCUyMCUyMCUyMCUyMCUyMCUyMCUyMCUyMCUyMCUyMCUyMCUzQyUyRmRpdiUzRSUwQSUyMCUyMCUyMCUyMCUyMCUyMCUyMCUyMCUyMCUyMCUyMCUyMCUyMCUyMCUyMCUyMCUyMCUyMCUyMCUyMCUyMCUyMCUyMCUyMCUzQyUyRmRpdiUzRSUwQSUyMCUyMCUyMCUyMCUyMCUyMCUyMCUyMCUyMCUyMCUyMCUyMCUyMCUyMCUyMCUyMCUyMCUyMCUyMCUyMCUyMCUzQyUyRmRpdiUzRSUwQSUyMCUyMCUyMCUyMCUyMCUyMCUyMCUyMCUyMCUyMCUyMCUyMCUyMCUyMCUyMCUyMCUyMCUyMCUzQyUyRmRpdiUzRSUwQSUyMCUyMCUyMCUyMCUyMCUyMCUyMCUyMCUyMCUyMCUyMCUyMCUyMCUyMCUyMCUyMCUyMCUyMCUzQ2RpdiUyMGNsYXNzJTNEJTIyYmFja2dyb3VuZC13cmFwcGVyJTIyJTNFJTBBJTIwJTIwJTIwJTIwJTIwJTIwJTIwJTIwJTIwJTIwJTIwJTIwJTIwJTIwJTIwJTIwJTIwJTIwJTIwJTIwJTIwJTNDZGl2JTIwY2xhc3MlM0QlMjJ2aWRlby13cmFwcGVyLWxvb3AlMjIlM0UlMEElMjAlMjAlMjAlMjAlMjAlMjAlMjAlMjAlMjAlMjAlMjAlMjAlMjAlMjAlMjAlMjAlMjAlMjAlMjAlMjAlMjAlMjAlMjAlMjAlM0N2aWRlbyUyMGF1dG9wbGF5JTNEJTIyJTIyJTIwbXV0ZWQlM0QlMjIlMjIlMjBsb29wJTNEJTIyJTIyJTNFJTBBJTIwJTIwJTIwJTIwJTIwJTIwJTIwJTIwJTIwJTIwJTIwJTIwJTIwJTIwJTIwJTIwJTIwJTIwJTIwJTIwJTIwJTIwJTIwJTIwJTIwJTIwJTIwJTNDc291cmNlJTIwc3JjJTNEJTIyJTJGd3AtY29udGVudCUyRnVwbG9hZHMlMkYyMDIxJTJGMDglMkZSb2NhX0dhbGxlcmllcy5tcDQlMjIlMjB0eXBlJTNEJTIydmlkZW8lMkZtcDQlMjIlM0UlMEElMjAlMjAlMjAlMjAlMjAlMjAlMjAlMjAlMjAlMjAlMjAlMjAlMjAlMjAlMjAlMjAlMjAlMjAlMjAlMjAlMjAlMjAlMjAlMjAlMjAlMjAlMjBZb3VyJTIwYnJvd3NlciUyMGRvZXMlMjBub3QlMjBzdXBwb3J0JTIwdGhlJTIwdmlkZW8lMjB0YWcuJTBBJTIwJTIwJTIwJTIwJTIwJTIwJTIwJTIwJTIwJTIwJTIwJTIwJTIwJTIwJTIwJTIwJTIwJTIwJTIwJTIwJTIwJTIwJTIwJTIwJTNDJTJGdmlkZW8lM0UlMEElMjAlMjAlMjAlMjAlMjAlMjAlMjAlMjAlMjAlMjAlMjAlMjAlMjAlMjAlMjAlMjAlMjAlMjAlMjAlMjAlMjAlM0MlMkZkaXYlM0UlMEElMjAlMjAlMjAlMjAlMjAlMjAlMjAlMjAlMjAlMjAlMjAlMjAlMjAlMjAlMjAlMjAlMjAlMjAlM0MlMkZkaXYlM0UlMEElMjAlMjAlMjAlMjAlMjAlMjAlMjAlMjAlMjAlMjAlMjAlMjAlMjAlMjAlMjAlM0MlMkZkaXYlM0UlMEElMjAlMjAlMjAlMjAlMjAlMjAlMjAlMjAlMjAlMjAlMjAlMjAlM0MlMkZkaXYlM0UlMEElMjAlMjAlMjAlMjAlMjAlMjAlMjAlMjAlMjAlM0MlMkZkaXYlM0UlMEElMjAlMjAlMjAlMjAlMjAlMjAlM0MlMkZkaXYlM0UlMEElMjAlMjAlMjAlMjAlMjAlMjAlM0NkaXYlMjBjbGFzcyUzRCUyMmRvdHMtd3JhcHBlciUyMiUyMHN0eWxlJTNEJTIyZGlzcGxheSUzQSUyMG5vbmUlM0IlMjIlM0UlMEElMjAlMjAlMjAlMjAlMjAlMjAlMjAlMjAlMjAlM0NzcGFuJTIwY2xhc3MlM0QlMjJhY3R1YWwlMjBzbGlkZXItY291bnRlciUyMiUzRTAxJTNDJTJGc3BhbiUzRSUwQSUyMCUyMCUyMCUyMCUyMCUyMCUyMCUyMCUyMCUzQ3VsJTIwY2xhc3MlM0QlMjJzbGljay1kb3RzJTIyJTIwcm9sZSUzRCUyMnRhYmxpc3QlMjIlM0UlMEElMjAlMjAlMjAlMjAlMjAlMjAlMjAlMjAlMjAlMjAlMjAlMjAlM0NsaSUyMGNsYXNzJTNEJTIyc2xpY2stYWN0aXZlJTIyJTIwcm9sZSUzRCUyMnByZXNlbnRhdGlvbiUyMiUzRSUzQ2J1dHRvbiUyMHR5cGUlM0QlMjJidXR0b24lMjIlMjByb2xlJTNEJTIydGFiJTIyJTIwaWQlM0QlMjJzbGljay1zbGlkZS1jb250cm9sMTAlMjIlMjBhcmlhLWNvbnRyb2xzJTNEJTIyc2xpY2stc2xpZGUxMCUyMiUyMGFyaWEtbGFiZWwlM0QlMjIxJTIwb2YlMjAxJTIyJTIwdGFiaW5kZXglM0QlMjIwJTIyJTIwYXJpYS1zZWxlY3RlZCUzRCUyMnRydWUlMjIlM0UxJTNDJTJGYnV0dG9uJTNFJTNDJTJGbGklM0UlMEElMjAlMjAlMjAlMjAlMjAlMjAlMjAlMjAlMjAlM0MlMkZ1bCUzRSUwQSUyMCUyMCUyMCUyMCUyMCUyMCUyMCUyMCUyMCUzQ3NwYW4lMjBjbGFzcyUzRCUyMnRvdGFsJTIwc2xpZGVyLWNvdW50ZXIlMjIlM0UwMSUzQyUyRnNwYW4lM0UlMEElMjAlMjAlMjAlMjAlMjAlMjAlM0MlMkZkaXYlM0UlMEElMjAlMjAlMjAlM0MlMkZkaXYlM0UlMEElM0MlMkZzZWN0aW9uJTNF[\/vc_raw_html][\/vc_column][\/vc_row][vc_row][vc_column][vc_raw_html]JTNDc2VjdGlvbiUzRSUwQSUyMCUyMCUyMCUyMCUzQ2RpdiUyMGNsYXNzJTNEJTIycm93JTIwY2F0YWxvZy1saXN0JTIyJTIwc3R5bGUlM0QlMjJhbGlnbi1pdGVtcyUzQSUyMGNlbnRlciUzQiUyMiUzRSUwQSUyMCUyMCUyMCUyMCUyMCUyMCUyMCUyMCUzQ2RpdiUyMGNsYXNzJTNEJTIyY29sLTclMjIlM0UlMEElMjAlMjAlMjAlMjAlMjAlMjAlMjAlMjAlMjAlMjAlMjAlMjAlM0NkaXYlMjBjbGFzcyUzRCUyMndyYXBwZXItaW1nJTIyJTNFJTBBJTIwJTIwJTIwJTIwJTIwJTIwJTIwJTIwJTIwJTIwJTIwJTIwJTIwJTIwJTIwJTIwJTNDaW1nJTIwc3JjJTNEJTIyJTJGd3AtY29udGVudCUyRnVwbG9hZHMlMkYyMDI0JTJGMDUlMkZyb2NhdGlsZXMtcGVyZmlsLWNvcnBvcmF0aXZvLmpwZyUyMiUyMCUyRiUzRSUwQSUyMCUyMCUyMCUyMCUyMCUyMCUyMCUyMCUyMCUyMCUyMCUyMCUzQyUyRmRpdiUzRSUwQSUyMCUyMCUyMCUyMCUyMCUyMCUyMCUyMCUzQyUyRmRpdiUzRSUwQSUyMCUyMCUyMCUyMCUyMCUyMCUyMCUyMCUzQ2RpdiUyMGNsYXNzJTNEJTIyY29sLTUlMjBjYXRhbG9nb3MlMjIlM0UlMEElMjAlMjAlMjAlMjAlMjAlMjAlMjAlMjAlMjAlMjAlMjAlMjAlM0NkaXYlMjBjbGFzcyUzRCUyMndyYXBwZXItdGV4dCUyMiUzRSUwQSUyMCUyMCUyMCUyMCUyMCUyMCUyMCUyMCUyMCUyMCUyMCUyMCUyMCUyMCUyMCUyMCUzQ3VsJTNFJTBBJTIwJTIwJTIwJTIwJTIwJTIwJTIwJTIwJTIwJTIwJTIwJTIwJTIwJTIwJTIwJTIwJTIwJTIwJTIwJTIwJTNDbGklMjBjbGFzcyUzRCUyMmNvbnN1bHRhciUyMiUzRSUwQSUyMCUyMCUyMCUyMCUyMCUyMCUyMCUyMCUyMCUyMCUyMCUyMCUyMCUyMCUyMCUyMCUyMCUyMCUyMCUyMCUyMCUyMCUyMCUyMCUzQ2ElMjBocmVmJTNEJTIyJTJGd3AtY29udGVudCUyRnVwbG9hZHMlMkYyMDI1JTJGMTElMkZQRVJGSUwtQ09SUE9SQVRJVk8tUk9DQS1USUxFU18yNl9FUy5wZGYlMjIlMjB0YXJnZXQlM0QlMjJfYmxhbmslMjIlM0VDT05TVUxUQVIlMjBPTkxJTkUlM0MlMkZhJTNFJTA5JTA5JTA5JTBBJTIwJTIwJTIwJTIwJTIwJTIwJTIwJTIwJTIwJTIwJTIwJTIwJTIwJTIwJTIwJTIwJTIwJTIwJTIwJTIwJTNDJTJGbGklM0UlMEElMjAlMjAlMjAlMjAlMjAlMjAlMjAlMjAlMjAlMjAlMjAlMjAlMjAlMjAlMjAlMjAlMjAlMjAlMjAlMjAlM0NsaSUyMGNsYXNzJTNEJTIyZGVzY2FyZ2FyJTIyJTNFJTBBJTIwJTIwJTIwJTIwJTIwJTIwJTIwJTIwJTA5JTA5JTA5JTA5JTNDYSUyMGhyZWYlM0QlMjIlMkZ3cC1jb250ZW50JTJGdXBsb2FkcyUyRjIwMjUlMkYxMSUyRlBFUkZJTC1DT1JQT1JBVElWTy1ST0NBLVRJTEVTXzI2X0VTLnBkZiUyMiUyMGRvd25sb2FkJTNEJTIyJTIyJTNFRGVzY2FyZ2FyJTNDJTJGYSUzRSUwQSUyMCUyMCUyMCUyMCUyMCUyMCUyMCUyMCUyMCUyMCUyMCUyMCUyMCUyMCUyMCUyMCUyMCUyMCUyMCUyMCUzQyUyRmxpJTNFJTBBJTIwJTIwJTIwJTIwJTIwJTIwJTIwJTIwJTIwJTIwJTIwJTIwJTIwJTIwJTIwJTIwJTNDJTJGdWwlM0UlMEElMjAlMjAlMjAlMjAlMjAlMjAlMjAlMjAlMjAlMjAlMjAlMjAlM0MlMkZkaXYlM0UlMDklMDklMDklMEElMjAlMjAlMjAlMjAlMjAlMjAlMjAlMjAlM0MlMkZkaXYlM0UlMEElMjAlMjAlMjAlMjAlM0MlMkZkaXYlM0UlMEElM0MlMkZzZWN0aW9uJTNF[\/vc_raw_html][\/vc_column][\/vc_row]<\/p>\n","protected":false},"excerpt":{"rendered":"<p>[vc_row full_width=\u00bbstretch_row_content_no_spaces\u00bb mobile_bg_img_hidden=\u00bbno\u00bb tablet_bg_img_hidden=\u00bbno\u00bb woodmart_parallax=\u00bb0&#8243; woodmart_gradient_switch=\u00bbno\u00bb row_reverse_mobile=\u00bb0&#8243; row_reverse_tablet=\u00bb0&#8243; woodmart_disable_overflow=\u00bb0&#8243; el_class=\u00bbsobre-roca-video\u00bb][vc_column mobile_bg_img_hidden=\u00bbno\u00bb tablet_bg_img_hidden=\u00bbno\u00bb woodmart_parallax=\u00bb0&#8243; woodmart_sticky_column=\u00bbfalse\u00bb parallax_scroll=\u00bbno\u00bb mobile_reset_margin=\u00bbno\u00bb tablet_reset_margin=\u00bbno\u00bb][vc_raw_html css=\u00bb.vc_custom_1629104134221{margin-bottom: 0px !important;}\u00bb]JTNDdmlkZW8lMjBhdXRvcGxheSUyMG11dGVkJTIwbG9vcCUzRSUwQSUyMCUyMCUzQ3NvdXJjZSUyMHNyYyUzRCUyMiUyRndwLWNvbnRlbnQlMkZ1cGxvYWRzJTJGMjAyMSUyRjA4JTJGU29icmVfUm9jYV9WaWRlby5tcDQlMjIlM0UlMEElM0MlMkZ2aWRlbyUzRSUwQSUzQ2RpdiUyMGNsYXNzJTNEJTIycnQtdmlkLW92ZXJsYXklMjIlM0UlM0MlMkZkaXYlM0U=[\/vc_raw_html][vc_row_inner<\/p>\n","protected":false},"author":10,"featured_media":0,"parent":0,"menu_order":0,"comment_status":"closed","ping_status":"closed","template":"","meta":[],"yoast_head":"<!-- This site is optimized with the Yoast SEO Premium plugin v16.4 (Yoast SEO v16.4) - https:\/\/yoast.com\/wordpress\/plugins\/seo\/ -->\n<title>Sobre Rocatiles - Roca Cer\u00e1mica<\/title>\n<meta name=\"robots\" content=\"index, follow, max-snippet:-1, max-image-preview:large, max-video-preview:-1\" \/>\n<link rel=\"canonical\" href=\"https:\/\/www.rocatiles.com\/es\/sobre-rocatiles\/\" \/>\n<meta property=\"og:locale\" content=\"es_ES\" \/>\n<meta property=\"og:type\" content=\"article\" \/>\n<meta property=\"og:title\" content=\"Sobre Rocatiles - Roca Cer\u00e1mica\" \/>\n<meta property=\"og:description\" content=\"[vc_row full_width=\u00bbstretch_row_content_no_spaces\u00bb mobile_bg_img_hidden=\u00bbno\u00bb tablet_bg_img_hidden=\u00bbno\u00bb woodmart_parallax=\u00bb0&#8243; woodmart_gradient_switch=\u00bbno\u00bb row_reverse_mobile=\u00bb0&#8243; row_reverse_tablet=\u00bb0&#8243; woodmart_disable_overflow=\u00bb0&#8243; el_class=\u00bbsobre-roca-video\u00bb][vc_column mobile_bg_img_hidden=\u00bbno\u00bb tablet_bg_img_hidden=\u00bbno\u00bb woodmart_parallax=\u00bb0&#8243; woodmart_sticky_column=\u00bbfalse\u00bb parallax_scroll=\u00bbno\u00bb mobile_reset_margin=\u00bbno\u00bb tablet_reset_margin=\u00bbno\u00bb][vc_raw_html css=\u00bb.vc_custom_1629104134221{margin-bottom: 0px !important;}\u00bb]JTNDdmlkZW8lMjBhdXRvcGxheSUyMG11dGVkJTIwbG9vcCUzRSUwQSUyMCUyMCUzQ3NvdXJjZSUyMHNyYyUzRCUyMiUyRndwLWNvbnRlbnQlMkZ1cGxvYWRzJTJGMjAyMSUyRjA4JTJGU29icmVfUm9jYV9WaWRlby5tcDQlMjIlM0UlMEElM0MlMkZ2aWRlbyUzRSUwQSUzQ2RpdiUyMGNsYXNzJTNEJTIycnQtdmlkLW92ZXJsYXklMjIlM0UlM0MlMkZkaXYlM0U=[\/vc_raw_html][vc_row_inner\" \/>\n<meta property=\"og:url\" content=\"https:\/\/www.rocatiles.com\/es\/sobre-rocatiles\/\" \/>\n<meta property=\"og:site_name\" content=\"Roca Cer\u00e1mica\" \/>\n<meta property=\"article:modified_time\" content=\"2025-11-21T14:20:25+00:00\" \/>\n<meta name=\"twitter:card\" content=\"summary_large_image\" \/>\n<meta name=\"twitter:label1\" content=\"Tiempo de lectura\" \/>\n\t<meta name=\"twitter:data1\" content=\"2 minutos\" \/>\n<script type=\"application\/ld+json\" class=\"yoast-schema-graph\">{\"@context\":\"https:\/\/schema.org\",\"@graph\":[{\"@type\":\"WebSite\",\"@id\":\"https:\/\/www.rocatiles.com\/#website\",\"url\":\"https:\/\/www.rocatiles.com\/\",\"name\":\"Roca Cer\\u00e1mica\",\"description\":\"Pavimentos y revestimientos | Azulejos | Roca | ROCA Ba\\u00f1os\",\"potentialAction\":[{\"@type\":\"SearchAction\",\"target\":\"https:\/\/www.rocatiles.com\/?s={search_term_string}\",\"query-input\":\"required name=search_term_string\"}],\"inLanguage\":\"es\"},{\"@type\":\"WebPage\",\"@id\":\"https:\/\/www.rocatiles.com\/es\/sobre-rocatiles\/#webpage\",\"url\":\"https:\/\/www.rocatiles.com\/es\/sobre-rocatiles\/\",\"name\":\"Sobre Rocatiles - Roca Cer\\u00e1mica\",\"isPartOf\":{\"@id\":\"https:\/\/www.rocatiles.com\/#website\"},\"datePublished\":\"2021-05-02T13:32:10+00:00\",\"dateModified\":\"2025-11-21T14:20:25+00:00\",\"breadcrumb\":{\"@id\":\"https:\/\/www.rocatiles.com\/es\/sobre-rocatiles\/#breadcrumb\"},\"inLanguage\":\"es\",\"potentialAction\":[{\"@type\":\"ReadAction\",\"target\":[\"https:\/\/www.rocatiles.com\/es\/sobre-rocatiles\/\"]}]},{\"@type\":\"BreadcrumbList\",\"@id\":\"https:\/\/www.rocatiles.com\/es\/sobre-rocatiles\/#breadcrumb\",\"itemListElement\":[{\"@type\":\"ListItem\",\"position\":1,\"item\":{\"@type\":\"WebPage\",\"@id\":\"https:\/\/www.rocatiles.com\/es\/\",\"url\":\"https:\/\/www.rocatiles.com\/es\/\",\"name\":\"Home\"}},{\"@type\":\"ListItem\",\"position\":2,\"item\":{\"@id\":\"https:\/\/www.rocatiles.com\/es\/sobre-rocatiles\/#webpage\"}}]}]}<\/script>\n<!-- \/ Yoast SEO Premium plugin. -->","_links":{"self":[{"href":"https:\/\/www.rocatiles.com\/es\/wp-json\/wp\/v2\/pages\/7565"}],"collection":[{"href":"https:\/\/www.rocatiles.com\/es\/wp-json\/wp\/v2\/pages"}],"about":[{"href":"https:\/\/www.rocatiles.com\/es\/wp-json\/wp\/v2\/types\/page"}],"author":[{"embeddable":true,"href":"https:\/\/www.rocatiles.com\/es\/wp-json\/wp\/v2\/users\/10"}],"replies":[{"embeddable":true,"href":"https:\/\/www.rocatiles.com\/es\/wp-json\/wp\/v2\/comments?post=7565"}],"version-history":[{"count":50,"href":"https:\/\/www.rocatiles.com\/es\/wp-json\/wp\/v2\/pages\/7565\/revisions"}],"predecessor-version":[{"id":116036,"href":"https:\/\/www.rocatiles.com\/es\/wp-json\/wp\/v2\/pages\/7565\/revisions\/116036"}],"wp:attachment":[{"href":"https:\/\/www.rocatiles.com\/es\/wp-json\/wp\/v2\/media?parent=7565"}],"curies":[{"name":"wp","href":"https:\/\/api.w.org\/{rel}","templated":true}]}}