{"id":7585,"date":"2021-05-02T14:50:10","date_gmt":"2021-05-02T14:50:10","guid":{"rendered":"https:\/\/www.rocatiles.com\/?page_id=7585"},"modified":"2021-08-23T12:56:39","modified_gmt":"2021-08-23T12:56:39","slug":"showroom-tour-virtual","status":"publish","type":"page","link":"https:\/\/www.rocatiles.com\/es\/showroom-tour-virtual\/","title":{"rendered":"Showroom Virtual"},"content":{"rendered":"<p>[vc_row full_width=\u00bbstretch_row_content\u00bb mobile_bg_img_hidden=\u00bbno\u00bb tablet_bg_img_hidden=\u00bbno\u00bb woodmart_parallax=\u00bb0&#8243; woodmart_gradient_switch=\u00bbno\u00bb row_reverse_mobile=\u00bb0&#8243; row_reverse_tablet=\u00bb0&#8243; woodmart_disable_overflow=\u00bb0&#8243; el_class=\u00bbinner-banner virtual-showroom\u00bb][vc_column][vc_raw_html]JTNDc2VjdGlvbiUyMGNsYXNzJTNEJTIyY2FiZWNlcmEtZGVzdGFjYWRhJTIyJTNFJTBBJTIwJTIwJTNDZGl2JTIwY2xhc3MlM0QlMjJqdW1ib3Ryb24lMjIlMjBpZCUzRCUyMmp1bWJvdHJvbiUyMiUyMGRhdGEtYXV0by1zbGlkZXIlM0QlMjIwJTIyJTIwcm9sZSUzRCUyMmltZyUyMiUyMHN0eWxlJTNEJTIyYmFja2dyb3VuZC1pbWFnZSUzQSUyMHVybCUyOCUyRndwLWNvbnRlbnQlMkZ1cGxvYWRzJTJGMjAyMSUyRjA4JTJGc2hvd3Jvb21fdGlsZXNfYmVsY2FpcmUuanBnJTI5JTNCJTIyJTNFJTBBJTIwJTIwJTIwJTIwJTNDc3BhbiUyMGNsYXNzJTNEJTIydmVsby0yNSUyMiUzRSUwQSUyMCUyMCUyMCUyMCUzQyUyRnNwYW4lM0UlMEElMjAlMjAlMjAlMjAlM0NkaXYlMjBjbGFzcyUzRCUyMmNvbnRhaW5lciUyMiUzRSUwQSUyMCUyMCUyMCUyMCUyMCUyMCUzQ2RpdiUyMGNsYXNzJTNEJTIycm93JTIyJTNFJTBBJTIwJTIwJTIwJTIwJTIwJTIwJTIwJTIwJTNDZGl2JTIwY2xhc3MlM0QlMjJjb2wtMTIlMjBjb2wtbWQtNyUyMiUzRSUwQSUyMCUyMCUyMCUyMCUyMCUyMCUyMCUyMCUyMCUyMCUzQ2RpdiUyMGNsYXNzJTNEJTIyc2xpZGVyLWNvbnRlbnQlMjIlM0UlMEElMjAlMjAlMjAlMjAlMjAlMjAlMjAlMjAlMjAlMjAlMjAlMjAlM0NoMiUzRVRvdXIlMjB2aXJ0dWFsJTIwc2hvd3Jvb20lMjBSb2NhJTIwQ2VyJUMzJUExbWljYSUzQyUyRmgyJTNFJTBBJTIwJTIwJTIwJTIwJTIwJTIwJTIwJTIwJTIwJTIwJTNDJTJGZGl2JTNFJTBBJTIwJTIwJTIwJTIwJTIwJTIwJTIwJTIwJTNDJTJGZGl2JTNFJTBBJTIwJTIwJTIwJTIwJTIwJTIwJTNDJTJGZGl2JTNFJTBBJTIwJTIwJTIwJTIwJTNDJTJGZGl2JTNFJTBBJTIwJTIwJTNDJTJGZGl2JTNFJTBBJTNDJTJGc2VjdGlvbiUzRQ==[\/vc_raw_html][\/vc_column][\/vc_row][vc_row css=\u00bb.vc_custom_1622183251032{padding-top: 50px !important;padding-left: 20% !important;}\u00bb mobile_bg_img_hidden=\u00bbno\u00bb tablet_bg_img_hidden=\u00bbno\u00bb woodmart_parallax=\u00bb0&#8243; woodmart_gradient_switch=\u00bbno\u00bb row_reverse_mobile=\u00bb0&#8243; row_reverse_tablet=\u00bb0&#8243; woodmart_disable_overflow=\u00bb0&#8243; el_class=\u00bbshowroom-content\u00bb][vc_column][vc_column_text woodmart_inline=\u00bbno\u00bb text_larger=\u00bbno\u00bb el_class=\u00bbtext-simple text-simple-centered\u00bb]<\/p>\n<h3>Tour virtual Showroom Roca Cer\u00e1mica<\/h3>\n<p>Nos gustar\u00eda verte en nuestras instalaciones, mientras te esperamos, ponemos a tu disposici\u00f3n recursos para que conozcas con detalle nuestros productos sin salir de tu entorno profesional.<\/p>\n<p>Accede al tour virtual del\u00a0Showroom\u00a0de Roca Cer\u00e1mica de la zona de exposici\u00f3n y de la zona Lab y descubre las colecciones en espacios singulares habilitados para que imagines las posibilidades del dise\u00f1o con Roca.<\/p>\n<p>El espacio\u00a0Showroom\u00a0habilitado en la sede de Belcaire nace para facilitar un entorno profesional pr\u00e1ctico y lleno de recursos para distribuidores, arquitectos, interioristas y amantes del dise\u00f1o. Gracias al tour virtual ahora tambi\u00e9n es posible combinar gamas crom\u00e1ticas, formatos, texturas y materiales de manera integral.<\/p>\n<p>[\/vc_column_text][vc_column_text woodmart_inline=\u00bbno\u00bb text_larger=\u00bbno\u00bb el_class=\u00bbtext-simple text-simple-centered\u00bb css=\u00bb.vc_custom_1629102761883{padding-top: 25px !important;}\u00bb]<a href=\"https:\/\/my.matterport.com\/show\/?m=oPKv6xd6UKz\" target=\"\" rel=\"noopener\"><strong>Accede al tour virtual:<\/strong><\/a><\/p>\n<p><a href=\"https:\/\/my.matterport.com\/show\/?m=oPKv6xd6UKz\"><img loading=\"lazy\" width=\"1000\" height=\"662\" class=\"alignnone wp-image-89370 size-full\" src=\"https:\/\/www.rocatiles.com\/wp-content\/uploads\/2021\/08\/virtual_showroom_tour.jpg\" alt=\"\" srcset=\"https:\/\/www.rocatiles.com\/wp-content\/uploads\/2021\/08\/virtual_showroom_tour.jpg 1000w, https:\/\/www.rocatiles.com\/wp-content\/uploads\/2021\/08\/virtual_showroom_tour-300x199.jpg 300w, https:\/\/www.rocatiles.com\/wp-content\/uploads\/2021\/08\/virtual_showroom_tour-768x508.jpg 768w, https:\/\/www.rocatiles.com\/wp-content\/uploads\/2021\/08\/virtual_showroom_tour-600x397.jpg 600w, https:\/\/www.rocatiles.com\/wp-content\/uploads\/2021\/08\/virtual_showroom_tour-150x99.jpg 150w\" sizes=\"(max-width: 1000px) 100vw, 1000px\" \/><\/a>[\/vc_column_text][vc_empty_space height=\u00bb182px\u00bb woodmart_hide_large=\u00bb0&#8243; woodmart_hide_medium=\u00bb0&#8243; woodmart_hide_small=\u00bb0&#8243; woodmart_hide_extra_small=\u00bb0&#8243;][\/vc_column][\/vc_row]<\/p>\n","protected":false},"excerpt":{"rendered":"<p>[vc_row full_width=\u00bbstretch_row_content\u00bb mobile_bg_img_hidden=\u00bbno\u00bb tablet_bg_img_hidden=\u00bbno\u00bb woodmart_parallax=\u00bb0&#8243; woodmart_gradient_switch=\u00bbno\u00bb row_reverse_mobile=\u00bb0&#8243; row_reverse_tablet=\u00bb0&#8243; woodmart_disable_overflow=\u00bb0&#8243; el_class=\u00bbinner-banner virtual-showroom\u00bb][vc_column][vc_raw_html]JTNDc2VjdGlvbiUyMGNsYXNzJTNEJTIyY2FiZWNlcmEtZGVzdGFjYWRhJTIyJTNFJTBBJTIwJTIwJTNDZGl2JTIwY2xhc3MlM0QlMjJqdW1ib3Ryb24lMjIlMjBpZCUzRCUyMmp1bWJvdHJvbiUyMiUyMGRhdGEtYXV0by1zbGlkZXIlM0QlMjIwJTIyJTIwcm9sZSUzRCUyMmltZyUyMiUyMHN0eWxlJTNEJTIyYmFja2dyb3VuZC1pbWFnZSUzQSUyMHVybCUyOCUyRndwLWNvbnRlbnQlMkZ1cGxvYWRzJTJGMjAyMSUyRjA4JTJGc2hvd3Jvb21fdGlsZXNfYmVsY2FpcmUuanBnJTI5JTNCJTIyJTNFJTBBJTIwJTIwJTIwJTIwJTNDc3BhbiUyMGNsYXNzJTNEJTIydmVsby0yNSUyMiUzRSUwQSUyMCUyMCUyMCUyMCUzQyUyRnNwYW4lM0UlMEElMjAlMjAlMjAlMjAlM0NkaXYlMjBjbGFzcyUzRCUyMmNvbnRhaW5lciUyMiUzRSUwQSUyMCUyMCUyMCUyMCUyMCUyMCUzQ2RpdiUyMGNsYXNzJTNEJTIycm93JTIyJTNFJTBBJTIwJTIwJTIwJTIwJTIwJTIwJTIwJTIwJTNDZGl2JTIwY2xhc3MlM0QlMjJjb2wtMTIlMjBjb2wtbWQtNyUyMiUzRSUwQSUyMCUyMCUyMCUyMCUyMCUyMCUyMCUyMCUyMCUyMCUzQ2RpdiUyMGNsYXNzJTNEJTIyc2xpZGVyLWNvbnRlbnQlMjIlM0UlMEElMjAlMjAlMjAlMjAlMjAlMjAlMjAlMjAlMjAlMjAlMjAlMjAlM0NoMiUzRVRvdXIlMjB2aXJ0dWFsJTIwc2hvd3Jvb20lMjBSb2NhJTIwQ2VyJUMzJUExbWljYSUzQyUyRmgyJTNFJTBBJTIwJTIwJTIwJTIwJTIwJTIwJTIwJTIwJTIwJTIwJTNDJTJGZGl2JTNFJTBBJTIwJTIwJTIwJTIwJTIwJTIwJTIwJTIwJTNDJTJGZGl2JTNFJTBBJTIwJTIwJTIwJTIwJTIwJTIwJTNDJTJGZGl2JTNFJTBBJTIwJTIwJTIwJTIwJTNDJTJGZGl2JTNFJTBBJTIwJTIwJTNDJTJGZGl2JTNFJTBBJTNDJTJGc2VjdGlvbiUzRQ==[\/vc_raw_html][\/vc_column][\/vc_row][vc_row css=\u00bb.vc_custom_1622183251032{padding-top: 50px !important;padding-left: 20% !important;}\u00bb mobile_bg_img_hidden=\u00bbno\u00bb tablet_bg_img_hidden=\u00bbno\u00bb woodmart_parallax=\u00bb0&#8243; woodmart_gradient_switch=\u00bbno\u00bb<\/p>\n","protected":false},"author":10,"featured_media":0,"parent":0,"menu_order":0,"comment_status":"closed","ping_status":"closed","template":"","meta":[],"yoast_head":"<!-- This site is optimized with the Yoast SEO Premium plugin v16.4 (Yoast SEO v16.4) - https:\/\/yoast.com\/wordpress\/plugins\/seo\/ -->\n<title>Showroom Virtual - Roca Cer\u00e1mica<\/title>\n<meta name=\"robots\" content=\"index, follow, max-snippet:-1, max-image-preview:large, max-video-preview:-1\" \/>\n<link rel=\"canonical\" href=\"https:\/\/www.rocatiles.com\/es\/showroom-tour-virtual\/\" \/>\n<meta property=\"og:locale\" content=\"es_ES\" \/>\n<meta property=\"og:type\" content=\"article\" \/>\n<meta property=\"og:title\" content=\"Showroom Virtual - Roca Cer\u00e1mica\" \/>\n<meta property=\"og:description\" content=\"[vc_row full_width=\u00bbstretch_row_content\u00bb mobile_bg_img_hidden=\u00bbno\u00bb tablet_bg_img_hidden=\u00bbno\u00bb woodmart_parallax=\u00bb0&#8243; woodmart_gradient_switch=\u00bbno\u00bb row_reverse_mobile=\u00bb0&#8243; row_reverse_tablet=\u00bb0&#8243; woodmart_disable_overflow=\u00bb0&#8243; el_class=\u00bbinner-banner virtual-showroom\u00bb][vc_column][vc_raw_html]JTNDc2VjdGlvbiUyMGNsYXNzJTNEJTIyY2FiZWNlcmEtZGVzdGFjYWRhJTIyJTNFJTBBJTIwJTIwJTNDZGl2JTIwY2xhc3MlM0QlMjJqdW1ib3Ryb24lMjIlMjBpZCUzRCUyMmp1bWJvdHJvbiUyMiUyMGRhdGEtYXV0by1zbGlkZXIlM0QlMjIwJTIyJTIwcm9sZSUzRCUyMmltZyUyMiUyMHN0eWxlJTNEJTIyYmFja2dyb3VuZC1pbWFnZSUzQSUyMHVybCUyOCUyRndwLWNvbnRlbnQlMkZ1cGxvYWRzJTJGMjAyMSUyRjA4JTJGc2hvd3Jvb21fdGlsZXNfYmVsY2FpcmUuanBnJTI5JTNCJTIyJTNFJTBBJTIwJTIwJTIwJTIwJTNDc3BhbiUyMGNsYXNzJTNEJTIydmVsby0yNSUyMiUzRSUwQSUyMCUyMCUyMCUyMCUzQyUyRnNwYW4lM0UlMEElMjAlMjAlMjAlMjAlM0NkaXYlMjBjbGFzcyUzRCUyMmNvbnRhaW5lciUyMiUzRSUwQSUyMCUyMCUyMCUyMCUyMCUyMCUzQ2RpdiUyMGNsYXNzJTNEJTIycm93JTIyJTNFJTBBJTIwJTIwJTIwJTIwJTIwJTIwJTIwJTIwJTNDZGl2JTIwY2xhc3MlM0QlMjJjb2wtMTIlMjBjb2wtbWQtNyUyMiUzRSUwQSUyMCUyMCUyMCUyMCUyMCUyMCUyMCUyMCUyMCUyMCUzQ2RpdiUyMGNsYXNzJTNEJTIyc2xpZGVyLWNvbnRlbnQlMjIlM0UlMEElMjAlMjAlMjAlMjAlMjAlMjAlMjAlMjAlMjAlMjAlMjAlMjAlM0NoMiUzRVRvdXIlMjB2aXJ0dWFsJTIwc2hvd3Jvb20lMjBSb2NhJTIwQ2VyJUMzJUExbWljYSUzQyUyRmgyJTNFJTBBJTIwJTIwJTIwJTIwJTIwJTIwJTIwJTIwJTIwJTIwJTNDJTJGZGl2JTNFJTBBJTIwJTIwJTIwJTIwJTIwJTIwJTIwJTIwJTNDJTJGZGl2JTNFJTBBJTIwJTIwJTIwJTIwJTIwJTIwJTNDJTJGZGl2JTNFJTBBJTIwJTIwJTIwJTIwJTNDJTJGZGl2JTNFJTBBJTIwJTIwJTNDJTJGZGl2JTNFJTBBJTNDJTJGc2VjdGlvbiUzRQ==[\/vc_raw_html][\/vc_column][\/vc_row][vc_row css=\u00bb.vc_custom_1622183251032{padding-top: 50px !important;padding-left: 20% !important;}\u00bb mobile_bg_img_hidden=\u00bbno\u00bb tablet_bg_img_hidden=\u00bbno\u00bb woodmart_parallax=\u00bb0&#8243; woodmart_gradient_switch=\u00bbno\u00bb\" \/>\n<meta property=\"og:url\" content=\"https:\/\/www.rocatiles.com\/es\/showroom-tour-virtual\/\" \/>\n<meta property=\"og:site_name\" content=\"Roca Cer\u00e1mica\" \/>\n<meta property=\"article:modified_time\" content=\"2021-08-23T12:56:39+00:00\" \/>\n<meta property=\"og:image\" content=\"https:\/\/www.rocatiles.com\/wp-content\/uploads\/2021\/08\/virtual_showroom_tour.jpg\" \/>\n<meta name=\"twitter:card\" content=\"summary_large_image\" \/>\n<meta name=\"twitter:label1\" content=\"Tiempo de lectura\" \/>\n\t<meta name=\"twitter:data1\" content=\"1 minuto\" \/>\n<script type=\"application\/ld+json\" class=\"yoast-schema-graph\">{\"@context\":\"https:\/\/schema.org\",\"@graph\":[{\"@type\":\"WebSite\",\"@id\":\"https:\/\/www.rocatiles.com\/#website\",\"url\":\"https:\/\/www.rocatiles.com\/\",\"name\":\"Roca Cer\\u00e1mica\",\"description\":\"Pavimentos y revestimientos | Azulejos | Roca | ROCA Ba\\u00f1os\",\"potentialAction\":[{\"@type\":\"SearchAction\",\"target\":\"https:\/\/www.rocatiles.com\/?s={search_term_string}\",\"query-input\":\"required name=search_term_string\"}],\"inLanguage\":\"es\"},{\"@type\":\"ImageObject\",\"@id\":\"https:\/\/www.rocatiles.com\/es\/showroom-tour-virtual\/#primaryimage\",\"inLanguage\":\"es\",\"url\":\"https:\/\/www.rocatiles.com\/wp-content\/uploads\/2021\/08\/virtual_showroom_tour.jpg\",\"contentUrl\":\"https:\/\/www.rocatiles.com\/wp-content\/uploads\/2021\/08\/virtual_showroom_tour.jpg\",\"width\":1000,\"height\":662},{\"@type\":\"WebPage\",\"@id\":\"https:\/\/www.rocatiles.com\/es\/showroom-tour-virtual\/#webpage\",\"url\":\"https:\/\/www.rocatiles.com\/es\/showroom-tour-virtual\/\",\"name\":\"Showroom Virtual - Roca Cer\\u00e1mica\",\"isPartOf\":{\"@id\":\"https:\/\/www.rocatiles.com\/#website\"},\"primaryImageOfPage\":{\"@id\":\"https:\/\/www.rocatiles.com\/es\/showroom-tour-virtual\/#primaryimage\"},\"datePublished\":\"2021-05-02T14:50:10+00:00\",\"dateModified\":\"2021-08-23T12:56:39+00:00\",\"breadcrumb\":{\"@id\":\"https:\/\/www.rocatiles.com\/es\/showroom-tour-virtual\/#breadcrumb\"},\"inLanguage\":\"es\",\"potentialAction\":[{\"@type\":\"ReadAction\",\"target\":[\"https:\/\/www.rocatiles.com\/es\/showroom-tour-virtual\/\"]}]},{\"@type\":\"BreadcrumbList\",\"@id\":\"https:\/\/www.rocatiles.com\/es\/showroom-tour-virtual\/#breadcrumb\",\"itemListElement\":[{\"@type\":\"ListItem\",\"position\":1,\"item\":{\"@type\":\"WebPage\",\"@id\":\"https:\/\/www.rocatiles.com\/es\/\",\"url\":\"https:\/\/www.rocatiles.com\/es\/\",\"name\":\"Home\"}},{\"@type\":\"ListItem\",\"position\":2,\"item\":{\"@id\":\"https:\/\/www.rocatiles.com\/es\/showroom-tour-virtual\/#webpage\"}}]}]}<\/script>\n<!-- \/ Yoast SEO Premium plugin. -->","_links":{"self":[{"href":"https:\/\/www.rocatiles.com\/es\/wp-json\/wp\/v2\/pages\/7585"}],"collection":[{"href":"https:\/\/www.rocatiles.com\/es\/wp-json\/wp\/v2\/pages"}],"about":[{"href":"https:\/\/www.rocatiles.com\/es\/wp-json\/wp\/v2\/types\/page"}],"author":[{"embeddable":true,"href":"https:\/\/www.rocatiles.com\/es\/wp-json\/wp\/v2\/users\/10"}],"replies":[{"embeddable":true,"href":"https:\/\/www.rocatiles.com\/es\/wp-json\/wp\/v2\/comments?post=7585"}],"version-history":[{"count":33,"href":"https:\/\/www.rocatiles.com\/es\/wp-json\/wp\/v2\/pages\/7585\/revisions"}],"predecessor-version":[{"id":109016,"href":"https:\/\/www.rocatiles.com\/es\/wp-json\/wp\/v2\/pages\/7585\/revisions\/109016"}],"wp:attachment":[{"href":"https:\/\/www.rocatiles.com\/es\/wp-json\/wp\/v2\/media?parent=7585"}],"curies":[{"name":"wp","href":"https:\/\/api.w.org\/{rel}","templated":true}]}}