{"id":7707,"date":"2021-05-05T04:43:24","date_gmt":"2021-05-05T04:43:24","guid":{"rendered":"https:\/\/www.rocatiles.com\/?page_id=7707"},"modified":"2026-04-28T09:31:59","modified_gmt":"2026-04-28T09:31:59","slug":"sostenibilidad","status":"publish","type":"page","link":"https:\/\/www.rocatiles.com\/es\/sostenibilidad\/","title":{"rendered":"Sostenibilidad"},"content":{"rendered":"<p>[vc_row full_width=\u00bbstretch_row_content\u00bb el_class=\u00bbsobre-rocatiles-title-div\u00bb mobile_bg_img_hidden=\u00bbno\u00bb tablet_bg_img_hidden=\u00bbno\u00bb woodmart_parallax=\u00bb0&#8243; woodmart_gradient_switch=\u00bbno\u00bb row_reverse_mobile=\u00bb0&#8243; row_reverse_tablet=\u00bb0&#8243; woodmart_disable_overflow=\u00bb0&#8243; css=\u00bb.vc_custom_1777362303633{background-image: url(https:\/\/www.rocatiles.com\/wp-content\/uploads\/2026\/04\/stephanie-mood-scaled.jpg?id=118340) !important;background-position: center !important;background-repeat: no-repeat !important;background-size: cover !important;}\u00bb][vc_column][vc_row_inner row_reverse_mobile=\u00bb0&#8243; row_reverse_tablet=\u00bb0&#8243; el_class=\u00bbsobre-rocatiles-titles prensa-h\u00bb][vc_column_inner][vc_custom_heading text=\u00bbSostenibilidad\u00bb font_container=\u00bbtag:h1|font_size:70px|text_align:left|color:%23ffffff\u00bb][vc_custom_heading text=\u00bbTenemos un compromiso con el planeta y con la sociedad que nos impulsa a avanzar hacia un modelo m\u00e1s responsable, basado en la mejora continua de nuestros procesos, la reducci\u00f3n del impacto ambiental y la optimizaci\u00f3n de recursos, respaldado por certificaciones internacionales que garantizan los m\u00e1s altos est\u00e1ndares de calidad y sostenibilidad.\u00bb font_container=\u00bbtag:p|font_size:15px|text_align:left|color:%23ffffff\u00bb google_fonts=\u00bbfont_family:Roboto%3A100%2C100italic%2C300%2C300italic%2Cregular%2Citalic%2C500%2C500italic%2C700%2C700italic%2C900%2C900italic|font_style:300%20light%20regular%3A300%3Anormal\u00bb][\/vc_column_inner][\/vc_row_inner][\/vc_column][vc_column][vc_empty_space height=\u00bb64px\u00bb woodmart_hide_large=\u00bb0&#8243; woodmart_hide_medium=\u00bb0&#8243; woodmart_hide_small=\u00bb0&#8243; woodmart_hide_extra_small=\u00bb0&#8243;][\/vc_column][\/vc_row][vc_row mobile_bg_img_hidden=\u00bbno\u00bb tablet_bg_img_hidden=\u00bbno\u00bb woodmart_parallax=\u00bb0&#8243; woodmart_gradient_switch=\u00bbno\u00bb row_reverse_mobile=\u00bb0&#8243; row_reverse_tablet=\u00bb0&#8243; woodmart_disable_overflow=\u00bb0&#8243; css=\u00bb.vc_custom_1777365946290{margin-top: 64px !important;}\u00bb][vc_column css=\u00bb.vc_custom_1626702670471{padding-left: 0px !important;}\u00bb mobile_bg_img_hidden=\u00bbno\u00bb tablet_bg_img_hidden=\u00bbno\u00bb woodmart_parallax=\u00bb0&#8243; woodmart_sticky_column=\u00bbfalse\u00bb parallax_scroll=\u00bbno\u00bb mobile_reset_margin=\u00bbno\u00bb tablet_reset_margin=\u00bbno\u00bb][vc_raw_html]JTNDZGl2JTIwY2xhc3MlM0QlMjJzb2JyZS1tLXQtNzAlMjIlM0UlMEElMjAlM0NkaXYlMjBjbGFzcyUzRCUyMmJyZWFkY3J1bWJzJTIyJTNFJTBBJTIwJTIwJTNDYSUyMGhyZWYlM0QlMjIlMkYlMjIlMjByZWwlM0QlMjJ2JTNBdXJsJTIyJTIwcHJvcGVydHklM0QlMjJ2JTNBdGl0bGUlMjIlM0UlMjBJbmljaW8lM0MlMkZhJTNFJTBBJTIwJTIwJTNDYSUyMGNsYXNzJTNEJTIyYWZ0ZXItY2hpbGQtYnJlYWRjcnVtYnMlMjIlMjBocmVmJTNEJTIyJTJGc29icmUtcm9jYXRpbGVzJTIyJTIwcmVsJTNEJTIydiUzQXVybCUyMiUyMHByb3BlcnR5JTNEJTIydiUzQXRpdGxlJTIyJTNFJTIwU29icmUlMjBSb2NhdGlsZXMlM0MlMkZhJTNFJTBBJTIwJTIwJTNDJTJGZGl2JTNFJTBBJTNDJTJGZGl2JTNF[\/vc_raw_html][\/vc_column][\/vc_row][vc_row css=\u00bb.vc_custom_1626684655090{padding-bottom: 50px !important;}\u00bb mobile_bg_img_hidden=\u00bbno\u00bb tablet_bg_img_hidden=\u00bbno\u00bb woodmart_parallax=\u00bb0&#8243; woodmart_gradient_switch=\u00bbno\u00bb row_reverse_mobile=\u00bb0&#8243; row_reverse_tablet=\u00bb0&#8243; woodmart_disable_overflow=\u00bb0&#8243;][vc_column width=\u00bb7\/12&#8243; css=\u00bb.vc_custom_1626702685193{padding-left: 0px !important;}\u00bb mobile_bg_img_hidden=\u00bbno\u00bb tablet_bg_img_hidden=\u00bbno\u00bb woodmart_parallax=\u00bb0&#8243; woodmart_sticky_column=\u00bbfalse\u00bb parallax_scroll=\u00bbno\u00bb mobile_reset_margin=\u00bbno\u00bb tablet_reset_margin=\u00bbno\u00bb][vc_column_text woodmart_inline=\u00bbno\u00bb text_larger=\u00bbno\u00bb]El compromiso de Roca Tiles con el cuidado del entorno y el respeto al medio ambiente forma parte esencial de nuestra filosof\u00eda empresarial. Desde nuestros inicios, trabajamos para minimizar el impacto ambiental de nuestra actividad, integrando criterios de sostenibilidad en todos nuestros procesos y reforzando nuestra responsabilidad con la sociedad. Este compromiso se traduce en una apuesta constante por la calidad de nuestros productos y por la mejora continua de nuestros sistemas de gesti\u00f3n, respaldados por certificaciones internacionales que garantizan el cumplimiento de los m\u00e1s altos est\u00e1ndares.<\/p>\n<h4><strong>ISO 9001<\/strong><\/h4>\n<p>Roca Tiles cuenta con la certificaci\u00f3n ISO 9001, que avala la calidad en el dise\u00f1o y la comercializaci\u00f3n de nuestras soluciones cer\u00e1micas, reforzando la confianza y satisfacci\u00f3n de clientes y colaboradores. Este sistema promueve una cultura de mejora continua orientada a garantizar la consistencia y excelencia de nuestros productos.<\/p>\n<p>\u00b7\u00a0<a href=\"https:\/\/www.rocatiles.com\/wp-content\/uploads\/2026\/04\/CertificadoER-2015-2001_ES_2026-04-22.pdf\" target=\"_blank\" rel=\"noopener\">Certitificado ISO 9001 de Gesti\u00f3n de la calidad &#8211; AENOR ER-2015\/2001<\/a><\/p>\n<p>\u00b7\u00a0<a href=\"https:\/\/www.rocatiles.com\/wp-content\/uploads\/2026\/04\/IQNetES-2015-2001_2026-04-22.pdf\" target=\"_blank\" rel=\"noopener\">Certificado ISO 9001:2015 IQNET<\/a><\/p>\n<h4><strong>ISO 14001<\/strong><\/h4>\n<p>Disponemos de la certificaci\u00f3n ISO 14001, que establece un marco para la gesti\u00f3n ambiental de nuestra actividad. A trav\u00e9s de ella, trabajamos en la reducci\u00f3n del impacto ambiental de nuestros procesos, fomentando la eficiencia en el uso de recursos y la mejora continua.<\/p>\n<p>\u00b7\u00a0<a href=\"https:\/\/www.rocatiles.com\/wp-content\/uploads\/2026\/04\/CertificadoGA-2006-0013_ES_2026-04-22.pdf\" target=\"_blank\" rel=\"noopener\">Certificado ISO 14001 de Gesti\u00f3n ambiental &#8211; AENOR GA-2006\/0013<\/a><\/p>\n<p>\u00b7\u00a0<a href=\"https:\/\/www.rocatiles.com\/wp-content\/uploads\/2026\/04\/IQNetES-2006-0013_2026-04-22.pdf\" target=\"_blank\" rel=\"noopener\">Certificado ISO 14001:2015 IQNET<\/a><\/p>\n<h4><strong>Declaraciones Ambientales de Producto (DAP)<\/strong><\/h4>\n<p>Roca Tiles desarrolla Declaraciones Ambientales de Producto que aportan informaci\u00f3n transparente, objetiva y verificada sobre el comportamiento ambiental de nuestros productos a lo largo de todo su ciclo de vida. Estas declaraciones, auditadas por organismos independientes, facilitan la toma de decisiones en proyectos de arquitectura y construcci\u00f3n sostenible.<\/p>\n<p>Estas certificaciones, reconocidas a nivel internacional, garantizan el cumplimiento de exigentes est\u00e1ndares de calidad, seguridad y comportamiento ambiental, reforzando la fiabilidad de nuestros productos en distintos mercados.<\/p>\n<p>En Roca Tiles entendemos la sostenibilidad como un proceso en constante evoluci\u00f3n, que impulsa la innovaci\u00f3n y nos permite avanzar hacia un modelo de producci\u00f3n m\u00e1s responsable, eficiente y alineado con los retos del futuro.[\/vc_column_text][\/vc_column][vc_column width=\u00bb5\/12&#8243;][\/vc_column][\/vc_row]<\/p>\n","protected":false},"excerpt":{"rendered":"<p>[vc_row full_width=\u00bbstretch_row_content\u00bb el_class=\u00bbsobre-rocatiles-title-div\u00bb mobile_bg_img_hidden=\u00bbno\u00bb tablet_bg_img_hidden=\u00bbno\u00bb woodmart_parallax=\u00bb0&#8243; woodmart_gradient_switch=\u00bbno\u00bb row_reverse_mobile=\u00bb0&#8243; row_reverse_tablet=\u00bb0&#8243; woodmart_disable_overflow=\u00bb0&#8243; css=\u00bb.vc_custom_1777362303633{background-image: url(https:\/\/www.rocatiles.com\/wp-content\/uploads\/2026\/04\/stephanie-mood-scaled.jpg?id=118340) !important;background-position: center !important;background-repeat: no-repeat !important;background-size: cover !important;}\u00bb][vc_column][vc_row_inner row_reverse_mobile=\u00bb0&#8243;<\/p>\n","protected":false},"author":10,"featured_media":0,"parent":0,"menu_order":0,"comment_status":"closed","ping_status":"closed","template":"","meta":[],"yoast_head":"<!-- This site is optimized with the Yoast SEO Premium plugin v16.4 (Yoast SEO v16.4) - https:\/\/yoast.com\/wordpress\/plugins\/seo\/ -->\n<title>Sostenibilidad - Roca Cer\u00e1mica<\/title>\n<meta name=\"robots\" content=\"index, follow, max-snippet:-1, max-image-preview:large, max-video-preview:-1\" \/>\n<link rel=\"canonical\" href=\"https:\/\/www.rocatiles.com\/es\/sostenibilidad\/\" \/>\n<meta property=\"og:locale\" content=\"es_ES\" \/>\n<meta property=\"og:type\" content=\"article\" \/>\n<meta property=\"og:title\" content=\"Sostenibilidad - Roca Cer\u00e1mica\" \/>\n<meta property=\"og:description\" content=\"[vc_row full_width=\u00bbstretch_row_content\u00bb el_class=\u00bbsobre-rocatiles-title-div\u00bb mobile_bg_img_hidden=\u00bbno\u00bb tablet_bg_img_hidden=\u00bbno\u00bb woodmart_parallax=\u00bb0&#8243; woodmart_gradient_switch=\u00bbno\u00bb row_reverse_mobile=\u00bb0&#8243; row_reverse_tablet=\u00bb0&#8243; woodmart_disable_overflow=\u00bb0&#8243; css=\u00bb.vc_custom_1777362303633{background-image: url(https:\/\/www.rocatiles.com\/wp-content\/uploads\/2026\/04\/stephanie-mood-scaled.jpg?id=118340) !important;background-position: center !important;background-repeat: no-repeat !important;background-size: cover !important;}\u00bb][vc_column][vc_row_inner row_reverse_mobile=\u00bb0&#8243;\" \/>\n<meta property=\"og:url\" content=\"https:\/\/www.rocatiles.com\/es\/sostenibilidad\/\" \/>\n<meta property=\"og:site_name\" content=\"Roca Cer\u00e1mica\" \/>\n<meta property=\"article:modified_time\" content=\"2026-04-28T09:31:59+00:00\" \/>\n<meta name=\"twitter:card\" content=\"summary_large_image\" \/>\n<meta name=\"twitter:label1\" content=\"Tiempo de lectura\" \/>\n\t<meta name=\"twitter:data1\" content=\"2 minutos\" \/>\n<script type=\"application\/ld+json\" class=\"yoast-schema-graph\">{\"@context\":\"https:\/\/schema.org\",\"@graph\":[{\"@type\":\"WebSite\",\"@id\":\"https:\/\/www.rocatiles.com\/#website\",\"url\":\"https:\/\/www.rocatiles.com\/\",\"name\":\"Roca Cer\\u00e1mica\",\"description\":\"Pavimentos y revestimientos | Azulejos | Roca | ROCA Ba\\u00f1os\",\"potentialAction\":[{\"@type\":\"SearchAction\",\"target\":\"https:\/\/www.rocatiles.com\/?s={search_term_string}\",\"query-input\":\"required name=search_term_string\"}],\"inLanguage\":\"es\"},{\"@type\":\"WebPage\",\"@id\":\"https:\/\/www.rocatiles.com\/es\/sostenibilidad\/#webpage\",\"url\":\"https:\/\/www.rocatiles.com\/es\/sostenibilidad\/\",\"name\":\"Sostenibilidad - Roca Cer\\u00e1mica\",\"isPartOf\":{\"@id\":\"https:\/\/www.rocatiles.com\/#website\"},\"datePublished\":\"2021-05-05T04:43:24+00:00\",\"dateModified\":\"2026-04-28T09:31:59+00:00\",\"breadcrumb\":{\"@id\":\"https:\/\/www.rocatiles.com\/es\/sostenibilidad\/#breadcrumb\"},\"inLanguage\":\"es\",\"potentialAction\":[{\"@type\":\"ReadAction\",\"target\":[\"https:\/\/www.rocatiles.com\/es\/sostenibilidad\/\"]}]},{\"@type\":\"BreadcrumbList\",\"@id\":\"https:\/\/www.rocatiles.com\/es\/sostenibilidad\/#breadcrumb\",\"itemListElement\":[{\"@type\":\"ListItem\",\"position\":1,\"item\":{\"@type\":\"WebPage\",\"@id\":\"https:\/\/www.rocatiles.com\/es\/\",\"url\":\"https:\/\/www.rocatiles.com\/es\/\",\"name\":\"Home\"}},{\"@type\":\"ListItem\",\"position\":2,\"item\":{\"@id\":\"https:\/\/www.rocatiles.com\/es\/sostenibilidad\/#webpage\"}}]}]}<\/script>\n<!-- \/ Yoast SEO Premium plugin. -->","_links":{"self":[{"href":"https:\/\/www.rocatiles.com\/es\/wp-json\/wp\/v2\/pages\/7707"}],"collection":[{"href":"https:\/\/www.rocatiles.com\/es\/wp-json\/wp\/v2\/pages"}],"about":[{"href":"https:\/\/www.rocatiles.com\/es\/wp-json\/wp\/v2\/types\/page"}],"author":[{"embeddable":true,"href":"https:\/\/www.rocatiles.com\/es\/wp-json\/wp\/v2\/users\/10"}],"replies":[{"embeddable":true,"href":"https:\/\/www.rocatiles.com\/es\/wp-json\/wp\/v2\/comments?post=7707"}],"version-history":[{"count":41,"href":"https:\/\/www.rocatiles.com\/es\/wp-json\/wp\/v2\/pages\/7707\/revisions"}],"predecessor-version":[{"id":118353,"href":"https:\/\/www.rocatiles.com\/es\/wp-json\/wp\/v2\/pages\/7707\/revisions\/118353"}],"wp:attachment":[{"href":"https:\/\/www.rocatiles.com\/es\/wp-json\/wp\/v2\/media?parent=7707"}],"curies":[{"name":"wp","href":"https:\/\/api.w.org\/{rel}","templated":true}]}}