{"id":7709,"date":"2021-05-05T04:45:05","date_gmt":"2021-05-05T04:45:05","guid":{"rendered":"https:\/\/www.rocatiles.com\/?page_id=7709"},"modified":"2021-05-27T10:12:50","modified_gmt":"2021-05-27T10:12:50","slug":"diseno-e-innovacion","status":"publish","type":"page","link":"https:\/\/www.rocatiles.com\/es\/diseno-e-innovacion\/","title":{"rendered":"Dise\u00f1o e innovaci\u00f3n"},"content":{"rendered":"<p>[vc_row full_width=\u00bbstretch_row_content_no_spaces\u00bb el_class=\u00bbsobre-rocatiles-title-div\u00bb mobile_bg_img_hidden=\u00bbno\u00bb tablet_bg_img_hidden=\u00bbno\u00bb woodmart_parallax=\u00bb0&#8243; woodmart_gradient_switch=\u00bbno\u00bb row_reverse_mobile=\u00bb0&#8243; row_reverse_tablet=\u00bb0&#8243; woodmart_disable_overflow=\u00bb0&#8243;][vc_column][vc_raw_html]JTNDaW1hZ2UlMjBhbHQlM0QlMjJEaXNlJUMzJUIxbyUyMGUlMjBpbm5vdmFjaSVDMyVCM24lMjIlMjBzcmMlM0QlMjIlMkZ3cC1jb250ZW50JTJGdXBsb2FkcyUyRjIwMjElMkYwNSUyRmRpc2Vub19pbm5vdmFjaW9uLmpwZyUyMiUzRSUzQyUyRmltYWdlJTNF[\/vc_raw_html][vc_row_inner el_class=\u00bbsobre-rocatiles-titles\u00bb row_reverse_mobile=\u00bb0&#8243; row_reverse_tablet=\u00bb0&#8243;][vc_column_inner][vc_custom_heading text=\u00bbDise\u00f1o e innovaci\u00f3n\u00bb font_container=\u00bbtag:h1|font_size:70px|text_align:left|color:%23ffffff\u00bb][vc_custom_heading text=\u00bbRoca apuesta por la innovaci\u00f3n, presente desde la misma concepci\u00f3n y dise\u00f1o del producto hasta su producci\u00f3n, log\u00edstica y distribuci\u00f3n.\u00bb font_container=\u00bbtag:p|font_size:15px|text_align:left|color:%23ffffff\u00bb google_fonts=\u00bbfont_family:Roboto%3A100%2C100italic%2C300%2C300italic%2Cregular%2Citalic%2C500%2C500italic%2C700%2C700italic%2C900%2C900italic|font_style:300%20light%20regular%3A300%3Anormal\u00bb][\/vc_column_inner][\/vc_row_inner][\/vc_column][\/vc_row]<\/p>\n","protected":false},"excerpt":{"rendered":"<p>[vc_row full_width=\u00bbstretch_row_content_no_spaces\u00bb el_class=\u00bbsobre-rocatiles-title-div\u00bb mobile_bg_img_hidden=\u00bbno\u00bb tablet_bg_img_hidden=\u00bbno\u00bb woodmart_parallax=\u00bb0&#8243; woodmart_gradient_switch=\u00bbno\u00bb row_reverse_mobile=\u00bb0&#8243; row_reverse_tablet=\u00bb0&#8243; woodmart_disable_overflow=\u00bb0&#8243;][vc_column][vc_raw_html]JTNDaW1hZ2UlMjBhbHQlM0QlMjJEaXNlJUMzJUIxbyUyMGUlMjBpbm5vdmFjaSVDMyVCM24lMjIlMjBzcmMlM0QlMjIlMkZ3cC1jb250ZW50JTJGdXBsb2FkcyUyRjIwMjElMkYwNSUyRmRpc2Vub19pbm5vdmFjaW9uLmpwZyUyMiUzRSUzQyUyRmltYWdlJTNF[\/vc_raw_html][vc_row_inner el_class=\u00bbsobre-rocatiles-titles\u00bb row_reverse_mobile=\u00bb0&#8243; row_reverse_tablet=\u00bb0&#8243;][vc_column_inner][vc_custom_heading text=\u00bbDise\u00f1o e innovaci\u00f3n\u00bb font_container=\u00bbtag:h1|font_size:70px|text_align:left|color:%23ffffff\u00bb][vc_custom_heading text=\u00bbRoca apuesta por<\/p>\n","protected":false},"author":10,"featured_media":0,"parent":0,"menu_order":0,"comment_status":"closed","ping_status":"closed","template":"","meta":[],"yoast_head":"<!-- This site is optimized with the Yoast SEO Premium plugin v16.4 (Yoast SEO v16.4) - https:\/\/yoast.com\/wordpress\/plugins\/seo\/ -->\n<title>Dise\u00f1o e innovaci\u00f3n - Roca Cer\u00e1mica<\/title>\n<meta name=\"robots\" content=\"index, follow, max-snippet:-1, max-image-preview:large, max-video-preview:-1\" \/>\n<link rel=\"canonical\" href=\"https:\/\/www.rocatiles.com\/es\/diseno-e-innovacion\/\" \/>\n<meta property=\"og:locale\" content=\"es_ES\" \/>\n<meta property=\"og:type\" content=\"article\" \/>\n<meta property=\"og:title\" content=\"Dise\u00f1o e innovaci\u00f3n - Roca Cer\u00e1mica\" \/>\n<meta property=\"og:description\" content=\"[vc_row full_width=\u00bbstretch_row_content_no_spaces\u00bb el_class=\u00bbsobre-rocatiles-title-div\u00bb mobile_bg_img_hidden=\u00bbno\u00bb tablet_bg_img_hidden=\u00bbno\u00bb woodmart_parallax=\u00bb0&#8243; woodmart_gradient_switch=\u00bbno\u00bb row_reverse_mobile=\u00bb0&#8243; row_reverse_tablet=\u00bb0&#8243; woodmart_disable_overflow=\u00bb0&#8243;][vc_column][vc_raw_html]JTNDaW1hZ2UlMjBhbHQlM0QlMjJEaXNlJUMzJUIxbyUyMGUlMjBpbm5vdmFjaSVDMyVCM24lMjIlMjBzcmMlM0QlMjIlMkZ3cC1jb250ZW50JTJGdXBsb2FkcyUyRjIwMjElMkYwNSUyRmRpc2Vub19pbm5vdmFjaW9uLmpwZyUyMiUzRSUzQyUyRmltYWdlJTNF[\/vc_raw_html][vc_row_inner el_class=\u00bbsobre-rocatiles-titles\u00bb row_reverse_mobile=\u00bb0&#8243; row_reverse_tablet=\u00bb0&#8243;][vc_column_inner][vc_custom_heading text=\u00bbDise\u00f1o e innovaci\u00f3n\u00bb font_container=\u00bbtag:h1|font_size:70px|text_align:left|color:%23ffffff\u00bb][vc_custom_heading text=\u00bbRoca apuesta por\" \/>\n<meta property=\"og:url\" content=\"https:\/\/www.rocatiles.com\/es\/diseno-e-innovacion\/\" \/>\n<meta property=\"og:site_name\" content=\"Roca Cer\u00e1mica\" \/>\n<meta property=\"article:modified_time\" content=\"2021-05-27T10:12:50+00:00\" \/>\n<meta name=\"twitter:card\" content=\"summary_large_image\" \/>\n<meta name=\"twitter:label1\" content=\"Tiempo de lectura\" \/>\n\t<meta name=\"twitter:data1\" content=\"1 minuto\" \/>\n<script type=\"application\/ld+json\" class=\"yoast-schema-graph\">{\"@context\":\"https:\/\/schema.org\",\"@graph\":[{\"@type\":\"WebSite\",\"@id\":\"https:\/\/www.rocatiles.com\/#website\",\"url\":\"https:\/\/www.rocatiles.com\/\",\"name\":\"Roca Cer\\u00e1mica\",\"description\":\"Pavimentos y revestimientos | Azulejos | Roca | ROCA Ba\\u00f1os\",\"potentialAction\":[{\"@type\":\"SearchAction\",\"target\":\"https:\/\/www.rocatiles.com\/?s={search_term_string}\",\"query-input\":\"required name=search_term_string\"}],\"inLanguage\":\"es\"},{\"@type\":\"WebPage\",\"@id\":\"https:\/\/www.rocatiles.com\/es\/diseno-e-innovacion\/#webpage\",\"url\":\"https:\/\/www.rocatiles.com\/es\/diseno-e-innovacion\/\",\"name\":\"Dise\\u00f1o e innovaci\\u00f3n - Roca Cer\\u00e1mica\",\"isPartOf\":{\"@id\":\"https:\/\/www.rocatiles.com\/#website\"},\"datePublished\":\"2021-05-05T04:45:05+00:00\",\"dateModified\":\"2021-05-27T10:12:50+00:00\",\"breadcrumb\":{\"@id\":\"https:\/\/www.rocatiles.com\/es\/diseno-e-innovacion\/#breadcrumb\"},\"inLanguage\":\"es\",\"potentialAction\":[{\"@type\":\"ReadAction\",\"target\":[\"https:\/\/www.rocatiles.com\/es\/diseno-e-innovacion\/\"]}]},{\"@type\":\"BreadcrumbList\",\"@id\":\"https:\/\/www.rocatiles.com\/es\/diseno-e-innovacion\/#breadcrumb\",\"itemListElement\":[{\"@type\":\"ListItem\",\"position\":1,\"item\":{\"@type\":\"WebPage\",\"@id\":\"https:\/\/www.rocatiles.com\/es\/\",\"url\":\"https:\/\/www.rocatiles.com\/es\/\",\"name\":\"Home\"}},{\"@type\":\"ListItem\",\"position\":2,\"item\":{\"@id\":\"https:\/\/www.rocatiles.com\/es\/diseno-e-innovacion\/#webpage\"}}]}]}<\/script>\n<!-- \/ Yoast SEO Premium plugin. -->","_links":{"self":[{"href":"https:\/\/www.rocatiles.com\/es\/wp-json\/wp\/v2\/pages\/7709"}],"collection":[{"href":"https:\/\/www.rocatiles.com\/es\/wp-json\/wp\/v2\/pages"}],"about":[{"href":"https:\/\/www.rocatiles.com\/es\/wp-json\/wp\/v2\/types\/page"}],"author":[{"embeddable":true,"href":"https:\/\/www.rocatiles.com\/es\/wp-json\/wp\/v2\/users\/10"}],"replies":[{"embeddable":true,"href":"https:\/\/www.rocatiles.com\/es\/wp-json\/wp\/v2\/comments?post=7709"}],"version-history":[{"count":8,"href":"https:\/\/www.rocatiles.com\/es\/wp-json\/wp\/v2\/pages\/7709\/revisions"}],"predecessor-version":[{"id":10383,"href":"https:\/\/www.rocatiles.com\/es\/wp-json\/wp\/v2\/pages\/7709\/revisions\/10383"}],"wp:attachment":[{"href":"https:\/\/www.rocatiles.com\/es\/wp-json\/wp\/v2\/media?parent=7709"}],"curies":[{"name":"wp","href":"https:\/\/api.w.org\/{rel}","templated":true}]}}