{"id":8606,"date":"2021-05-12T06:23:22","date_gmt":"2021-05-12T06:23:22","guid":{"rendered":"https:\/\/www.rocatiles.com\/?page_id=8606"},"modified":"2021-08-19T06:19:11","modified_gmt":"2021-08-19T06:19:11","slug":"aviso-legal","status":"publish","type":"page","link":"https:\/\/www.rocatiles.com\/es\/aviso-legal\/","title":{"rendered":"Aviso Legal"},"content":{"rendered":"<p>[vc_row css=\u00bb.vc_custom_1620879080912{padding-left: 0px !important;}\u00bb mobile_bg_img_hidden=\u00bbno\u00bb tablet_bg_img_hidden=\u00bbno\u00bb woodmart_parallax=\u00bb0&#8243; woodmart_gradient_switch=\u00bbno\u00bb row_reverse_mobile=\u00bb0&#8243; row_reverse_tablet=\u00bb0&#8243; woodmart_disable_overflow=\u00bb0&#8243; el_id=\u00bbprintableArea\u00bb][vc_column][vc_custom_heading text=\u00bbAviso Legal\u00bb font_container=\u00bbtag:h3|font_size:27px|text_align:left|color:%23000000&#8243; google_fonts=\u00bbfont_family:Roboto%3A100%2C100italic%2C300%2C300italic%2Cregular%2Citalic%2C500%2C500italic%2C700%2C700italic%2C900%2C900italic|font_style:400%20regular%3A400%3Anormal\u00bb css=\u00bb.vc_custom_1621667925727{margin-top: 60px !important;margin-bottom: 50px !important;}\u00bb][vc_custom_heading text=\u00bbAVISO LEGAL DE LAS WEBS DE GRUPO ROCA\u00bb font_container=\u00bbtag:h6|font_size:13px|text_align:left|color:%23000000&#8243; google_fonts=\u00bbfont_family:Roboto%3A100%2C100italic%2C300%2C300italic%2Cregular%2Citalic%2C500%2C500italic%2C700%2C700italic%2C900%2C900italic|font_style:700%20bold%20regular%3A700%3Anormal\u00bb css=\u00bb.vc_custom_1621668113163{margin-bottom: 50px !important;}\u00bb][vc_custom_heading text=\u00bbLas caracter\u00edsticas y prestaciones que se facilitan en la presente web, o webs vinculadas a la misma, y todo su contenido son susceptibles de variaci\u00f3n. Roca se reserva el derecho de efectuar cambios o modificaciones, sin previo aviso, sobre cualquier producto de su gama.\u00bb font_container=\u00bbtag:p|text_align:left|color:%23000000&#8243; google_fonts=\u00bbfont_family:Roboto%3A100%2C100italic%2C300%2C300italic%2Cregular%2Citalic%2C500%2C500italic%2C700%2C700italic%2C900%2C900italic|font_style:300%20light%20regular%3A300%3Anormal\u00bb css=\u00bb.vc_custom_1620801796413{margin-bottom: 15px !important;}\u00bb][vc_custom_heading text=\u00bbLos ambientes que se reproducen son meramente decorativos, sin que en su composici\u00f3n se haya considerado posibles exigencias t\u00e9cnicas de instalaci\u00f3n.\u00bb font_container=\u00bbtag:p|text_align:left|color:%23000000&#8243; google_fonts=\u00bbfont_family:Roboto%3A100%2C100italic%2C300%2C300italic%2Cregular%2Citalic%2C500%2C500italic%2C700%2C700italic%2C900%2C900italic|font_style:300%20light%20regular%3A300%3Anormal\u00bb css=\u00bb.vc_custom_1620801817132{margin-bottom: 15px !important;}\u00bb][vc_custom_heading text=\u00bb\u00a9 Copyright 2020, Roca Tiles Spain, SL. Todos los derechos reservados.\u00bb font_container=\u00bbtag:p|text_align:left|color:%23000000&#8243; google_fonts=\u00bbfont_family:Roboto%3A100%2C100italic%2C300%2C300italic%2Cregular%2Citalic%2C500%2C500italic%2C700%2C700italic%2C900%2C900italic|font_style:300%20light%20regular%3A300%3Anormal\u00bb][vc_row_inner css=\u00bb.vc_custom_1620802267417{margin-top: 40px !important;margin-bottom: 20px !important;}\u00bb row_reverse_mobile=\u00bb0&#8243; row_reverse_tablet=\u00bb0&#8243;][vc_column_inner width=\u00bb1\/4&#8243;][vc_raw_html]JTNDYnV0dG9uJTIwY2xhc3MlM0QlMjJidG4tcHJpbnQlMjIlMjBvbmNsaWNrJTNEJTIycHJpbnREaXYlMjglMjdwcmludGFibGVBcmVhJTI3JTI5JTNCJTIwcmV0dXJuJTIwZmFsc2UlM0IlMjIlMjB0YXJnZXQlM0QlMjIlMjIlMjB0aXRsZSUzRCUyMlByaW50JTIyJTNFUHJpbnQlM0MlMkZidXR0b24lM0U=[\/vc_raw_html][\/vc_column_inner][vc_column_inner width=\u00bb1\/4&#8243;][\/vc_column_inner][vc_column_inner width=\u00bb1\/4&#8243;][\/vc_column_inner][vc_column_inner width=\u00bb1\/4&#8243;][\/vc_column_inner][\/vc_row_inner][\/vc_column][\/vc_row]<\/p>\n","protected":false},"excerpt":{"rendered":"<p>[vc_row css=\u00bb.vc_custom_1620879080912{padding-left: 0px !important;}\u00bb mobile_bg_img_hidden=\u00bbno\u00bb tablet_bg_img_hidden=\u00bbno\u00bb woodmart_parallax=\u00bb0&#8243; woodmart_gradient_switch=\u00bbno\u00bb row_reverse_mobile=\u00bb0&#8243; row_reverse_tablet=\u00bb0&#8243; woodmart_disable_overflow=\u00bb0&#8243; el_id=\u00bbprintableArea\u00bb][vc_column][vc_custom_heading text=\u00bbAviso Legal\u00bb font_container=\u00bbtag:h3|font_size:27px|text_align:left|color:%23000000&#8243; google_fonts=\u00bbfont_family:Roboto%3A100%2C100italic%2C300%2C300italic%2Cregular%2Citalic%2C500%2C500italic%2C700%2C700italic%2C900%2C900italic|font_style:400%20regular%3A400%3Anormal\u00bb css=\u00bb.vc_custom_1621667925727{margin-top: 60px !important;margin-bottom: 50px<\/p>\n","protected":false},"author":10,"featured_media":0,"parent":0,"menu_order":0,"comment_status":"closed","ping_status":"closed","template":"","meta":[],"yoast_head":"<!-- This site is optimized with the Yoast SEO Premium plugin v16.4 (Yoast SEO v16.4) - https:\/\/yoast.com\/wordpress\/plugins\/seo\/ -->\n<title>Aviso Legal - Roca Cer\u00e1mica<\/title>\n<meta name=\"robots\" content=\"index, follow, max-snippet:-1, max-image-preview:large, max-video-preview:-1\" \/>\n<link rel=\"canonical\" href=\"https:\/\/www.rocatiles.com\/es\/aviso-legal\/\" \/>\n<meta property=\"og:locale\" content=\"es_ES\" \/>\n<meta property=\"og:type\" content=\"article\" \/>\n<meta property=\"og:title\" content=\"Aviso Legal - Roca Cer\u00e1mica\" \/>\n<meta property=\"og:description\" content=\"[vc_row css=\u00bb.vc_custom_1620879080912{padding-left: 0px !important;}\u00bb mobile_bg_img_hidden=\u00bbno\u00bb tablet_bg_img_hidden=\u00bbno\u00bb woodmart_parallax=\u00bb0&#8243; woodmart_gradient_switch=\u00bbno\u00bb row_reverse_mobile=\u00bb0&#8243; row_reverse_tablet=\u00bb0&#8243; woodmart_disable_overflow=\u00bb0&#8243; el_id=\u00bbprintableArea\u00bb][vc_column][vc_custom_heading text=\u00bbAviso Legal\u00bb font_container=\u00bbtag:h3|font_size:27px|text_align:left|color:%23000000&#8243; google_fonts=\u00bbfont_family:Roboto%3A100%2C100italic%2C300%2C300italic%2Cregular%2Citalic%2C500%2C500italic%2C700%2C700italic%2C900%2C900italic|font_style:400%20regular%3A400%3Anormal\u00bb css=\u00bb.vc_custom_1621667925727{margin-top: 60px !important;margin-bottom: 50px\" \/>\n<meta property=\"og:url\" content=\"https:\/\/www.rocatiles.com\/es\/aviso-legal\/\" \/>\n<meta property=\"og:site_name\" content=\"Roca Cer\u00e1mica\" \/>\n<meta property=\"article:modified_time\" content=\"2021-08-19T06:19:11+00:00\" \/>\n<meta name=\"twitter:card\" content=\"summary_large_image\" \/>\n<meta name=\"twitter:label1\" content=\"Tiempo de lectura\" \/>\n\t<meta name=\"twitter:data1\" content=\"2 minutos\" \/>\n<script type=\"application\/ld+json\" class=\"yoast-schema-graph\">{\"@context\":\"https:\/\/schema.org\",\"@graph\":[{\"@type\":\"WebSite\",\"@id\":\"https:\/\/www.rocatiles.com\/#website\",\"url\":\"https:\/\/www.rocatiles.com\/\",\"name\":\"Roca Cer\\u00e1mica\",\"description\":\"Pavimentos y revestimientos | Azulejos | Roca | ROCA Ba\\u00f1os\",\"potentialAction\":[{\"@type\":\"SearchAction\",\"target\":\"https:\/\/www.rocatiles.com\/?s={search_term_string}\",\"query-input\":\"required name=search_term_string\"}],\"inLanguage\":\"es\"},{\"@type\":\"WebPage\",\"@id\":\"https:\/\/www.rocatiles.com\/es\/aviso-legal\/#webpage\",\"url\":\"https:\/\/www.rocatiles.com\/es\/aviso-legal\/\",\"name\":\"Aviso Legal - Roca Cer\\u00e1mica\",\"isPartOf\":{\"@id\":\"https:\/\/www.rocatiles.com\/#website\"},\"datePublished\":\"2021-05-12T06:23:22+00:00\",\"dateModified\":\"2021-08-19T06:19:11+00:00\",\"breadcrumb\":{\"@id\":\"https:\/\/www.rocatiles.com\/es\/aviso-legal\/#breadcrumb\"},\"inLanguage\":\"es\",\"potentialAction\":[{\"@type\":\"ReadAction\",\"target\":[\"https:\/\/www.rocatiles.com\/es\/aviso-legal\/\"]}]},{\"@type\":\"BreadcrumbList\",\"@id\":\"https:\/\/www.rocatiles.com\/es\/aviso-legal\/#breadcrumb\",\"itemListElement\":[{\"@type\":\"ListItem\",\"position\":1,\"item\":{\"@type\":\"WebPage\",\"@id\":\"https:\/\/www.rocatiles.com\/es\/\",\"url\":\"https:\/\/www.rocatiles.com\/es\/\",\"name\":\"Home\"}},{\"@type\":\"ListItem\",\"position\":2,\"item\":{\"@id\":\"https:\/\/www.rocatiles.com\/es\/aviso-legal\/#webpage\"}}]}]}<\/script>\n<!-- \/ Yoast SEO Premium plugin. -->","_links":{"self":[{"href":"https:\/\/www.rocatiles.com\/es\/wp-json\/wp\/v2\/pages\/8606"}],"collection":[{"href":"https:\/\/www.rocatiles.com\/es\/wp-json\/wp\/v2\/pages"}],"about":[{"href":"https:\/\/www.rocatiles.com\/es\/wp-json\/wp\/v2\/types\/page"}],"author":[{"embeddable":true,"href":"https:\/\/www.rocatiles.com\/es\/wp-json\/wp\/v2\/users\/10"}],"replies":[{"embeddable":true,"href":"https:\/\/www.rocatiles.com\/es\/wp-json\/wp\/v2\/comments?post=8606"}],"version-history":[{"count":22,"href":"https:\/\/www.rocatiles.com\/es\/wp-json\/wp\/v2\/pages\/8606\/revisions"}],"predecessor-version":[{"id":89801,"href":"https:\/\/www.rocatiles.com\/es\/wp-json\/wp\/v2\/pages\/8606\/revisions\/89801"}],"wp:attachment":[{"href":"https:\/\/www.rocatiles.com\/es\/wp-json\/wp\/v2\/media?parent=8606"}],"curies":[{"name":"wp","href":"https:\/\/api.w.org\/{rel}","templated":true}]}}