{"id":8630,"date":"2021-05-12T10:29:12","date_gmt":"2021-05-12T10:29:12","guid":{"rendered":"https:\/\/www.rocatiles.com\/?page_id=8630"},"modified":"2023-04-14T10:13:09","modified_gmt":"2023-04-14T10:13:09","slug":"politica-de-privacidad","status":"publish","type":"page","link":"https:\/\/www.rocatiles.com\/es\/politica-de-privacidad\/","title":{"rendered":"Pol\u00edtica de Privacidad"},"content":{"rendered":"<p>[vc_row css=\u00bb.vc_custom_1622387658410{padding-left: 0px !important;}\u00bb mobile_bg_img_hidden=\u00bbno\u00bb tablet_bg_img_hidden=\u00bbno\u00bb woodmart_parallax=\u00bb0&#8243; woodmart_gradient_switch=\u00bbno\u00bb row_reverse_mobile=\u00bb0&#8243; row_reverse_tablet=\u00bb0&#8243; woodmart_disable_overflow=\u00bb0&#8243; el_id=\u00bbprintableArea\u00bb el_class=\u00bbpolitica-de-privacidad\u00bb][vc_column][vc_custom_heading text=\u00bbPol\u00edtica de Privacidad\u00bb font_container=\u00bbtag:h3|font_size:27px|text_align:left|color:%23000000&#8243; google_fonts=\u00bbfont_family:Roboto%3A100%2C100italic%2C300%2C300italic%2Cregular%2Citalic%2C500%2C500italic%2C700%2C700italic%2C900%2C900italic|font_style:400%20regular%3A400%3Anormal\u00bb css=\u00bb.vc_custom_1621666830175{margin-top: 60px !important;margin-bottom: 50px !important;}\u00bb][vc_custom_heading text=\u00bbPOL\u00cdTICA DE PRIVACIDAD DE LA WEB DE ROCA TILES\u00bb font_container=\u00bbtag:h6|font_size:14px|text_align:left|color:%23000000&#8243; google_fonts=\u00bbfont_family:Roboto%3A100%2C100italic%2C300%2C300italic%2Cregular%2Citalic%2C500%2C500italic%2C700%2C700italic%2C900%2C900italic|font_style:700%20bold%20regular%3A700%3Anormal\u00bb css=\u00bb.vc_custom_1681467184803{margin-bottom: 50px !important;}\u00bb][vc_custom_heading text=\u00bbEn cumplimiento de lo dispuesto en el Reglamento (UE) 2016\/679 del Parlamento Europeo y del consejo de 27 de abril de 2016, y su normativa de desarrollo, le informamos que los datos que nos facilite con ocasi\u00f3n de su registro en la web www.rocatiles.com (en adelante la \u201cWeb\u201d), ser\u00e1n tratados por Roca Tiles Spain SL. cuyos datos se detallan a continuaci\u00f3n:\u00bb font_container=\u00bbtag:p|font_size:14px|text_align:left|color:%23000000&#8243; google_fonts=\u00bbfont_family:Roboto%3A100%2C100italic%2C300%2C300italic%2Cregular%2Citalic%2C500%2C500italic%2C700%2C700italic%2C900%2C900italic|font_style:300%20light%20regular%3A300%3Anormal\u00bb css=\u00bb.vc_custom_1681460729620{margin-bottom: 15px !important;}\u00bb][vc_custom_heading text=\u00bbDenominaci\u00f3n Social: Roca Tiles Spain, SL\u00bb font_container=\u00bbtag:p|font_size:14px|text_align:left|color:%23000000&#8243; google_fonts=\u00bbfont_family:Roboto%3A100%2C100italic%2C300%2C300italic%2Cregular%2Citalic%2C500%2C500italic%2C700%2C700italic%2C900%2C900italic|font_style:300%20light%20regular%3A300%3Anormal\u00bb css=\u00bb.vc_custom_1622693592039{margin-bottom: 15px !important;}\u00bb][vc_custom_heading text=\u00bbDirecci\u00f3n: Pol\u00edgono Industrial Belcaire, Calle C, n\u00ba34. Espa\u00f1a.\u00bb font_container=\u00bbtag:p|font_size:14px|text_align:left|color:%23000000&#8243; google_fonts=\u00bbfont_family:Roboto%3A100%2C100italic%2C300%2C300italic%2Cregular%2Citalic%2C500%2C500italic%2C700%2C700italic%2C900%2C900italic|font_style:300%20light%20regular%3A300%3Anormal\u00bb css=\u00bb.vc_custom_1681460986725{margin-bottom: 15px !important;}\u00bb][vc_custom_heading text=\u00bbTel\u00e9fono: +34 937 395 119&#8243; font_container=\u00bbtag:p|font_size:14px|text_align:left|color:%23000000&#8243; google_fonts=\u00bbfont_family:Roboto%3A100%2C100italic%2C300%2C300italic%2Cregular%2Citalic%2C500%2C500italic%2C700%2C700italic%2C900%2C900italic|font_style:300%20light%20regular%3A300%3Anormal\u00bb css=\u00bb.vc_custom_1681461014659{margin-bottom: 15px !important;}\u00bb][vc_column_text woodmart_inline=\u00bbno\u00bb text_larger=\u00bbno\u00bb]Correo electr\u00f3nico: <a href=\"mailto:rocatiles.info@rocatiles.com\">rocatiles.info@rocatiles.com<\/a>[\/vc_column_text][vc_custom_heading text=\u00bbDichos datos se tratar\u00e1n para tramitar y gestionar las peticiones que pueda efectuar a trav\u00e9s de nuestra p\u00e1gina web y, si as\u00ed lo autoriza, para el env\u00edo de comunicaciones comerciales que puedan ser de su inter\u00e9s. La base jur\u00eddica del tratamiento es la prestaci\u00f3n del servicio solicitado y, para las comunicaciones publicitarias, su consentimiento.\u00bb font_container=\u00bbtag:p|font_size:14px|text_align:left|color:%23000000&#8243; google_fonts=\u00bbfont_family:Roboto%3A100%2C100italic%2C300%2C300italic%2Cregular%2Citalic%2C500%2C500italic%2C700%2C700italic%2C900%2C900italic|font_style:300%20light%20regular%3A300%3Anormal\u00bb css=\u00bb.vc_custom_1621667270597{margin-bottom: 15px !important;}\u00bb][vc_custom_heading text=\u00bbEn relaci\u00f3n con la informaci\u00f3n que se recaba a trav\u00e9s de la Web, le informamos que los campos se\u00f1alados con un asterisco en los distintos formularios de recogida de datos son obligatorios La obtenci\u00f3n de los citados datos es totalmente necesaria para la prestaci\u00f3n de los servicios solicitados, en caso contrario no ser\u00eda posible establecer su relaci\u00f3n como cliente de ROCA TILES. En cambio, los datos relativos a la remisi\u00f3n de comunicaciones comerciales no son imprescindibles para el mantenimiento de la citada relaci\u00f3n contractual. No se tomar\u00e1n decisiones automatizadas sobre los mismos, y el tratamiento tendr\u00e1 lugar dentro de la Uni\u00f3n Europea. S\u00f3lo tendr\u00e1n acceso a los mismos aquellos terceros a los que ROCA TILES. est\u00e9 legalmente obligada a facilitarlos y las empresas a las que se haya encomendado servicios de gesti\u00f3n interna de la empresa.\u00bb font_container=\u00bbtag:p|font_size:14px|text_align:left|color:%23000000&#8243; google_fonts=\u00bbfont_family:Roboto%3A100%2C100italic%2C300%2C300italic%2Cregular%2Citalic%2C500%2C500italic%2C700%2C700italic%2C900%2C900italic|font_style:300%20light%20regular%3A300%3Anormal\u00bb css=\u00bb.vc_custom_1681460832921{margin-bottom: 15px !important;}\u00bb][vc_custom_heading text=\u00bbEn el momento de cumplimentar el formulario aportando los datos solicitados, el usuario garantiza la autenticidad, exactitud y veracidad de toda la informaci\u00f3n que facilite, comprometi\u00e9ndose a mantener actualizados los datos que nos proporcione de forma que los mismos respondan, en todo momento, a su situaci\u00f3n real.\u00bb font_container=\u00bbtag:p|font_size:14px|text_align:left|color:%23000000&#8243; google_fonts=\u00bbfont_family:Roboto%3A100%2C100italic%2C300%2C300italic%2Cregular%2Citalic%2C500%2C500italic%2C700%2C700italic%2C900%2C900italic|font_style:300%20light%20regular%3A300%3Anormal\u00bb css=\u00bb.vc_custom_1621667302313{margin-bottom: 15px !important;}\u00bb][vc_custom_heading text=\u00bbDe este modo podremos enviarle dicha informaci\u00f3n utilizando cualquiera de los siguientes medios:\u00bb font_container=\u00bbtag:p|font_size:14px|text_align:left|color:%23000000&#8243; google_fonts=\u00bbfont_family:Roboto%3A100%2C100italic%2C300%2C300italic%2Cregular%2Citalic%2C500%2C500italic%2C700%2C700italic%2C900%2C900italic|font_style:300%20light%20regular%3A300%3Anormal\u00bb css=\u00bb.vc_custom_1621667321013{margin-bottom: 15px !important;}\u00bb][vc_custom_heading text=\u00bb\u00b7 Correo electr\u00f3nico<br \/>\n\u00b7 Tel\u00e9fono (incluidas llamadas automatizadas, es decir una llamada que entrega un mensaje pregrabado con contenido promocional y publicitario en su tel\u00e9fono)<br \/>\n\u00b7 Mensaje de texto SMS o cualquier otra forma de mensaje electr\u00f3nico (incluido MMS, mensajes gr\u00e1ficos, mensajes en v\u00eddeo; mensajes instant\u00e1neos, etc.)<br \/>\n\u00b7 Correo postal<br \/>\n\u00b7 Fax<br \/>\n\u00b7 Cualquier otro medio equivalente que ROCA TILES estime pertinente en cada momento.\u00bb font_container=\u00bbtag:p|font_size:14px|text_align:left|color:%23000000&#8243; google_fonts=\u00bbfont_family:Roboto%3A100%2C100italic%2C300%2C300italic%2Cregular%2Citalic%2C500%2C500italic%2C700%2C700italic%2C900%2C900italic|font_style:300%20light%20regular%3A300%3Anormal\u00bb css=\u00bb.vc_custom_1681460867574{margin-bottom: 15px !important;}\u00bb][vc_custom_heading text=\u00bbEl usuario podr\u00e1 en cualquier momento revocar el consentimiento prestado, as\u00ed como oponerse al tratamiento de sus datos en la forma prevista a continuaci\u00f3n.\u00bb font_container=\u00bbtag:p|font_size:14px|text_align:left|color:%23000000&#8243; google_fonts=\u00bbfont_family:Roboto%3A100%2C100italic%2C300%2C300italic%2Cregular%2Citalic%2C500%2C500italic%2C700%2C700italic%2C900%2C900italic|font_style:300%20light%20regular%3A300%3Anormal\u00bb css=\u00bb.vc_custom_1621667359294{margin-bottom: 15px !important;}\u00bb][vc_custom_heading text=\u00bbLos datos personales se tratar\u00e1n \u00fanicamente durante el tiempo en que sean necesarios, \u00fatiles y pertinentes y, en todo caso, durante el periodo de tiempo que sean legalmente exigibles despu\u00e9s de la terminaci\u00f3n de la relaci\u00f3n contractual. Una vez finalizada la relaci\u00f3n, los datos se conservar\u00e1n a los solos efectos de y durante el tiempo necesario para cumplir con las obligaciones legales que sean de aplicaci\u00f3n, estando los mismos debidamente bloqueados. En concreto, se conservar\u00e1n bloqueados durante un plazo no superior a cinco a\u00f1os tras la finalizaci\u00f3n de la relaci\u00f3n contractual.\u00bb font_container=\u00bbtag:p|text_align:left|color:%23000000&#8243; google_fonts=\u00bbfont_family:Roboto%3A100%2C100italic%2C300%2C300italic%2Cregular%2Citalic%2C500%2C500italic%2C700%2C700italic%2C900%2C900italic|font_style:300%20light%20regular%3A300%3Anormal\u00bb css=\u00bb.vc_custom_1620815819780{margin-bottom: 15px !important;}\u00bb][vc_column_text woodmart_inline=\u00bbno\u00bb text_larger=\u00bbno\u00bb]Puedes ejercitar, en los t\u00e9rminos establecidos por la normativa vigente, los derechos de acceso, rectificaci\u00f3n o supresi\u00f3n, as\u00ed como solicitar que se limite el tratamiento de tus datos, oponerse al mismo, solicitar la portabilidad de tus datos, o revocar el consentimiento prestado, dirigi\u00e9ndose por escrito a <a href=\"mailto:rocatiles.info@rocatiles.com\">rocatiles.info@rocatiles.com<\/a>. Puedes tambi\u00e9n presentar una reclamaci\u00f3n ante la Agencia Espa\u00f1ola de Protecci\u00f3n de Datos, o el organismo del pa\u00eds correspondiente.[\/vc_column_text][vc_custom_heading text=\u00bbPor \u00faltimo, le informamos que ROCA TILES ha implementado medidas t\u00e9cnicas y f\u00edsicas razonables para proteger la informaci\u00f3n que recogemos a trav\u00e9s de la Web. No obstante, debe tener en cuenta que, si bien adoptamos las medidas razonables para proteger su informaci\u00f3n, ning\u00fan sitio web, transmisi\u00f3n por Internet, sistema inform\u00e1tico o conexi\u00f3n inal\u00e1mbrica es absolutamente seguro.\u00bb font_container=\u00bbtag:p|font_size:14px|text_align:left|color:%23000000&#8243; google_fonts=\u00bbfont_family:Roboto%3A100%2C100italic%2C300%2C300italic%2Cregular%2Citalic%2C500%2C500italic%2C700%2C700italic%2C900%2C900italic|font_style:300%20light%20regular%3A300%3Anormal\u00bb css=\u00bb.vc_custom_1681460900745{margin-bottom: 15px !important;}\u00bb][vc_row_inner css=\u00bb.vc_custom_1620802267417{margin-top: 40px !important;margin-bottom: 20px !important;}\u00bb row_reverse_mobile=\u00bb0&#8243; row_reverse_tablet=\u00bb0&#8243;][vc_column_inner width=\u00bb1\/4&#8243;][vc_raw_html]JTNDYnV0dG9uJTIwY2xhc3MlM0QlMjJidG4tcHJpbnQlMjIlMjBvbmNsaWNrJTNEJTIycHJpbnREaXYlMjglMjdwcmludGFibGVBcmVhJTI3JTI5JTNCJTIwcmV0dXJuJTIwZmFsc2UlM0IlMjIlMjB0YXJnZXQlM0QlMjIlMjIlMjB0aXRsZSUzRCUyMlByaW50JTIyJTNFUHJpbnQlM0MlMkZidXR0b24lM0U=[\/vc_raw_html][\/vc_column_inner][vc_column_inner width=\u00bb1\/4&#8243;][\/vc_column_inner][vc_column_inner width=\u00bb1\/4&#8243;][\/vc_column_inner][vc_column_inner width=\u00bb1\/4&#8243;][\/vc_column_inner][\/vc_row_inner][\/vc_column][\/vc_row]<\/p>\n","protected":false},"excerpt":{"rendered":"<p>[vc_row css=\u00bb.vc_custom_1622387658410{padding-left: 0px !important;}\u00bb mobile_bg_img_hidden=\u00bbno\u00bb tablet_bg_img_hidden=\u00bbno\u00bb woodmart_parallax=\u00bb0&#8243; woodmart_gradient_switch=\u00bbno\u00bb row_reverse_mobile=\u00bb0&#8243; row_reverse_tablet=\u00bb0&#8243; woodmart_disable_overflow=\u00bb0&#8243; el_id=\u00bbprintableArea\u00bb el_class=\u00bbpolitica-de-privacidad\u00bb][vc_column][vc_custom_heading text=\u00bbPol\u00edtica de Privacidad\u00bb font_container=\u00bbtag:h3|font_size:27px|text_align:left|color:%23000000&#8243; google_fonts=\u00bbfont_family:Roboto%3A100%2C100italic%2C300%2C300italic%2Cregular%2Citalic%2C500%2C500italic%2C700%2C700italic%2C900%2C900italic|font_style:400%20regular%3A400%3Anormal\u00bb css=\u00bb.vc_custom_1621666830175{margin-top: 60px<\/p>\n","protected":false},"author":10,"featured_media":0,"parent":0,"menu_order":0,"comment_status":"closed","ping_status":"closed","template":"","meta":[],"yoast_head":"<!-- This site is optimized with the Yoast SEO Premium plugin v16.4 (Yoast SEO v16.4) - https:\/\/yoast.com\/wordpress\/plugins\/seo\/ -->\n<title>Pol\u00edtica de Privacidad - Roca Cer\u00e1mica<\/title>\n<meta name=\"robots\" content=\"index, follow, max-snippet:-1, max-image-preview:large, max-video-preview:-1\" \/>\n<link rel=\"canonical\" href=\"https:\/\/www.rocatiles.com\/es\/politica-de-privacidad\/\" \/>\n<meta property=\"og:locale\" content=\"es_ES\" \/>\n<meta property=\"og:type\" content=\"article\" \/>\n<meta property=\"og:title\" content=\"Pol\u00edtica de Privacidad - Roca Cer\u00e1mica\" \/>\n<meta property=\"og:description\" content=\"[vc_row css=\u00bb.vc_custom_1622387658410{padding-left: 0px !important;}\u00bb mobile_bg_img_hidden=\u00bbno\u00bb tablet_bg_img_hidden=\u00bbno\u00bb woodmart_parallax=\u00bb0&#8243; woodmart_gradient_switch=\u00bbno\u00bb row_reverse_mobile=\u00bb0&#8243; row_reverse_tablet=\u00bb0&#8243; woodmart_disable_overflow=\u00bb0&#8243; el_id=\u00bbprintableArea\u00bb el_class=\u00bbpolitica-de-privacidad\u00bb][vc_column][vc_custom_heading text=\u00bbPol\u00edtica de Privacidad\u00bb font_container=\u00bbtag:h3|font_size:27px|text_align:left|color:%23000000&#8243; google_fonts=\u00bbfont_family:Roboto%3A100%2C100italic%2C300%2C300italic%2Cregular%2Citalic%2C500%2C500italic%2C700%2C700italic%2C900%2C900italic|font_style:400%20regular%3A400%3Anormal\u00bb css=\u00bb.vc_custom_1621666830175{margin-top: 60px\" \/>\n<meta property=\"og:url\" content=\"https:\/\/www.rocatiles.com\/es\/politica-de-privacidad\/\" \/>\n<meta property=\"og:site_name\" content=\"Roca Cer\u00e1mica\" \/>\n<meta property=\"article:modified_time\" content=\"2023-04-14T10:13:09+00:00\" \/>\n<meta name=\"twitter:card\" content=\"summary_large_image\" \/>\n<meta name=\"twitter:label1\" content=\"Tiempo de lectura\" \/>\n\t<meta name=\"twitter:data1\" content=\"4 minutos\" \/>\n<script type=\"application\/ld+json\" class=\"yoast-schema-graph\">{\"@context\":\"https:\/\/schema.org\",\"@graph\":[{\"@type\":\"WebSite\",\"@id\":\"https:\/\/www.rocatiles.com\/#website\",\"url\":\"https:\/\/www.rocatiles.com\/\",\"name\":\"Roca Cer\\u00e1mica\",\"description\":\"Pavimentos y revestimientos | Azulejos | Roca | ROCA Ba\\u00f1os\",\"potentialAction\":[{\"@type\":\"SearchAction\",\"target\":\"https:\/\/www.rocatiles.com\/?s={search_term_string}\",\"query-input\":\"required name=search_term_string\"}],\"inLanguage\":\"es\"},{\"@type\":\"WebPage\",\"@id\":\"https:\/\/www.rocatiles.com\/es\/politica-de-privacidad\/#webpage\",\"url\":\"https:\/\/www.rocatiles.com\/es\/politica-de-privacidad\/\",\"name\":\"Pol\\u00edtica de Privacidad - Roca Cer\\u00e1mica\",\"isPartOf\":{\"@id\":\"https:\/\/www.rocatiles.com\/#website\"},\"datePublished\":\"2021-05-12T10:29:12+00:00\",\"dateModified\":\"2023-04-14T10:13:09+00:00\",\"breadcrumb\":{\"@id\":\"https:\/\/www.rocatiles.com\/es\/politica-de-privacidad\/#breadcrumb\"},\"inLanguage\":\"es\",\"potentialAction\":[{\"@type\":\"ReadAction\",\"target\":[\"https:\/\/www.rocatiles.com\/es\/politica-de-privacidad\/\"]}]},{\"@type\":\"BreadcrumbList\",\"@id\":\"https:\/\/www.rocatiles.com\/es\/politica-de-privacidad\/#breadcrumb\",\"itemListElement\":[{\"@type\":\"ListItem\",\"position\":1,\"item\":{\"@type\":\"WebPage\",\"@id\":\"https:\/\/www.rocatiles.com\/es\/\",\"url\":\"https:\/\/www.rocatiles.com\/es\/\",\"name\":\"Home\"}},{\"@type\":\"ListItem\",\"position\":2,\"item\":{\"@id\":\"https:\/\/www.rocatiles.com\/es\/politica-de-privacidad\/#webpage\"}}]}]}<\/script>\n<!-- \/ Yoast SEO Premium plugin. -->","_links":{"self":[{"href":"https:\/\/www.rocatiles.com\/es\/wp-json\/wp\/v2\/pages\/8630"}],"collection":[{"href":"https:\/\/www.rocatiles.com\/es\/wp-json\/wp\/v2\/pages"}],"about":[{"href":"https:\/\/www.rocatiles.com\/es\/wp-json\/wp\/v2\/types\/page"}],"author":[{"embeddable":true,"href":"https:\/\/www.rocatiles.com\/es\/wp-json\/wp\/v2\/users\/10"}],"replies":[{"embeddable":true,"href":"https:\/\/www.rocatiles.com\/es\/wp-json\/wp\/v2\/comments?post=8630"}],"version-history":[{"count":20,"href":"https:\/\/www.rocatiles.com\/es\/wp-json\/wp\/v2\/pages\/8630\/revisions"}],"predecessor-version":[{"id":99348,"href":"https:\/\/www.rocatiles.com\/es\/wp-json\/wp\/v2\/pages\/8630\/revisions\/99348"}],"wp:attachment":[{"href":"https:\/\/www.rocatiles.com\/es\/wp-json\/wp\/v2\/media?parent=8630"}],"curies":[{"name":"wp","href":"https:\/\/api.w.org\/{rel}","templated":true}]}}