{"id":99637,"date":"2023-05-05T09:08:05","date_gmt":"2023-05-05T09:08:05","guid":{"rendered":"https:\/\/www.rocatiles.com\/?page_id=99637"},"modified":"2025-05-15T15:14:11","modified_gmt":"2025-05-15T15:14:11","slug":"3d","status":"publish","type":"page","link":"https:\/\/www.rocatiles.com\/es\/3d\/","title":{"rendered":"3D"},"content":{"rendered":"<p>[vc_row content_placement=\u00bbbottom\u00bb mobile_bg_img_hidden=\u00bbno\u00bb tablet_bg_img_hidden=\u00bbno\u00bb woodmart_parallax=\u00bb0&#8243; woodmart_gradient_switch=\u00bbno\u00bb row_reverse_mobile=\u00bb0&#8243; row_reverse_tablet=\u00bb0&#8243; woodmart_disable_overflow=\u00bb0&#8243; css=\u00bb.vc_custom_1721735689012{margin-top: 50px !important;margin-bottom: 50px !important;}\u00bb][vc_column width=\u00bb1\/2&#8243;][vc_column_text woodmart_inline=\u00bbno\u00bb text_larger=\u00bbno\u00bb]<\/p>\n<h1 style=\"font-size: 3rem;\">Visualiza y planifica tu espacio ideal en 3D, con la cer\u00e1mica de Roca Tile<\/h1>\n<p>[\/vc_column_text][\/vc_column][vc_column width=\u00bb1\/2&#8243;][vc_column_text woodmart_inline=\u00bbno\u00bb text_larger=\u00bbno\u00bb]<\/p>\n<h3>Encuentra toda la inspiraci\u00f3n que necesitas para dise\u00f1ar tus ambientes con pavimentos y revestimientos cer\u00e1micos que se adapten a tu estilo y necesidades.<\/h3>\n<p>[\/vc_column_text][\/vc_column][vc_column css=\u00bb.vc_custom_1721735578776{margin-top: 50px !important;margin-bottom: 50px !important;}\u00bb mobile_bg_img_hidden=\u00bbno\u00bb tablet_bg_img_hidden=\u00bbno\u00bb woodmart_parallax=\u00bb0&#8243; woodmart_sticky_column=\u00bbfalse\u00bb parallax_scroll=\u00bbno\u00bb mobile_reset_margin=\u00bbno\u00bb tablet_reset_margin=\u00bbno\u00bb][vc_separator][\/vc_column][\/vc_row][vc_row mobile_bg_img_hidden=\u00bbno\u00bb tablet_bg_img_hidden=\u00bbno\u00bb woodmart_parallax=\u00bb0&#8243; woodmart_gradient_switch=\u00bbno\u00bb row_reverse_mobile=\u00bb0&#8243; row_reverse_tablet=\u00bb0&#8243; woodmart_disable_overflow=\u00bb0&#8243; css=\u00bb.vc_custom_1721733727836{margin-top: 20px !important;}\u00bb][vc_column width=\u00bb1\/2&#8243;][vc_column_text woodmart_inline=\u00bbno\u00bb text_larger=\u00bbno\u00bb css=\u00bb.vc_custom_1721742002764{margin-bottom: 30px !important;}\u00bb]<strong>ENCUENTRA TU INSPIRACI\u00d3N EN DISTINTOS ENTORNOS<\/strong><\/p>\n<p><strong>Elige tu estancia predefinida y explora todas las posibilidades de combinaciones, dise\u00f1o y colocaciones de manera r\u00e1pida.<\/strong>[\/vc_column_text][vc_separator color=\u00bbwhite\u00bb css=\u00bb.vc_custom_1721740045186{padding-top: 30px !important;padding-bottom: 30px !important;}\u00bb][vc_single_image image=\u00bb105714&#8243; img_size=\u00bb525&#215;350&#8243; alignment=\u00bbcenter\u00bb woodmart_inline=\u00bbno\u00bb parallax_scroll=\u00bbno\u00bb css=\u00bb.vc_custom_1721742500582{margin-top: 50px !important;}\u00bb][\/vc_column][vc_column width=\u00bb1\/2&#8243;][vc_column_text woodmart_inline=\u00bbno\u00bb text_larger=\u00bbno\u00bb css=\u00bb.vc_custom_1721742012550{margin-bottom: 30px !important;}\u00bb]<strong>CREA <\/strong><strong>Y DISE\u00d1A TU ESPACIO PERSONALIZADO<\/strong><\/p>\n<p><strong>Configura tu propio ambiente indicando las dimensiones de tu estancia, elementos estructurales y elementos decorativos desde cero.<\/strong>[\/vc_column_text][vc_separator color=\u00bbwhite\u00bb css=\u00bb.vc_custom_1721740054258{padding-top: 30px !important;padding-bottom: 30px !important;}\u00bb][vc_single_image image=\u00bb105712&#8243; img_size=\u00bb525&#215;350&#8243; alignment=\u00bbcenter\u00bb woodmart_inline=\u00bbno\u00bb parallax_scroll=\u00bbno\u00bb css=\u00bb.vc_custom_1721742510899{margin-top: 50px !important;}\u00bb][\/vc_column][\/vc_row][vc_row mobile_bg_img_hidden=\u00bbno\u00bb tablet_bg_img_hidden=\u00bbno\u00bb woodmart_parallax=\u00bb0&#8243; woodmart_gradient_switch=\u00bbno\u00bb row_reverse_mobile=\u00bb0&#8243; row_reverse_tablet=\u00bb0&#8243; woodmart_disable_overflow=\u00bb0&#8243; css=\u00bb.vc_custom_1721733738146{margin-top: 20px !important;}\u00bb][vc_column width=\u00bb1\/2&#8243;]<div id=\"wd-669fc5b2e6fe0\" class=\"wd-button-wrapper text-left\"><a href=\"https:\/\/www.rocatiles.com\/es\/2d\/\" title=\"2D\" class=\"btn btn-color-default btn-style-bordered btn-shape-rectangle btn-size-extra-large\">Empezar desde galer\u00eda<\/a><\/div>[\/vc_column][vc_column width=\u00bb1\/2&#8243;]<div id=\"wd-669f9b0d58394\" class=\"wd-button-wrapper text-left\"><a href=\"https:\/\/www.rocatiles.com\/es\/3d\/Blueprint\/\" title=\"Blueprint\" class=\"btn btn-color-default btn-style-bordered btn-shape-rectangle btn-size-extra-large\">Empezar desde cero<\/a><\/div>[\/vc_column][\/vc_row][vc_row mobile_bg_img_hidden=\u00bbno\u00bb tablet_bg_img_hidden=\u00bbno\u00bb woodmart_parallax=\u00bb0&#8243; woodmart_gradient_switch=\u00bbno\u00bb row_reverse_mobile=\u00bb0&#8243; row_reverse_tablet=\u00bb0&#8243; woodmart_disable_overflow=\u00bb0&#8243; css=\u00bb.vc_custom_1721733738146{margin-top: 20px !important;}\u00bb][vc_column width=\u00bb1\/2&#8243;][vc_column_text woodmart_inline=\u00bbno\u00bb text_larger=\u00bbno\u00bb css=\u00bb.vc_custom_1721742367377{margin-bottom: 30px !important;border-bottom-width: 30px !important;padding-left: 10px !important;}\u00bb]<strong>\u00bfC\u00d3MO FUNCIONA?<\/strong>[\/vc_column_text]<div id=\"wd-669f92df491d3\" class=\"wd-button-wrapper text-left\"><a href=\"https:\/\/www.rocatiles.com\/wp-content\/uploads\/2024\/07\/GUIA-DE-USO-3D-Roca-Tiles-ES.pdf\" title=\"\" target=\"_blank\" class=\"btn btn-color-default btn-style-bordered btn-shape-rectangle btn-size-extra-large\">Gu\u00eda de uso<\/a><\/div><div id=\"wd-669f940b6abff\" class=\"wd-button-wrapper text-left\"><a href=\"https:\/\/www.dropbox.com\/scl\/fo\/7lkenjupcdjs4p72apvg4\/h?rlkey=933ydrstadvx09i4rzyatq5ep&st=z4s7n9xl&dl=0\" title=\"\" target=\"_blank\" class=\"btn btn-color-default btn-style-bordered btn-shape-rectangle btn-size-extra-large\">Ideas de dise\u00f1o<\/a><\/div>[\/vc_column][vc_column width=\u00bb1\/2&#8243;][\/vc_column][\/vc_row][vc_row mobile_bg_img_hidden=\u00bbno\u00bb tablet_bg_img_hidden=\u00bbno\u00bb woodmart_parallax=\u00bb0&#8243; woodmart_gradient_switch=\u00bbno\u00bb row_reverse_mobile=\u00bb0&#8243; row_reverse_tablet=\u00bb0&#8243; woodmart_disable_overflow=\u00bb0&#8243; css=\u00bb.vc_custom_1721733738146{margin-top: 20px !important;}\u00bb][vc_column width=\u00bb1\/2&#8243;][\/vc_column][vc_column width=\u00bb1\/2&#8243;][\/vc_column][\/vc_row]<\/p>\n","protected":false},"excerpt":{"rendered":"<p>[vc_row content_placement=\u00bbbottom\u00bb mobile_bg_img_hidden=\u00bbno\u00bb tablet_bg_img_hidden=\u00bbno\u00bb woodmart_parallax=\u00bb0&#8243; woodmart_gradient_switch=\u00bbno\u00bb row_reverse_mobile=\u00bb0&#8243; row_reverse_tablet=\u00bb0&#8243; woodmart_disable_overflow=\u00bb0&#8243; css=\u00bb.vc_custom_1721735689012{margin-top: 50px !important;margin-bottom: 50px !important;}\u00bb][vc_column width=\u00bb1\/2&#8243;][vc_column_text woodmart_inline=\u00bbno\u00bb text_larger=\u00bbno\u00bb] Visualiza y planifica<\/p>\n","protected":false},"author":10,"featured_media":0,"parent":0,"menu_order":0,"comment_status":"closed","ping_status":"closed","template":"","meta":[],"yoast_head":"<!-- This site is optimized with the Yoast SEO Premium plugin v16.4 (Yoast SEO v16.4) - https:\/\/yoast.com\/wordpress\/plugins\/seo\/ -->\n<title>3D - Roca Cer\u00e1mica<\/title>\n<meta name=\"robots\" content=\"index, follow, max-snippet:-1, max-image-preview:large, max-video-preview:-1\" \/>\n<link rel=\"canonical\" href=\"https:\/\/www.rocatiles.com\/es\/3d\/\" \/>\n<meta property=\"og:locale\" content=\"es_ES\" \/>\n<meta property=\"og:type\" content=\"article\" \/>\n<meta property=\"og:title\" content=\"3D - Roca Cer\u00e1mica\" \/>\n<meta property=\"og:description\" content=\"[vc_row content_placement=\u00bbbottom\u00bb mobile_bg_img_hidden=\u00bbno\u00bb tablet_bg_img_hidden=\u00bbno\u00bb woodmart_parallax=\u00bb0&#8243; woodmart_gradient_switch=\u00bbno\u00bb row_reverse_mobile=\u00bb0&#8243; row_reverse_tablet=\u00bb0&#8243; woodmart_disable_overflow=\u00bb0&#8243; css=\u00bb.vc_custom_1721735689012{margin-top: 50px !important;margin-bottom: 50px !important;}\u00bb][vc_column width=\u00bb1\/2&#8243;][vc_column_text woodmart_inline=\u00bbno\u00bb text_larger=\u00bbno\u00bb] Visualiza y planifica\" \/>\n<meta property=\"og:url\" content=\"https:\/\/www.rocatiles.com\/es\/3d\/\" \/>\n<meta property=\"og:site_name\" content=\"Roca Cer\u00e1mica\" \/>\n<meta property=\"article:modified_time\" content=\"2025-05-15T15:14:11+00:00\" \/>\n<meta name=\"twitter:card\" content=\"summary_large_image\" \/>\n<meta name=\"twitter:label1\" content=\"Tiempo de lectura\" \/>\n\t<meta name=\"twitter:data1\" content=\"2 minutos\" \/>\n<script type=\"application\/ld+json\" class=\"yoast-schema-graph\">{\"@context\":\"https:\/\/schema.org\",\"@graph\":[{\"@type\":\"WebSite\",\"@id\":\"https:\/\/www.rocatiles.com\/#website\",\"url\":\"https:\/\/www.rocatiles.com\/\",\"name\":\"Roca Cer\\u00e1mica\",\"description\":\"Pavimentos y revestimientos | Azulejos | Roca | ROCA Ba\\u00f1os\",\"potentialAction\":[{\"@type\":\"SearchAction\",\"target\":\"https:\/\/www.rocatiles.com\/?s={search_term_string}\",\"query-input\":\"required name=search_term_string\"}],\"inLanguage\":\"es\"},{\"@type\":\"WebPage\",\"@id\":\"https:\/\/www.rocatiles.com\/es\/3d\/#webpage\",\"url\":\"https:\/\/www.rocatiles.com\/es\/3d\/\",\"name\":\"3D - Roca Cer\\u00e1mica\",\"isPartOf\":{\"@id\":\"https:\/\/www.rocatiles.com\/#website\"},\"datePublished\":\"2023-05-05T09:08:05+00:00\",\"dateModified\":\"2025-05-15T15:14:11+00:00\",\"breadcrumb\":{\"@id\":\"https:\/\/www.rocatiles.com\/es\/3d\/#breadcrumb\"},\"inLanguage\":\"es\",\"potentialAction\":[{\"@type\":\"ReadAction\",\"target\":[\"https:\/\/www.rocatiles.com\/es\/3d\/\"]}]},{\"@type\":\"BreadcrumbList\",\"@id\":\"https:\/\/www.rocatiles.com\/es\/3d\/#breadcrumb\",\"itemListElement\":[{\"@type\":\"ListItem\",\"position\":1,\"item\":{\"@type\":\"WebPage\",\"@id\":\"https:\/\/www.rocatiles.com\/es\/\",\"url\":\"https:\/\/www.rocatiles.com\/es\/\",\"name\":\"Home\"}},{\"@type\":\"ListItem\",\"position\":2,\"item\":{\"@id\":\"https:\/\/www.rocatiles.com\/es\/3d\/#webpage\"}}]}]}<\/script>\n<!-- \/ Yoast SEO Premium plugin. -->","_links":{"self":[{"href":"https:\/\/www.rocatiles.com\/es\/wp-json\/wp\/v2\/pages\/99637"}],"collection":[{"href":"https:\/\/www.rocatiles.com\/es\/wp-json\/wp\/v2\/pages"}],"about":[{"href":"https:\/\/www.rocatiles.com\/es\/wp-json\/wp\/v2\/types\/page"}],"author":[{"embeddable":true,"href":"https:\/\/www.rocatiles.com\/es\/wp-json\/wp\/v2\/users\/10"}],"replies":[{"embeddable":true,"href":"https:\/\/www.rocatiles.com\/es\/wp-json\/wp\/v2\/comments?post=99637"}],"version-history":[{"count":47,"href":"https:\/\/www.rocatiles.com\/es\/wp-json\/wp\/v2\/pages\/99637\/revisions"}],"predecessor-version":[{"id":110420,"href":"https:\/\/www.rocatiles.com\/es\/wp-json\/wp\/v2\/pages\/99637\/revisions\/110420"}],"wp:attachment":[{"href":"https:\/\/www.rocatiles.com\/es\/wp-json\/wp\/v2\/media?parent=99637"}],"curies":[{"name":"wp","href":"https:\/\/api.w.org\/{rel}","templated":true}]}}