{"id":97937,"date":"2023-02-27T19:29:40","date_gmt":"2023-02-27T19:29:40","guid":{"rendered":"https:\/\/www.rocatiles.com\/productos\/marmore-parana-pulido-90x90r-FOJR1NF011\/"},"modified":"2023-02-27T19:30:49","modified_gmt":"2023-02-27T19:30:49","slug":"marmore-parana-pulido-90x90r-FOJR1NF011","status":"publish","type":"product","link":"https:\/\/www.rocatiles.com\/es\/productos\/marmore-parana-pulido-90x90r-FOJR1NF011\/","title":{"rendered":"Marmore Parana Pulido 90X90R"},"content":{"rendered":"","protected":false},"excerpt":{"rendered":"<p>M\u00e1rmore Paran\u00e1 M\u00e1rmoles FOJR1NF011<\/p>\n","protected":false},"featured_media":97938,"template":"","meta":[],"yoast_head":"<!-- This site is optimized with the Yoast SEO Premium plugin v16.4 (Yoast SEO v16.4) - https:\/\/yoast.com\/wordpress\/plugins\/seo\/ -->\n<title>Marmore Parana Pulido 90X90R | ROCATILES<\/title>\n<meta name=\"description\" content=\"Marmore Parana Pulido 90X90R, 90 x 90 cm, M\u00e1rmore Paran\u00e1, Bases, ROCATILES. FOJR1NF011\" \/>\n<meta name=\"robots\" content=\"index, follow, max-snippet:-1, max-image-preview:large, max-video-preview:-1\" \/>\n<link rel=\"canonical\" href=\"https:\/\/www.rocatiles.comproductos\/marmore-parana-pulido-90x90r-FOJR1NF011\/\" \/>\n<meta property=\"og:locale\" content=\"es_ES\" \/>\n<meta property=\"og:type\" content=\"article\" \/>\n<meta property=\"og:title\" content=\"Marmore Parana Pulido 90X90R | ROCATILES\" \/>\n<meta property=\"og:description\" content=\"Marmore Parana Pulido 90X90R, 90 x 90 cm, M\u00e1rmore Paran\u00e1, Bases, ROCATILES. FOJR1NF011\" \/>\n<meta property=\"og:url\" content=\"https:\/\/www.rocatiles.comproductos\/marmore-parana-pulido-90x90r-FOJR1NF011\/\" \/>\n<meta property=\"og:site_name\" content=\"Roca Cer\u00e1mica\" \/>\n<meta property=\"article:modified_time\" content=\"2023-02-27T19:30:49+00:00\" \/>\n<meta property=\"og:image\" content=\"https:\/\/www.rocatiles.com\/wp-content\/uploads\/2023\/02\/FOJR1NF011-1-scaled.jpg\" \/>\n\t<meta property=\"og:image:width\" content=\"2560\" \/>\n\t<meta property=\"og:image:height\" content=\"1810\" \/>\n<meta name=\"twitter:card\" content=\"summary_large_image\" \/>\n<script type=\"application\/ld+json\" class=\"yoast-schema-graph\">{\"@context\":\"https:\/\/schema.org\",\"@graph\":[{\"@type\":\"WebSite\",\"@id\":\"https:\/\/www.rocatiles.com\/#website\",\"url\":\"https:\/\/www.rocatiles.com\/\",\"name\":\"Roca Cer\\u00e1mica\",\"description\":\"Pavimentos y revestimientos | Azulejos | Roca | ROCA Ba\\u00f1os\",\"potentialAction\":[{\"@type\":\"SearchAction\",\"target\":\"https:\/\/www.rocatiles.com\/?s={search_term_string}\",\"query-input\":\"required name=search_term_string\"}],\"inLanguage\":\"es\"},{\"@type\":\"ImageObject\",\"@id\":\"https:\/\/www.rocatiles.comproductos\/marmore-parana-pulido-90x90r-FOJR1NF011\/#primaryimage\",\"inLanguage\":\"es\",\"url\":\"https:\/\/www.rocatiles.com\/wp-content\/uploads\/2023\/02\/FOJR1NF011-1-scaled.jpg\",\"contentUrl\":\"https:\/\/www.rocatiles.com\/wp-content\/uploads\/2023\/02\/FOJR1NF011-1-scaled.jpg\",\"width\":2560,\"height\":1810},{\"@type\":\"WebPage\",\"@id\":\"https:\/\/www.rocatiles.comproductos\/marmore-parana-pulido-90x90r-FOJR1NF011\/#webpage\",\"url\":\"https:\/\/www.rocatiles.comproductos\/marmore-parana-pulido-90x90r-FOJR1NF011\/\",\"name\":\"Marmore Parana Pulido 90X90R | ROCATILES\",\"isPartOf\":{\"@id\":\"https:\/\/www.rocatiles.com\/#website\"},\"primaryImageOfPage\":{\"@id\":\"https:\/\/www.rocatiles.comproductos\/marmore-parana-pulido-90x90r-FOJR1NF011\/#primaryimage\"},\"datePublished\":\"2023-02-27T19:29:40+00:00\",\"dateModified\":\"2023-02-27T19:30:49+00:00\",\"description\":\"Marmore Parana Pulido 90X90R, 90 x 90 cm, M\\u00e1rmore Paran\\u00e1, Bases, ROCATILES. FOJR1NF011\",\"breadcrumb\":{\"@id\":\"https:\/\/www.rocatiles.comproductos\/marmore-parana-pulido-90x90r-FOJR1NF011\/#breadcrumb\"},\"inLanguage\":\"es\",\"potentialAction\":[{\"@type\":\"ReadAction\",\"target\":[\"https:\/\/www.rocatiles.comproductos\/marmore-parana-pulido-90x90r-FOJR1NF011\/\"]}]},{\"@type\":\"BreadcrumbList\",\"@id\":\"https:\/\/www.rocatiles.comproductos\/marmore-parana-pulido-90x90r-FOJR1NF011\/#breadcrumb\",\"itemListElement\":[{\"@type\":\"ListItem\",\"position\":1,\"item\":{\"@type\":\"WebPage\",\"@id\":\"https:\/\/www.rocatiles.com\/es\/\",\"url\":\"https:\/\/www.rocatiles.com\/es\/\",\"name\":\"Home\"}},{\"@type\":\"ListItem\",\"position\":2,\"item\":{\"@type\":\"WebPage\",\"@id\":\"https:\/\/www.rocatiles.com?page_id=8\",\"url\":\"https:\/\/www.rocatiles.com?page_id=8\",\"name\":\"Shop\"}},{\"@type\":\"ListItem\",\"position\":3,\"item\":{\"@id\":\"https:\/\/www.rocatiles.comproductos\/marmore-parana-pulido-90x90r-FOJR1NF011\/#webpage\"}}]}]}<\/script>\n<!-- \/ Yoast SEO Premium plugin. -->","_links":{"self":[{"href":"https:\/\/www.rocatiles.com\/es\/wp-json\/wp\/v2\/product\/97937"}],"collection":[{"href":"https:\/\/www.rocatiles.com\/es\/wp-json\/wp\/v2\/product"}],"about":[{"href":"https:\/\/www.rocatiles.com\/es\/wp-json\/wp\/v2\/types\/product"}],"wp:featuredmedia":[{"embeddable":true,"href":"https:\/\/www.rocatiles.com\/es\/wp-json\/wp\/v2\/media\/97938"}],"wp:attachment":[{"href":"https:\/\/www.rocatiles.com\/es\/wp-json\/wp\/v2\/media?parent=97937"}],"curies":[{"name":"wp","href":"https:\/\/api.w.org\/{rel}","templated":true}]}}